{"id":82338,"date":"2022-04-11T22:25:40","date_gmt":"2022-04-11T22:25:40","guid":{"rendered":"https:\/\/mercadovivoagroecologia.cl\/wprod\/?post_type=product&#038;p=82338"},"modified":"2026-03-27T13:49:41","modified_gmt":"2026-03-27T13:49:41","slug":"sandilleja","status":"publish","type":"product","link":"https:\/\/mercadovivoagroecologia.cl\/wprod\/producto\/sandilleja\/","title":{"rendered":"Sandilleja"},"content":{"rendered":"<div class=\"cxmmr5t8 oygrvhab hcukyx3x c1et5uql o9v6fnle ii04i59q\">\n<div dir=\"auto\">Esta variedad es prima de la Sand\u00eda, se asemeja a una, pero en cuanto a sabor y textura es diferente, su pulpa es dura, tiene leve sabor a sand\u00eda, pero no dulzor.<\/div>\n<\/div>\n<div class=\"cxmmr5t8 oygrvhab hcukyx3x c1et5uql o9v6fnle ii04i59q\">\n<div dir=\"auto\">Su tama\u00f1o es muy grande, es r\u00fastica y necesita poca agua.<\/div>\n<\/div>\n<div class=\"cxmmr5t8 oygrvhab hcukyx3x c1et5uql o9v6fnle ii04i59q\">\n<div dir=\"auto\">Se usa para preparar dulces, mermeladas y jugos.<\/div>\n<\/div>\n<div class=\"cxmmr5t8 oygrvhab hcukyx3x c1et5uql o9v6fnle ii04i59q\">\n<div dir=\"auto\">Es una variedad muy antigua y era usada por los productores de Sand\u00edas, quienes las plantaban en los bordes de sus cultivos de Sand\u00edas, entonces cuando ciertas personas mal intencionadas iban a robar Sand\u00edas, siempre eleg\u00edan la m\u00e1s grande, que en este caso era la Sandilleja, luego se llevaban la sorpresa en su casa cuando la part\u00edan .<\/div>\n<\/div>\n<div class=\"cxmmr5t8 oygrvhab hcukyx3x c1et5uql o9v6fnle ii04i59q\">\n<div dir=\"auto\"><\/div>\n<\/div>\n","protected":false},"excerpt":{"rendered":"<p><strong>Nombre cient\u00edfico:<\/strong> Citrullus lanatus subsp.<\/p>\n<p><strong>Familia: <\/strong>Cucurbitaceae<\/p>\n<p><strong>Siembra: <\/strong>Primavera<\/p>\n<p><strong>Cantidad de semillas:<\/strong> 35 unidades por sobre.<\/p>\n","protected":false},"featured_media":82340,"comment_status":"open","ping_status":"closed","template":"","meta":[],"product_brand":[],"product_cat":[166],"product_tag":[],"class_list":{"0":"post-82338","1":"product","2":"type-product","3":"status-publish","4":"has-post-thumbnail","6":"product_cat-sandias","8":"first","9":"instock","10":"taxable","11":"shipping-taxable","12":"purchasable","13":"product-type-simple"},"jetpack_sharing_enabled":true,"_links":{"self":[{"href":"https:\/\/mercadovivoagroecologia.cl\/wprod\/wp-json\/wp\/v2\/product\/82338","targetHints":{"allow":["GET"]}}],"collection":[{"href":"https:\/\/mercadovivoagroecologia.cl\/wprod\/wp-json\/wp\/v2\/product"}],"about":[{"href":"https:\/\/mercadovivoagroecologia.cl\/wprod\/wp-json\/wp\/v2\/types\/product"}],"replies":[{"embeddable":true,"href":"https:\/\/mercadovivoagroecologia.cl\/wprod\/wp-json\/wp\/v2\/comments?post=82338"}],"version-history":[{"count":4,"href":"https:\/\/mercadovivoagroecologia.cl\/wprod\/wp-json\/wp\/v2\/product\/82338\/revisions"}],"predecessor-version":[{"id":98059,"href":"https:\/\/mercadovivoagroecologia.cl\/wprod\/wp-json\/wp\/v2\/product\/82338\/revisions\/98059"}],"wp:featuredmedia":[{"embeddable":true,"href":"https:\/\/mercadovivoagroecologia.cl\/wprod\/wp-json\/wp\/v2\/media\/82340"}],"wp:attachment":[{"href":"https:\/\/mercadovivoagroecologia.cl\/wprod\/wp-json\/wp\/v2\/media?parent=82338"}],"wp:term":[{"taxonomy":"product_brand","embeddable":true,"href":"https:\/\/mercadovivoagroecologia.cl\/wprod\/wp-json\/wp\/v2\/product_brand?post=82338"},{"taxonomy":"product_cat","embeddable":true,"href":"https:\/\/mercadovivoagroecologia.cl\/wprod\/wp-json\/wp\/v2\/product_cat?post=82338"},{"taxonomy":"product_tag","embeddable":true,"href":"https:\/\/mercadovivoagroecologia.cl\/wprod\/wp-json\/wp\/v2\/product_tag?post=82338"}],"curies":[{"name":"wp","href":"https:\/\/api.w.org\/{rel}","templated":true}]}}