{"id":82277,"date":"2022-04-09T21:08:18","date_gmt":"2022-04-09T21:08:18","guid":{"rendered":"https:\/\/mercadovivoagroecologia.cl\/wprod\/?post_type=product&#038;p=82277"},"modified":"2026-03-27T14:05:56","modified_gmt":"2026-03-27T14:05:56","slug":"tomatillo-violeta","status":"publish","type":"product","link":"https:\/\/mercadovivoagroecologia.cl\/wprod\/producto\/tomatillo-violeta\/","title":{"rendered":"Tomatillo Violeta"},"content":{"rendered":"<div class=\"kvgmc6g5 cxmmr5t8 oygrvhab hcukyx3x c1et5uql ii04i59q\">\n<div dir=\"auto\">Tambi\u00e9n llamado tomate de c\u00e1scara, tomate verde, miltomate, entre otros, es una planta anual, arbustiva de de tipo indeterminado, perteneciente a la familia de las solan\u00e1ceas.<\/div>\n<\/div>\n<div class=\"cxmmr5t8 oygrvhab hcukyx3x c1et5uql o9v6fnle ii04i59q\">\n<div dir=\"auto\">Es muy tradicional en la comida Mexicana para preparaci\u00f3n de guisados, moles y salsas picantes.<\/div>\n<div dir=\"auto\">Es ah\u00ed donde se conoce espec\u00edficamente como \u00abTomate verde\u00bb (el que se prepara frito).<\/div>\n<\/div>\n<div class=\"cxmmr5t8 oygrvhab hcukyx3x c1et5uql o9v6fnle ii04i59q\">\n<div dir=\"auto\">Como las dem\u00e1s especies del g\u00e9nero Physalis, el fruto se desarrolla dentro de una bolsa membranosa, el cu\u00e1l es el c\u00e1liz de la flor.<\/div>\n<\/div>\n<div class=\"cxmmr5t8 oygrvhab hcukyx3x c1et5uql o9v6fnle ii04i59q\">\n<div dir=\"auto\">Su sabor es complejo de describir, es una combinaci\u00f3n de dulzor, acidez, frutas y agrio.<\/div>\n<div dir=\"auto\">El tomatillo violeta tiende a tener sabor y aroma m\u00e1s fuerte que el blanco.<\/div>\n<\/div>\n<div class=\"cxmmr5t8 oygrvhab hcukyx3x c1et5uql o9v6fnle ii04i59q\">\n<div dir=\"auto\">Nuestras plantas de tomatillo fueron cultivadas en invernadero, son muy productivas, requieres tutores por el peso del fruto. En cuanto a tama\u00f1o, el fruto mide entre 5 a 6 cm de di\u00e1metro.<\/div>\n<\/div>\n","protected":false},"excerpt":{"rendered":"<p><strong>Nombre cient\u00edfico:<\/strong>\u00a0Physalis ixocarpa.<\/p>\n<p><strong>Familia:\u00a0<\/strong>Solan\u00e1ceas<\/p>\n<p><strong>Siembra:\u00a0<\/strong>Primavera<\/p>\n<p><strong>Cantidad de semillas:<\/strong>\u00a00.5 gr por sobre.<\/p>\n","protected":false},"featured_media":82274,"comment_status":"open","ping_status":"closed","template":"","meta":[],"product_brand":[],"product_cat":[183],"product_tag":[],"class_list":{"0":"post-82277","1":"product","2":"type-product","3":"status-publish","4":"has-post-thumbnail","6":"product_cat-otras-hortalizas","8":"first","9":"instock","10":"taxable","11":"shipping-taxable","12":"purchasable","13":"product-type-simple"},"jetpack_sharing_enabled":true,"_links":{"self":[{"href":"https:\/\/mercadovivoagroecologia.cl\/wprod\/wp-json\/wp\/v2\/product\/82277","targetHints":{"allow":["GET"]}}],"collection":[{"href":"https:\/\/mercadovivoagroecologia.cl\/wprod\/wp-json\/wp\/v2\/product"}],"about":[{"href":"https:\/\/mercadovivoagroecologia.cl\/wprod\/wp-json\/wp\/v2\/types\/product"}],"replies":[{"embeddable":true,"href":"https:\/\/mercadovivoagroecologia.cl\/wprod\/wp-json\/wp\/v2\/comments?post=82277"}],"version-history":[{"count":3,"href":"https:\/\/mercadovivoagroecologia.cl\/wprod\/wp-json\/wp\/v2\/product\/82277\/revisions"}],"predecessor-version":[{"id":98086,"href":"https:\/\/mercadovivoagroecologia.cl\/wprod\/wp-json\/wp\/v2\/product\/82277\/revisions\/98086"}],"wp:featuredmedia":[{"embeddable":true,"href":"https:\/\/mercadovivoagroecologia.cl\/wprod\/wp-json\/wp\/v2\/media\/82274"}],"wp:attachment":[{"href":"https:\/\/mercadovivoagroecologia.cl\/wprod\/wp-json\/wp\/v2\/media?parent=82277"}],"wp:term":[{"taxonomy":"product_brand","embeddable":true,"href":"https:\/\/mercadovivoagroecologia.cl\/wprod\/wp-json\/wp\/v2\/product_brand?post=82277"},{"taxonomy":"product_cat","embeddable":true,"href":"https:\/\/mercadovivoagroecologia.cl\/wprod\/wp-json\/wp\/v2\/product_cat?post=82277"},{"taxonomy":"product_tag","embeddable":true,"href":"https:\/\/mercadovivoagroecologia.cl\/wprod\/wp-json\/wp\/v2\/product_tag?post=82277"}],"curies":[{"name":"wp","href":"https:\/\/api.w.org\/{rel}","templated":true}]}}