{"id":82136,"date":"2022-04-06T22:17:04","date_gmt":"2022-04-06T22:17:04","guid":{"rendered":"https:\/\/mercadovivoagroecologia.cl\/wprod\/?post_type=product&#038;p=82136"},"modified":"2026-03-27T13:32:29","modified_gmt":"2026-03-27T13:32:29","slug":"lechuga-buttercrunch","status":"publish","type":"product","link":"https:\/\/mercadovivoagroecologia.cl\/wprod\/producto\/lechuga-buttercrunch\/","title":{"rendered":"Lechuga Buttercrunch"},"content":{"rendered":"<p>Tambi\u00e9n conocida como<em> \u00abLechuga Mantecosa\u00bb,<\/em> por su agradable sabor y textura.<\/p>\n<p>La lechuga es un cultivo sencillo, puede ser sembrado en alm\u00e1cigo o de manera directa a suelo, es de r\u00e1pida germinaci\u00f3n.<\/p>\n<p>Se adapta a cualquier tipo de suelo y crece sin problemas en invernadero y exteriores, resiste bien altas y bajas temperaturas.<\/p>\n<p>La lechuga se cosecha de 30 a 70 d\u00edas luego del trasplante.<\/p>\n","protected":false},"excerpt":{"rendered":"<p><strong>Nombre cient\u00edfico:\u00a0<\/strong>Lactuca sativa<\/p>\n<p><strong>Familia:\u00a0<\/strong>Asteraceae<\/p>\n<p><strong>Siembra:\u00a0<\/strong>Todo el a\u00f1o<\/p>\n<p><strong>Cantidad de semillas:<\/strong>\u00a00.5 gr por sobre<\/p>\n","protected":false},"featured_media":82137,"comment_status":"open","ping_status":"closed","template":"","meta":[],"product_brand":[],"product_cat":[169],"product_tag":[],"class_list":{"0":"post-82136","1":"product","2":"type-product","3":"status-publish","4":"has-post-thumbnail","6":"product_cat-lechugas","8":"first","9":"outofstock","10":"taxable","11":"shipping-taxable","12":"purchasable","13":"product-type-simple"},"jetpack_sharing_enabled":true,"_links":{"self":[{"href":"https:\/\/mercadovivoagroecologia.cl\/wprod\/wp-json\/wp\/v2\/product\/82136","targetHints":{"allow":["GET"]}}],"collection":[{"href":"https:\/\/mercadovivoagroecologia.cl\/wprod\/wp-json\/wp\/v2\/product"}],"about":[{"href":"https:\/\/mercadovivoagroecologia.cl\/wprod\/wp-json\/wp\/v2\/types\/product"}],"replies":[{"embeddable":true,"href":"https:\/\/mercadovivoagroecologia.cl\/wprod\/wp-json\/wp\/v2\/comments?post=82136"}],"version-history":[{"count":3,"href":"https:\/\/mercadovivoagroecologia.cl\/wprod\/wp-json\/wp\/v2\/product\/82136\/revisions"}],"predecessor-version":[{"id":97653,"href":"https:\/\/mercadovivoagroecologia.cl\/wprod\/wp-json\/wp\/v2\/product\/82136\/revisions\/97653"}],"wp:featuredmedia":[{"embeddable":true,"href":"https:\/\/mercadovivoagroecologia.cl\/wprod\/wp-json\/wp\/v2\/media\/82137"}],"wp:attachment":[{"href":"https:\/\/mercadovivoagroecologia.cl\/wprod\/wp-json\/wp\/v2\/media?parent=82136"}],"wp:term":[{"taxonomy":"product_brand","embeddable":true,"href":"https:\/\/mercadovivoagroecologia.cl\/wprod\/wp-json\/wp\/v2\/product_brand?post=82136"},{"taxonomy":"product_cat","embeddable":true,"href":"https:\/\/mercadovivoagroecologia.cl\/wprod\/wp-json\/wp\/v2\/product_cat?post=82136"},{"taxonomy":"product_tag","embeddable":true,"href":"https:\/\/mercadovivoagroecologia.cl\/wprod\/wp-json\/wp\/v2\/product_tag?post=82136"}],"curies":[{"name":"wp","href":"https:\/\/api.w.org\/{rel}","templated":true}]}}