{"id":82026,"date":"2022-04-03T18:54:49","date_gmt":"2022-04-03T18:54:49","guid":{"rendered":"https:\/\/mercadovivoagroecologia.cl\/wprod\/?post_type=product&#038;p=82026"},"modified":"2026-03-27T13:51:51","modified_gmt":"2026-03-27T13:51:51","slug":"oregano","status":"publish","type":"product","link":"https:\/\/mercadovivoagroecologia.cl\/wprod\/producto\/oregano\/","title":{"rendered":"Semillas de Or\u00e9gano"},"content":{"rendered":"<p>Hierba arom\u00e1tica, ampliamente usada como condimento y tambi\u00e9n como planta medicinal.<\/p>\n<p>La planta es perenne, puede llegar a crecer hasta 1 metro de altura, florece en primavera y se puede tener en el huerto todo el a\u00f1o, ya sea en interior o exterior. Esta se puede secar completa para ser usada como condimento para tus comidas.<\/p>\n<p>Se desarrolla bien en suelo bien drenados y con buna cantidad de materia org\u00e1nica.<\/p>\n<p>Produce peque\u00f1as flores, de donde se obtienen las semillas.<\/p>\n<p><em>Se recomienda sembrar las semillas lo m\u00e1s cercano a la superficie del suelo o bandeja almaciguera y tapar con una ligera capa de tierra o sustrato, ya que las semillas de hierbas medicinales, requieren suficiente luz solar para germinar. El riego debe ser por lluvia suave o aspersi\u00f3n.\u00a0<\/em><\/p>\n","protected":false},"excerpt":{"rendered":"<p><strong>Nombre Cient\u00edfico: <\/strong>Origanum vulgare<\/p>\n<p><strong>Familia:\u00a0<\/strong>Lamiaceae<\/p>\n<p><strong>Siembra: <\/strong>Primavera y Oto\u00f1o<\/p>\n<p><strong>Cantidad de semillas:\u00a0<\/strong>0,5 gr por sobre<\/p>\n","protected":false},"featured_media":82027,"comment_status":"open","ping_status":"closed","template":"","meta":[],"product_brand":[],"product_cat":[144],"product_tag":[],"class_list":{"0":"post-82026","1":"product","2":"type-product","3":"status-publish","4":"has-post-thumbnail","6":"product_cat-aromaticas-y-especias","8":"first","9":"outofstock","10":"taxable","11":"shipping-taxable","12":"purchasable","13":"product-type-simple"},"jetpack_sharing_enabled":true,"_links":{"self":[{"href":"https:\/\/mercadovivoagroecologia.cl\/wprod\/wp-json\/wp\/v2\/product\/82026","targetHints":{"allow":["GET"]}}],"collection":[{"href":"https:\/\/mercadovivoagroecologia.cl\/wprod\/wp-json\/wp\/v2\/product"}],"about":[{"href":"https:\/\/mercadovivoagroecologia.cl\/wprod\/wp-json\/wp\/v2\/types\/product"}],"replies":[{"embeddable":true,"href":"https:\/\/mercadovivoagroecologia.cl\/wprod\/wp-json\/wp\/v2\/comments?post=82026"}],"version-history":[{"count":6,"href":"https:\/\/mercadovivoagroecologia.cl\/wprod\/wp-json\/wp\/v2\/product\/82026\/revisions"}],"predecessor-version":[{"id":102761,"href":"https:\/\/mercadovivoagroecologia.cl\/wprod\/wp-json\/wp\/v2\/product\/82026\/revisions\/102761"}],"wp:featuredmedia":[{"embeddable":true,"href":"https:\/\/mercadovivoagroecologia.cl\/wprod\/wp-json\/wp\/v2\/media\/82027"}],"wp:attachment":[{"href":"https:\/\/mercadovivoagroecologia.cl\/wprod\/wp-json\/wp\/v2\/media?parent=82026"}],"wp:term":[{"taxonomy":"product_brand","embeddable":true,"href":"https:\/\/mercadovivoagroecologia.cl\/wprod\/wp-json\/wp\/v2\/product_brand?post=82026"},{"taxonomy":"product_cat","embeddable":true,"href":"https:\/\/mercadovivoagroecologia.cl\/wprod\/wp-json\/wp\/v2\/product_cat?post=82026"},{"taxonomy":"product_tag","embeddable":true,"href":"https:\/\/mercadovivoagroecologia.cl\/wprod\/wp-json\/wp\/v2\/product_tag?post=82026"}],"curies":[{"name":"wp","href":"https:\/\/api.w.org\/{rel}","templated":true}]}}