{"id":81492,"date":"2022-03-28T22:29:30","date_gmt":"2022-03-28T22:29:30","guid":{"rendered":"https:\/\/mercadovivoagroecologia.cl\/wprod\/?post_type=product&#038;p=81492"},"modified":"2026-03-27T13:54:20","modified_gmt":"2026-03-27T13:54:20","slug":"tomate-angolino","status":"publish","type":"product","link":"https:\/\/mercadovivoagroecologia.cl\/wprod\/producto\/tomate-angolino\/","title":{"rendered":"Tomate Angolino"},"content":{"rendered":"<p><strong><em>Variedad considerara \u201cPatrimonio Alimentario\u201d, con sello de origen.<\/em><\/strong><\/p>\n<p>Tomate producido en Angol, regi\u00f3n de la Araucan\u00eda, destaca de otras variedades de semillas tradicionales, debido a que tiene mayor concentraci\u00f3n de Licopeno, Polifenoles y actividad antioxidante, a lo que se atribuyen propiedades beneficiosas para la salud.<\/p>\n","protected":false},"excerpt":{"rendered":"<p><strong>Nombre cient\u00edfico:\u00a0<\/strong>Solanum lycopersicum<\/p>\n<p><strong>Familia:\u00a0<\/strong>Solanaceae<\/p>\n<p><strong>Temporada de siembra:<\/strong> Primavera<\/p>\n<p><strong>Cantidad:<\/strong>\u00a050 semillas por sobre<\/p>\n<p><strong><em>Variedad considerara \u201cPatrimonio Alimentario\u201d, con sello de origen.<\/em><\/strong><\/p>\n<p>&nbsp;<\/p>\n","protected":false},"featured_media":109898,"comment_status":"open","ping_status":"closed","template":"","meta":[],"product_brand":[],"product_cat":[103],"product_tag":[],"class_list":{"0":"post-81492","1":"product","2":"type-product","3":"status-publish","4":"has-post-thumbnail","6":"product_cat-tomates","8":"first","9":"instock","10":"taxable","11":"shipping-taxable","12":"purchasable","13":"product-type-simple"},"jetpack_sharing_enabled":true,"_links":{"self":[{"href":"https:\/\/mercadovivoagroecologia.cl\/wprod\/wp-json\/wp\/v2\/product\/81492","targetHints":{"allow":["GET"]}}],"collection":[{"href":"https:\/\/mercadovivoagroecologia.cl\/wprod\/wp-json\/wp\/v2\/product"}],"about":[{"href":"https:\/\/mercadovivoagroecologia.cl\/wprod\/wp-json\/wp\/v2\/types\/product"}],"replies":[{"embeddable":true,"href":"https:\/\/mercadovivoagroecologia.cl\/wprod\/wp-json\/wp\/v2\/comments?post=81492"}],"version-history":[{"count":5,"href":"https:\/\/mercadovivoagroecologia.cl\/wprod\/wp-json\/wp\/v2\/product\/81492\/revisions"}],"predecessor-version":[{"id":97894,"href":"https:\/\/mercadovivoagroecologia.cl\/wprod\/wp-json\/wp\/v2\/product\/81492\/revisions\/97894"}],"wp:featuredmedia":[{"embeddable":true,"href":"https:\/\/mercadovivoagroecologia.cl\/wprod\/wp-json\/wp\/v2\/media\/109898"}],"wp:attachment":[{"href":"https:\/\/mercadovivoagroecologia.cl\/wprod\/wp-json\/wp\/v2\/media?parent=81492"}],"wp:term":[{"taxonomy":"product_brand","embeddable":true,"href":"https:\/\/mercadovivoagroecologia.cl\/wprod\/wp-json\/wp\/v2\/product_brand?post=81492"},{"taxonomy":"product_cat","embeddable":true,"href":"https:\/\/mercadovivoagroecologia.cl\/wprod\/wp-json\/wp\/v2\/product_cat?post=81492"},{"taxonomy":"product_tag","embeddable":true,"href":"https:\/\/mercadovivoagroecologia.cl\/wprod\/wp-json\/wp\/v2\/product_tag?post=81492"}],"curies":[{"name":"wp","href":"https:\/\/api.w.org\/{rel}","templated":true}]}}