{"id":80808,"date":"2022-03-07T17:15:09","date_gmt":"2022-03-07T17:15:09","guid":{"rendered":"https:\/\/mercadovivoagroecologia.cl\/wprod\/?post_type=product&#038;p=80808"},"modified":"2026-03-31T14:18:15","modified_gmt":"2026-03-31T14:18:15","slug":"mostaza-baby-roja","status":"publish","type":"product","link":"https:\/\/mercadovivoagroecologia.cl\/wprod\/producto\/mostaza-baby-roja\/","title":{"rendered":"Mostaza Baby roja"},"content":{"rendered":"<p>Hortaliza de hojas dentadas, colores verdes y p\u00farpura, de tama\u00f1o peque\u00f1o, su crecimiento m\u00e1ximo es no mas de 10 cm, ideal para plantar en maceta o peque\u00f1os espacios.<\/p>\n<p>Es de crecimiento r\u00e1pido, de muy buen sabor, se recomienda comer cruda en ensalada, sola o como acompa\u00f1amiento.<\/p>\n","protected":false},"excerpt":{"rendered":"<p><strong>Nombre Cient\u00edfico:\u00a0<\/strong>Brassica rapa subsp. nipposinica<\/p>\n<p><strong>Familia:\u00a0<\/strong>Brassicaceae<\/p>\n<p><strong>Siembra:\u00a0<\/strong>Oto\u00f1o\/Invierno\/Primavera<\/p>\n<p><strong>Cantidad de semillas:\u00a0<\/strong>0,5 gr por sobre<\/p>\n","protected":false},"featured_media":80813,"comment_status":"open","ping_status":"closed","template":"","meta":[],"product_brand":[],"product_cat":[181],"product_tag":[],"class_list":{"0":"post-80808","1":"product","2":"type-product","3":"status-publish","4":"has-post-thumbnail","6":"product_cat-hortalizas-de-hoja","8":"first","9":"instock","10":"taxable","11":"shipping-taxable","12":"purchasable","13":"product-type-simple"},"jetpack_sharing_enabled":true,"_links":{"self":[{"href":"https:\/\/mercadovivoagroecologia.cl\/wprod\/wp-json\/wp\/v2\/product\/80808","targetHints":{"allow":["GET"]}}],"collection":[{"href":"https:\/\/mercadovivoagroecologia.cl\/wprod\/wp-json\/wp\/v2\/product"}],"about":[{"href":"https:\/\/mercadovivoagroecologia.cl\/wprod\/wp-json\/wp\/v2\/types\/product"}],"replies":[{"embeddable":true,"href":"https:\/\/mercadovivoagroecologia.cl\/wprod\/wp-json\/wp\/v2\/comments?post=80808"}],"version-history":[{"count":3,"href":"https:\/\/mercadovivoagroecologia.cl\/wprod\/wp-json\/wp\/v2\/product\/80808\/revisions"}],"predecessor-version":[{"id":97764,"href":"https:\/\/mercadovivoagroecologia.cl\/wprod\/wp-json\/wp\/v2\/product\/80808\/revisions\/97764"}],"wp:featuredmedia":[{"embeddable":true,"href":"https:\/\/mercadovivoagroecologia.cl\/wprod\/wp-json\/wp\/v2\/media\/80813"}],"wp:attachment":[{"href":"https:\/\/mercadovivoagroecologia.cl\/wprod\/wp-json\/wp\/v2\/media?parent=80808"}],"wp:term":[{"taxonomy":"product_brand","embeddable":true,"href":"https:\/\/mercadovivoagroecologia.cl\/wprod\/wp-json\/wp\/v2\/product_brand?post=80808"},{"taxonomy":"product_cat","embeddable":true,"href":"https:\/\/mercadovivoagroecologia.cl\/wprod\/wp-json\/wp\/v2\/product_cat?post=80808"},{"taxonomy":"product_tag","embeddable":true,"href":"https:\/\/mercadovivoagroecologia.cl\/wprod\/wp-json\/wp\/v2\/product_tag?post=80808"}],"curies":[{"name":"wp","href":"https:\/\/api.w.org\/{rel}","templated":true}]}}