{"id":80759,"date":"2022-03-07T15:31:06","date_gmt":"2022-03-07T15:31:06","guid":{"rendered":"https:\/\/mercadovivoagroecologia.cl\/wprod\/?post_type=product&#038;p=80759"},"modified":"2026-03-31T14:18:15","modified_gmt":"2026-03-31T14:18:15","slug":"rabano-lila","status":"publish","type":"product","link":"https:\/\/mercadovivoagroecologia.cl\/wprod\/producto\/rabano-lila\/","title":{"rendered":"R\u00e1bano Lila"},"content":{"rendered":"<p>Variedad color Lila, de crecimiento r\u00e1pido y de f\u00e1cil cultivo.<\/p>\n<p>El r\u00e1bano se adapta bien a diversos climas. Requiere suelos livianos.<\/p>\n<p>Se recomienda consumir fresco entre los 25 a 30 d\u00edas luego se sembrar, ya que luego se pondr\u00e1 amargo.<\/p>\n","protected":false},"excerpt":{"rendered":"<p><strong>Nombre Cient\u00edfico: <\/strong>Raphanus sativus<\/p>\n<p><strong>Familia: <\/strong>Brassicaceae<\/p>\n<p><strong>Siembra: <\/strong>Todo el a\u00f1o<\/p>\n<p><strong>Cantidad de semillas:\u00a0<\/strong>0,5 gr por sobre<\/p>\n","protected":false},"featured_media":97777,"comment_status":"open","ping_status":"closed","template":"","meta":[],"product_brand":[],"product_cat":[163],"product_tag":[],"class_list":{"0":"post-80759","1":"product","2":"type-product","3":"status-publish","4":"has-post-thumbnail","6":"product_cat-rabanos","8":"first","9":"instock","10":"taxable","11":"shipping-taxable","12":"purchasable","13":"product-type-simple"},"jetpack_sharing_enabled":true,"_links":{"self":[{"href":"https:\/\/mercadovivoagroecologia.cl\/wprod\/wp-json\/wp\/v2\/product\/80759","targetHints":{"allow":["GET"]}}],"collection":[{"href":"https:\/\/mercadovivoagroecologia.cl\/wprod\/wp-json\/wp\/v2\/product"}],"about":[{"href":"https:\/\/mercadovivoagroecologia.cl\/wprod\/wp-json\/wp\/v2\/types\/product"}],"replies":[{"embeddable":true,"href":"https:\/\/mercadovivoagroecologia.cl\/wprod\/wp-json\/wp\/v2\/comments?post=80759"}],"version-history":[{"count":5,"href":"https:\/\/mercadovivoagroecologia.cl\/wprod\/wp-json\/wp\/v2\/product\/80759\/revisions"}],"predecessor-version":[{"id":97801,"href":"https:\/\/mercadovivoagroecologia.cl\/wprod\/wp-json\/wp\/v2\/product\/80759\/revisions\/97801"}],"wp:featuredmedia":[{"embeddable":true,"href":"https:\/\/mercadovivoagroecologia.cl\/wprod\/wp-json\/wp\/v2\/media\/97777"}],"wp:attachment":[{"href":"https:\/\/mercadovivoagroecologia.cl\/wprod\/wp-json\/wp\/v2\/media?parent=80759"}],"wp:term":[{"taxonomy":"product_brand","embeddable":true,"href":"https:\/\/mercadovivoagroecologia.cl\/wprod\/wp-json\/wp\/v2\/product_brand?post=80759"},{"taxonomy":"product_cat","embeddable":true,"href":"https:\/\/mercadovivoagroecologia.cl\/wprod\/wp-json\/wp\/v2\/product_cat?post=80759"},{"taxonomy":"product_tag","embeddable":true,"href":"https:\/\/mercadovivoagroecologia.cl\/wprod\/wp-json\/wp\/v2\/product_tag?post=80759"}],"curies":[{"name":"wp","href":"https:\/\/api.w.org\/{rel}","templated":true}]}}