{"id":79043,"date":"2022-01-09T21:07:12","date_gmt":"2022-01-09T21:07:12","guid":{"rendered":"https:\/\/mercadovivoagroecologia.cl\/wprod\/?post_type=product&#038;p=79043"},"modified":"2025-04-15T03:44:18","modified_gmt":"2025-04-15T03:44:18","slug":"vermicomposteras","status":"publish","type":"product","link":"https:\/\/mercadovivoagroecologia.cl\/wprod\/producto\/vermicomposteras\/","title":{"rendered":"Vermicomposteras"},"content":{"rendered":"","protected":false},"excerpt":{"rendered":"<p>Vermicomposteras de 4 niveles, hechas con madera tratada para mayor duraci\u00f3n.<\/p>\n<p>Cada caj\u00f3n tiene manilla y malla met\u00e1lica.<\/p>\n<p>Adem\u00e1s cuenta con una tapa con 2 manillas de madera, y en el ultimo caj\u00f3n tiene llave para la extracci\u00f3n de l\u00edquidos.<\/p>\n<p>Las dimensiones son 40 x 60 x 50 cm.<\/p>\n","protected":false},"featured_media":79045,"comment_status":"open","ping_status":"closed","template":"","meta":[],"product_brand":[],"product_cat":[147],"product_tag":[],"class_list":{"0":"post-79043","1":"product","2":"type-product","3":"status-publish","4":"has-post-thumbnail","6":"product_cat-composteras-y-vermicomposteras","8":"first","9":"outofstock","10":"taxable","11":"shipping-taxable","12":"purchasable","13":"product-type-simple"},"jetpack_sharing_enabled":true,"_links":{"self":[{"href":"https:\/\/mercadovivoagroecologia.cl\/wprod\/wp-json\/wp\/v2\/product\/79043","targetHints":{"allow":["GET"]}}],"collection":[{"href":"https:\/\/mercadovivoagroecologia.cl\/wprod\/wp-json\/wp\/v2\/product"}],"about":[{"href":"https:\/\/mercadovivoagroecologia.cl\/wprod\/wp-json\/wp\/v2\/types\/product"}],"replies":[{"embeddable":true,"href":"https:\/\/mercadovivoagroecologia.cl\/wprod\/wp-json\/wp\/v2\/comments?post=79043"}],"version-history":[{"count":1,"href":"https:\/\/mercadovivoagroecologia.cl\/wprod\/wp-json\/wp\/v2\/product\/79043\/revisions"}],"predecessor-version":[{"id":79046,"href":"https:\/\/mercadovivoagroecologia.cl\/wprod\/wp-json\/wp\/v2\/product\/79043\/revisions\/79046"}],"wp:featuredmedia":[{"embeddable":true,"href":"https:\/\/mercadovivoagroecologia.cl\/wprod\/wp-json\/wp\/v2\/media\/79045"}],"wp:attachment":[{"href":"https:\/\/mercadovivoagroecologia.cl\/wprod\/wp-json\/wp\/v2\/media?parent=79043"}],"wp:term":[{"taxonomy":"product_brand","embeddable":true,"href":"https:\/\/mercadovivoagroecologia.cl\/wprod\/wp-json\/wp\/v2\/product_brand?post=79043"},{"taxonomy":"product_cat","embeddable":true,"href":"https:\/\/mercadovivoagroecologia.cl\/wprod\/wp-json\/wp\/v2\/product_cat?post=79043"},{"taxonomy":"product_tag","embeddable":true,"href":"https:\/\/mercadovivoagroecologia.cl\/wprod\/wp-json\/wp\/v2\/product_tag?post=79043"}],"curies":[{"name":"wp","href":"https:\/\/api.w.org\/{rel}","templated":true}]}}