{"id":77297,"date":"2021-11-03T15:32:44","date_gmt":"2021-11-03T15:32:44","guid":{"rendered":"https:\/\/mercadovivoagroecologia.cl\/wprod\/?post_type=product&#038;p=77297"},"modified":"2026-02-14T16:31:07","modified_gmt":"2026-02-14T16:31:07","slug":"hierba-de-la-plata","status":"publish","type":"product","link":"https:\/\/mercadovivoagroecologia.cl\/wprod\/producto\/hierba-de-la-plata\/","title":{"rendered":"Hierba de la Plata"},"content":{"rendered":"<p>Es antiinflamatorio y diur\u00e9tico.<\/p>\n<p>Elimina infecciones urinarias, cistitis, uretritis, problemas en la vejiga y pr\u00f3stata.<\/p>\n<p>Adem\u00e1s de afecciones del h\u00edgado, ri\u00f1\u00f3n y bazo. Contribuye a la eliminaci\u00f3n de l\u00edquidos.<\/p>\n","protected":false},"excerpt":{"rendered":"<p>Es antiinflamatorio y diur\u00e9tico. Elimina infecciones urinarias, cistitis, uretritis, problemas en la vejiga y pr\u00f3stata. Adem\u00e1s de afecciones del h\u00edgado, ri\u00f1\u00f3n y bazo. Contribuye a la eliminaci\u00f3n de l\u00edquidos.<\/p>\n","protected":false},"featured_media":77299,"comment_status":"open","ping_status":"closed","template":"","meta":[],"product_brand":[],"product_cat":[146],"product_tag":[],"class_list":{"0":"post-77297","1":"product","2":"type-product","3":"status-publish","4":"has-post-thumbnail","6":"product_cat-hierbas-secas","8":"first","9":"instock","10":"taxable","11":"shipping-taxable","12":"purchasable","13":"product-type-simple"},"jetpack_sharing_enabled":true,"_links":{"self":[{"href":"https:\/\/mercadovivoagroecologia.cl\/wprod\/wp-json\/wp\/v2\/product\/77297","targetHints":{"allow":["GET"]}}],"collection":[{"href":"https:\/\/mercadovivoagroecologia.cl\/wprod\/wp-json\/wp\/v2\/product"}],"about":[{"href":"https:\/\/mercadovivoagroecologia.cl\/wprod\/wp-json\/wp\/v2\/types\/product"}],"replies":[{"embeddable":true,"href":"https:\/\/mercadovivoagroecologia.cl\/wprod\/wp-json\/wp\/v2\/comments?post=77297"}],"version-history":[{"count":2,"href":"https:\/\/mercadovivoagroecologia.cl\/wprod\/wp-json\/wp\/v2\/product\/77297\/revisions"}],"predecessor-version":[{"id":77311,"href":"https:\/\/mercadovivoagroecologia.cl\/wprod\/wp-json\/wp\/v2\/product\/77297\/revisions\/77311"}],"wp:featuredmedia":[{"embeddable":true,"href":"https:\/\/mercadovivoagroecologia.cl\/wprod\/wp-json\/wp\/v2\/media\/77299"}],"wp:attachment":[{"href":"https:\/\/mercadovivoagroecologia.cl\/wprod\/wp-json\/wp\/v2\/media?parent=77297"}],"wp:term":[{"taxonomy":"product_brand","embeddable":true,"href":"https:\/\/mercadovivoagroecologia.cl\/wprod\/wp-json\/wp\/v2\/product_brand?post=77297"},{"taxonomy":"product_cat","embeddable":true,"href":"https:\/\/mercadovivoagroecologia.cl\/wprod\/wp-json\/wp\/v2\/product_cat?post=77297"},{"taxonomy":"product_tag","embeddable":true,"href":"https:\/\/mercadovivoagroecologia.cl\/wprod\/wp-json\/wp\/v2\/product_tag?post=77297"}],"curies":[{"name":"wp","href":"https:\/\/api.w.org\/{rel}","templated":true}]}}