{"id":77290,"date":"2021-11-03T15:27:29","date_gmt":"2021-11-03T15:27:29","guid":{"rendered":"https:\/\/mercadovivoagroecologia.cl\/wprod\/?post_type=product&#038;p=77290"},"modified":"2026-02-14T16:31:55","modified_gmt":"2026-02-14T16:31:55","slug":"hojas-de-olivo","status":"publish","type":"product","link":"https:\/\/mercadovivoagroecologia.cl\/wprod\/producto\/hojas-de-olivo\/","title":{"rendered":"Hojas de Olivo"},"content":{"rendered":"<p>Es bueno en casos de PRESI\u00d3N ARTERIAL ALTA &#8211; COLESTEROL &#8211; DIABETES &#8211; PARA EL HIGADO Y C\u00c1LCULOS BILIARES &#8211; para el estre\u00f1imiento &#8211; bajar la fiebre &#8211; tiene efecto antioxidante y anti-edad &#8211; combate resfr\u00edos, catarros y herpes &#8211; es diur\u00e9tico &#8211; gracias a sus Flavonoides y polifenoles ayuda en la prevenci\u00f3n del C\u00c1NCER.<\/p>\n","protected":false},"excerpt":{"rendered":"<p>Es bueno en casos de PRESI\u00d3N ARTERIAL ALTA &#8211; COLESTEROL &#8211; DIABETES &#8211; PARA EL HIGADO Y C\u00c1LCULOS BILIARES &#8211; para el estre\u00f1imiento &#8211; bajar la fiebre &#8211; tiene efecto antioxidante y anti-edad &#8211; combate&hellip;<\/p>\n","protected":false},"featured_media":77292,"comment_status":"open","ping_status":"closed","template":"","meta":[],"product_brand":[],"product_cat":[146],"product_tag":[],"class_list":{"0":"post-77290","1":"product","2":"type-product","3":"status-publish","4":"has-post-thumbnail","6":"product_cat-hierbas-secas","8":"first","9":"instock","10":"taxable","11":"shipping-taxable","12":"purchasable","13":"product-type-simple"},"jetpack_sharing_enabled":true,"_links":{"self":[{"href":"https:\/\/mercadovivoagroecologia.cl\/wprod\/wp-json\/wp\/v2\/product\/77290","targetHints":{"allow":["GET"]}}],"collection":[{"href":"https:\/\/mercadovivoagroecologia.cl\/wprod\/wp-json\/wp\/v2\/product"}],"about":[{"href":"https:\/\/mercadovivoagroecologia.cl\/wprod\/wp-json\/wp\/v2\/types\/product"}],"replies":[{"embeddable":true,"href":"https:\/\/mercadovivoagroecologia.cl\/wprod\/wp-json\/wp\/v2\/comments?post=77290"}],"version-history":[{"count":2,"href":"https:\/\/mercadovivoagroecologia.cl\/wprod\/wp-json\/wp\/v2\/product\/77290\/revisions"}],"predecessor-version":[{"id":77314,"href":"https:\/\/mercadovivoagroecologia.cl\/wprod\/wp-json\/wp\/v2\/product\/77290\/revisions\/77314"}],"wp:featuredmedia":[{"embeddable":true,"href":"https:\/\/mercadovivoagroecologia.cl\/wprod\/wp-json\/wp\/v2\/media\/77292"}],"wp:attachment":[{"href":"https:\/\/mercadovivoagroecologia.cl\/wprod\/wp-json\/wp\/v2\/media?parent=77290"}],"wp:term":[{"taxonomy":"product_brand","embeddable":true,"href":"https:\/\/mercadovivoagroecologia.cl\/wprod\/wp-json\/wp\/v2\/product_brand?post=77290"},{"taxonomy":"product_cat","embeddable":true,"href":"https:\/\/mercadovivoagroecologia.cl\/wprod\/wp-json\/wp\/v2\/product_cat?post=77290"},{"taxonomy":"product_tag","embeddable":true,"href":"https:\/\/mercadovivoagroecologia.cl\/wprod\/wp-json\/wp\/v2\/product_tag?post=77290"}],"curies":[{"name":"wp","href":"https:\/\/api.w.org\/{rel}","templated":true}]}}