{"id":77286,"date":"2021-11-03T15:24:32","date_gmt":"2021-11-03T15:24:32","guid":{"rendered":"https:\/\/mercadovivoagroecologia.cl\/wprod\/?post_type=product&#038;p=77286"},"modified":"2026-03-23T13:23:18","modified_gmt":"2026-03-23T13:23:18","slug":"pasiflora","status":"publish","type":"product","link":"https:\/\/mercadovivoagroecologia.cl\/wprod\/producto\/pasiflora\/","title":{"rendered":"Pasiflora"},"content":{"rendered":"<p>Es un poderoso CALMANTE, RELAJANTE e INDUCTOR DEL SUE\u00d1O, ayuda en los casos de estr\u00e9s, migra\u00f1a e insomnio. La pasiflora se utiliza tambi\u00e9n para las\u00a0convulsiones, el\u00a0asma, los\u00a0s\u00edntomas de la menopausia, el\u00a0trastorno por d\u00e9ficit de atenci\u00f3n e hiperactividad, nerviosismo y exitabilidad, palpitaciones, latidos cardiacos irregulares, presi\u00f3n arterial alta, fibromialgia y alivio de dolores.<\/p>\n","protected":false},"excerpt":{"rendered":"<p>Es un poderoso CALMANTE, RELAJANTE e INDUCTOR DEL SUE\u00d1O, ayuda en los casos de estr\u00e9s, migra\u00f1a e insomnio. La pasiflora se utiliza tambi\u00e9n para las\u00a0convulsiones, el\u00a0asma, los\u00a0s\u00edntomas de la menopausia, el\u00a0trastorno por d\u00e9ficit de atenci\u00f3n&hellip;<\/p>\n","protected":false},"featured_media":77287,"comment_status":"open","ping_status":"closed","template":"","meta":[],"product_brand":[],"product_cat":[146],"product_tag":[],"class_list":{"0":"post-77286","1":"product","2":"type-product","3":"status-publish","4":"has-post-thumbnail","6":"product_cat-hierbas-secas","8":"first","9":"instock","10":"taxable","11":"shipping-taxable","12":"purchasable","13":"product-type-simple"},"jetpack_sharing_enabled":true,"_links":{"self":[{"href":"https:\/\/mercadovivoagroecologia.cl\/wprod\/wp-json\/wp\/v2\/product\/77286","targetHints":{"allow":["GET"]}}],"collection":[{"href":"https:\/\/mercadovivoagroecologia.cl\/wprod\/wp-json\/wp\/v2\/product"}],"about":[{"href":"https:\/\/mercadovivoagroecologia.cl\/wprod\/wp-json\/wp\/v2\/types\/product"}],"replies":[{"embeddable":true,"href":"https:\/\/mercadovivoagroecologia.cl\/wprod\/wp-json\/wp\/v2\/comments?post=77286"}],"version-history":[{"count":2,"href":"https:\/\/mercadovivoagroecologia.cl\/wprod\/wp-json\/wp\/v2\/product\/77286\/revisions"}],"predecessor-version":[{"id":77315,"href":"https:\/\/mercadovivoagroecologia.cl\/wprod\/wp-json\/wp\/v2\/product\/77286\/revisions\/77315"}],"wp:featuredmedia":[{"embeddable":true,"href":"https:\/\/mercadovivoagroecologia.cl\/wprod\/wp-json\/wp\/v2\/media\/77287"}],"wp:attachment":[{"href":"https:\/\/mercadovivoagroecologia.cl\/wprod\/wp-json\/wp\/v2\/media?parent=77286"}],"wp:term":[{"taxonomy":"product_brand","embeddable":true,"href":"https:\/\/mercadovivoagroecologia.cl\/wprod\/wp-json\/wp\/v2\/product_brand?post=77286"},{"taxonomy":"product_cat","embeddable":true,"href":"https:\/\/mercadovivoagroecologia.cl\/wprod\/wp-json\/wp\/v2\/product_cat?post=77286"},{"taxonomy":"product_tag","embeddable":true,"href":"https:\/\/mercadovivoagroecologia.cl\/wprod\/wp-json\/wp\/v2\/product_tag?post=77286"}],"curies":[{"name":"wp","href":"https:\/\/api.w.org\/{rel}","templated":true}]}}