{"id":77281,"date":"2021-11-03T15:11:33","date_gmt":"2021-11-03T15:11:33","guid":{"rendered":"https:\/\/mercadovivoagroecologia.cl\/wprod\/?post_type=product&#038;p=77281"},"modified":"2026-03-20T11:06:10","modified_gmt":"2026-03-20T11:06:10","slug":"matico","status":"publish","type":"product","link":"https:\/\/mercadovivoagroecologia.cl\/wprod\/producto\/matico\/","title":{"rendered":"Matico"},"content":{"rendered":"<p>Ayuda a disolver los C\u00c1LCULOS RENALES, de la VES\u00cdCULA y a la cicatrizaci\u00f3n de las \u00daLCERAS. Las g\u00e1rgaras de la infusi\u00f3n ayudan a aliviar la amigdalitis. Es bueno para la DIGESTI\u00d3N y todo tipo de PROBLEMAS RESPIRATORIOS.<\/p>\n","protected":false},"excerpt":{"rendered":"<p>Ayuda a disolver los C\u00c1LCULOS RENALES, de la VES\u00cdCULA y a la cicatrizaci\u00f3n de las \u00daLCERAS. Las g\u00e1rgaras de la infusi\u00f3n ayudan a aliviar la amigdalitis. Es bueno para la DIGESTI\u00d3N y todo tipo de&hellip;<\/p>\n","protected":false},"featured_media":77283,"comment_status":"open","ping_status":"closed","template":"","meta":[],"product_brand":[],"product_cat":[146],"product_tag":[],"class_list":{"0":"post-77281","1":"product","2":"type-product","3":"status-publish","4":"has-post-thumbnail","6":"product_cat-hierbas-secas","8":"first","9":"instock","10":"taxable","11":"shipping-taxable","12":"purchasable","13":"product-type-simple"},"jetpack_sharing_enabled":true,"_links":{"self":[{"href":"https:\/\/mercadovivoagroecologia.cl\/wprod\/wp-json\/wp\/v2\/product\/77281","targetHints":{"allow":["GET"]}}],"collection":[{"href":"https:\/\/mercadovivoagroecologia.cl\/wprod\/wp-json\/wp\/v2\/product"}],"about":[{"href":"https:\/\/mercadovivoagroecologia.cl\/wprod\/wp-json\/wp\/v2\/types\/product"}],"replies":[{"embeddable":true,"href":"https:\/\/mercadovivoagroecologia.cl\/wprod\/wp-json\/wp\/v2\/comments?post=77281"}],"version-history":[{"count":2,"href":"https:\/\/mercadovivoagroecologia.cl\/wprod\/wp-json\/wp\/v2\/product\/77281\/revisions"}],"predecessor-version":[{"id":77317,"href":"https:\/\/mercadovivoagroecologia.cl\/wprod\/wp-json\/wp\/v2\/product\/77281\/revisions\/77317"}],"wp:featuredmedia":[{"embeddable":true,"href":"https:\/\/mercadovivoagroecologia.cl\/wprod\/wp-json\/wp\/v2\/media\/77283"}],"wp:attachment":[{"href":"https:\/\/mercadovivoagroecologia.cl\/wprod\/wp-json\/wp\/v2\/media?parent=77281"}],"wp:term":[{"taxonomy":"product_brand","embeddable":true,"href":"https:\/\/mercadovivoagroecologia.cl\/wprod\/wp-json\/wp\/v2\/product_brand?post=77281"},{"taxonomy":"product_cat","embeddable":true,"href":"https:\/\/mercadovivoagroecologia.cl\/wprod\/wp-json\/wp\/v2\/product_cat?post=77281"},{"taxonomy":"product_tag","embeddable":true,"href":"https:\/\/mercadovivoagroecologia.cl\/wprod\/wp-json\/wp\/v2\/product_tag?post=77281"}],"curies":[{"name":"wp","href":"https:\/\/api.w.org\/{rel}","templated":true}]}}