{"id":77264,"date":"2021-11-03T04:58:25","date_gmt":"2021-11-03T04:58:25","guid":{"rendered":"https:\/\/mercadovivoagroecologia.cl\/wprod\/?post_type=product&#038;p=77264"},"modified":"2026-02-14T16:32:35","modified_gmt":"2026-02-14T16:32:35","slug":"laurel","status":"publish","type":"product","link":"https:\/\/mercadovivoagroecologia.cl\/wprod\/producto\/laurel\/","title":{"rendered":"Laurel"},"content":{"rendered":"<p>Ayuda en casos de PROBLEMAS CIRCULATORIOS, GOTA, ENFERMEDADES HEP\u00c1TICAS y DIABETES. Desintoxica el p\u00e1ncreas. Facilita la digesti\u00f3n, evita la acidez y reduce los gases del conducto digestivo &#8211; trata la gripe, faringitis o bronquitis &#8211; es diur\u00e9tico &#8211; elimina \u00e1cido \u00farico &#8211; tiene propiedades antiinflamatorias.<\/p>\n","protected":false},"excerpt":{"rendered":"<p>Ayuda en casos de PROBLEMAS CIRCULATORIOS, GOTA, ENFERMEDADES HEP\u00c1TICAS y DIABETES. Desintoxica el p\u00e1ncreas. Facilita la digesti\u00f3n, evita la acidez y reduce los gases del conducto digestivo &#8211; trata la gripe, faringitis o bronquitis &#8211;&hellip;<\/p>\n","protected":false},"featured_media":77265,"comment_status":"open","ping_status":"closed","template":"","meta":[],"product_brand":[],"product_cat":[146],"product_tag":[],"class_list":{"0":"post-77264","1":"product","2":"type-product","3":"status-publish","4":"has-post-thumbnail","6":"product_cat-hierbas-secas","8":"first","9":"instock","10":"taxable","11":"shipping-taxable","12":"purchasable","13":"product-type-simple"},"jetpack_sharing_enabled":true,"_links":{"self":[{"href":"https:\/\/mercadovivoagroecologia.cl\/wprod\/wp-json\/wp\/v2\/product\/77264","targetHints":{"allow":["GET"]}}],"collection":[{"href":"https:\/\/mercadovivoagroecologia.cl\/wprod\/wp-json\/wp\/v2\/product"}],"about":[{"href":"https:\/\/mercadovivoagroecologia.cl\/wprod\/wp-json\/wp\/v2\/types\/product"}],"replies":[{"embeddable":true,"href":"https:\/\/mercadovivoagroecologia.cl\/wprod\/wp-json\/wp\/v2\/comments?post=77264"}],"version-history":[{"count":2,"href":"https:\/\/mercadovivoagroecologia.cl\/wprod\/wp-json\/wp\/v2\/product\/77264\/revisions"}],"predecessor-version":[{"id":77323,"href":"https:\/\/mercadovivoagroecologia.cl\/wprod\/wp-json\/wp\/v2\/product\/77264\/revisions\/77323"}],"wp:featuredmedia":[{"embeddable":true,"href":"https:\/\/mercadovivoagroecologia.cl\/wprod\/wp-json\/wp\/v2\/media\/77265"}],"wp:attachment":[{"href":"https:\/\/mercadovivoagroecologia.cl\/wprod\/wp-json\/wp\/v2\/media?parent=77264"}],"wp:term":[{"taxonomy":"product_brand","embeddable":true,"href":"https:\/\/mercadovivoagroecologia.cl\/wprod\/wp-json\/wp\/v2\/product_brand?post=77264"},{"taxonomy":"product_cat","embeddable":true,"href":"https:\/\/mercadovivoagroecologia.cl\/wprod\/wp-json\/wp\/v2\/product_cat?post=77264"},{"taxonomy":"product_tag","embeddable":true,"href":"https:\/\/mercadovivoagroecologia.cl\/wprod\/wp-json\/wp\/v2\/product_tag?post=77264"}],"curies":[{"name":"wp","href":"https:\/\/api.w.org\/{rel}","templated":true}]}}