{"id":77250,"date":"2021-11-03T04:47:44","date_gmt":"2021-11-03T04:47:44","guid":{"rendered":"https:\/\/mercadovivoagroecologia.cl\/wprod\/?post_type=product&#038;p=77250"},"modified":"2026-03-20T11:06:09","modified_gmt":"2026-03-20T11:06:09","slug":"artemisa","status":"publish","type":"product","link":"https:\/\/mercadovivoagroecologia.cl\/wprod\/producto\/artemisa\/","title":{"rendered":"Artemisa"},"content":{"rendered":"<p>Ayuda a la digesti\u00f3n &#8211; tiene propiedades antibacteriales y antiinflamatoria- desintoxica la sangre, los ri\u00f1ones, el h\u00edgado y elimina toxinas del organismo &#8211; es relajante y antiespasm\u00f3dico. Ayuda a tener un sue\u00f1o tranquilo.<\/p>\n","protected":false},"excerpt":{"rendered":"<p>Ayuda a la digesti\u00f3n &#8211; tiene propiedades antibacteriales y antiinflamatoria- desintoxica la sangre, los ri\u00f1ones, el h\u00edgado y elimina toxinas del organismo &#8211; es relajante y antiespasm\u00f3dico. Ayuda a tener un sue\u00f1o tranquilo.<\/p>\n","protected":false},"featured_media":77251,"comment_status":"open","ping_status":"closed","template":"","meta":[],"product_brand":[],"product_cat":[146],"product_tag":[],"class_list":{"0":"post-77250","1":"product","2":"type-product","3":"status-publish","4":"has-post-thumbnail","6":"product_cat-hierbas-secas","8":"first","9":"instock","10":"taxable","11":"shipping-taxable","12":"purchasable","13":"product-type-simple"},"jetpack_sharing_enabled":true,"_links":{"self":[{"href":"https:\/\/mercadovivoagroecologia.cl\/wprod\/wp-json\/wp\/v2\/product\/77250","targetHints":{"allow":["GET"]}}],"collection":[{"href":"https:\/\/mercadovivoagroecologia.cl\/wprod\/wp-json\/wp\/v2\/product"}],"about":[{"href":"https:\/\/mercadovivoagroecologia.cl\/wprod\/wp-json\/wp\/v2\/types\/product"}],"replies":[{"embeddable":true,"href":"https:\/\/mercadovivoagroecologia.cl\/wprod\/wp-json\/wp\/v2\/comments?post=77250"}],"version-history":[{"count":2,"href":"https:\/\/mercadovivoagroecologia.cl\/wprod\/wp-json\/wp\/v2\/product\/77250\/revisions"}],"predecessor-version":[{"id":77327,"href":"https:\/\/mercadovivoagroecologia.cl\/wprod\/wp-json\/wp\/v2\/product\/77250\/revisions\/77327"}],"wp:featuredmedia":[{"embeddable":true,"href":"https:\/\/mercadovivoagroecologia.cl\/wprod\/wp-json\/wp\/v2\/media\/77251"}],"wp:attachment":[{"href":"https:\/\/mercadovivoagroecologia.cl\/wprod\/wp-json\/wp\/v2\/media?parent=77250"}],"wp:term":[{"taxonomy":"product_brand","embeddable":true,"href":"https:\/\/mercadovivoagroecologia.cl\/wprod\/wp-json\/wp\/v2\/product_brand?post=77250"},{"taxonomy":"product_cat","embeddable":true,"href":"https:\/\/mercadovivoagroecologia.cl\/wprod\/wp-json\/wp\/v2\/product_cat?post=77250"},{"taxonomy":"product_tag","embeddable":true,"href":"https:\/\/mercadovivoagroecologia.cl\/wprod\/wp-json\/wp\/v2\/product_tag?post=77250"}],"curies":[{"name":"wp","href":"https:\/\/api.w.org\/{rel}","templated":true}]}}