{"id":77234,"date":"2021-11-03T04:30:22","date_gmt":"2021-11-03T04:30:22","guid":{"rendered":"https:\/\/mercadovivoagroecologia.cl\/wprod\/?post_type=product&#038;p=77234"},"modified":"2026-02-14T16:26:26","modified_gmt":"2026-02-14T16:26:26","slug":"alejandria","status":"publish","type":"product","link":"https:\/\/mercadovivoagroecologia.cl\/wprod\/producto\/alejandria\/","title":{"rendered":"Alejandr\u00eda"},"content":{"rendered":"<p>Se usa como LAXANTE y para problemas de estre\u00f1imiento. Contraindicaciones: No usar en obstrucci\u00f3n intestinal, enfermedad de Crohn, colitis ulcerosa, apendicitis, embarazo o lactancia, no ingerir menores de 12 a\u00f1os. No ingerir por mas de 2 semanas seguidas.<\/p>\n","protected":false},"excerpt":{"rendered":"<p>Se usa como LAXANTE y para problemas de estre\u00f1imiento. Contraindicaciones: No usar en obstrucci\u00f3n intestinal, enfermedad de Crohn, colitis ulcerosa, apendicitis, embarazo o lactancia, no ingerir menores de 12 a\u00f1os. No ingerir por mas de&hellip;<\/p>\n","protected":false},"featured_media":77235,"comment_status":"open","ping_status":"closed","template":"","meta":[],"product_brand":[],"product_cat":[146],"product_tag":[],"class_list":{"0":"post-77234","1":"product","2":"type-product","3":"status-publish","4":"has-post-thumbnail","6":"product_cat-hierbas-secas","8":"first","9":"instock","10":"taxable","11":"shipping-taxable","12":"purchasable","13":"product-type-simple"},"jetpack_sharing_enabled":true,"_links":{"self":[{"href":"https:\/\/mercadovivoagroecologia.cl\/wprod\/wp-json\/wp\/v2\/product\/77234","targetHints":{"allow":["GET"]}}],"collection":[{"href":"https:\/\/mercadovivoagroecologia.cl\/wprod\/wp-json\/wp\/v2\/product"}],"about":[{"href":"https:\/\/mercadovivoagroecologia.cl\/wprod\/wp-json\/wp\/v2\/types\/product"}],"replies":[{"embeddable":true,"href":"https:\/\/mercadovivoagroecologia.cl\/wprod\/wp-json\/wp\/v2\/comments?post=77234"}],"version-history":[{"count":2,"href":"https:\/\/mercadovivoagroecologia.cl\/wprod\/wp-json\/wp\/v2\/product\/77234\/revisions"}],"predecessor-version":[{"id":77330,"href":"https:\/\/mercadovivoagroecologia.cl\/wprod\/wp-json\/wp\/v2\/product\/77234\/revisions\/77330"}],"wp:featuredmedia":[{"embeddable":true,"href":"https:\/\/mercadovivoagroecologia.cl\/wprod\/wp-json\/wp\/v2\/media\/77235"}],"wp:attachment":[{"href":"https:\/\/mercadovivoagroecologia.cl\/wprod\/wp-json\/wp\/v2\/media?parent=77234"}],"wp:term":[{"taxonomy":"product_brand","embeddable":true,"href":"https:\/\/mercadovivoagroecologia.cl\/wprod\/wp-json\/wp\/v2\/product_brand?post=77234"},{"taxonomy":"product_cat","embeddable":true,"href":"https:\/\/mercadovivoagroecologia.cl\/wprod\/wp-json\/wp\/v2\/product_cat?post=77234"},{"taxonomy":"product_tag","embeddable":true,"href":"https:\/\/mercadovivoagroecologia.cl\/wprod\/wp-json\/wp\/v2\/product_tag?post=77234"}],"curies":[{"name":"wp","href":"https:\/\/api.w.org\/{rel}","templated":true}]}}