{"id":77228,"date":"2021-11-03T04:27:12","date_gmt":"2021-11-03T04:27:12","guid":{"rendered":"https:\/\/mercadovivoagroecologia.cl\/wprod\/?post_type=product&#038;p=77228"},"modified":"2026-03-25T15:48:30","modified_gmt":"2026-03-25T15:48:30","slug":"hierba-de-sen","status":"publish","type":"product","link":"https:\/\/mercadovivoagroecologia.cl\/wprod\/producto\/hierba-de-sen\/","title":{"rendered":"Hojas de Sen"},"content":{"rendered":"<p>Es LAXANTE y para problemas de estre\u00f1imiento. CONTRAINDICACIONES: Embarazo, lactancia, menstruaci\u00f3n, problemas estomacales, insuficiencia renal, card\u00edaca o hep\u00e1tica, \u00falcera estomacal, problemas urinarios.<\/p>\n<p>No recomendado para ni\u00f1os menores de 12 a\u00f1os.<\/p>\n","protected":false},"excerpt":{"rendered":"<p>Es LAXANTE y para problemas de estre\u00f1imiento. CONTRAINDICACIONES: Embarazo, lactancia, menstruaci\u00f3n, problemas estomacales, insuficiencia renal, card\u00edaca o hep\u00e1tica, \u00falcera estomacal, problemas urinarios. No recomendado para ni\u00f1os menores de 12 a\u00f1os.<\/p>\n","protected":false},"featured_media":77231,"comment_status":"open","ping_status":"closed","template":"","meta":[],"product_brand":[],"product_cat":[146],"product_tag":[],"class_list":{"0":"post-77228","1":"product","2":"type-product","3":"status-publish","4":"has-post-thumbnail","6":"product_cat-hierbas-secas","8":"first","9":"instock","10":"taxable","11":"shipping-taxable","12":"purchasable","13":"product-type-simple"},"jetpack_sharing_enabled":true,"_links":{"self":[{"href":"https:\/\/mercadovivoagroecologia.cl\/wprod\/wp-json\/wp\/v2\/product\/77228","targetHints":{"allow":["GET"]}}],"collection":[{"href":"https:\/\/mercadovivoagroecologia.cl\/wprod\/wp-json\/wp\/v2\/product"}],"about":[{"href":"https:\/\/mercadovivoagroecologia.cl\/wprod\/wp-json\/wp\/v2\/types\/product"}],"replies":[{"embeddable":true,"href":"https:\/\/mercadovivoagroecologia.cl\/wprod\/wp-json\/wp\/v2\/comments?post=77228"}],"version-history":[{"count":3,"href":"https:\/\/mercadovivoagroecologia.cl\/wprod\/wp-json\/wp\/v2\/product\/77228\/revisions"}],"predecessor-version":[{"id":77331,"href":"https:\/\/mercadovivoagroecologia.cl\/wprod\/wp-json\/wp\/v2\/product\/77228\/revisions\/77331"}],"wp:featuredmedia":[{"embeddable":true,"href":"https:\/\/mercadovivoagroecologia.cl\/wprod\/wp-json\/wp\/v2\/media\/77231"}],"wp:attachment":[{"href":"https:\/\/mercadovivoagroecologia.cl\/wprod\/wp-json\/wp\/v2\/media?parent=77228"}],"wp:term":[{"taxonomy":"product_brand","embeddable":true,"href":"https:\/\/mercadovivoagroecologia.cl\/wprod\/wp-json\/wp\/v2\/product_brand?post=77228"},{"taxonomy":"product_cat","embeddable":true,"href":"https:\/\/mercadovivoagroecologia.cl\/wprod\/wp-json\/wp\/v2\/product_cat?post=77228"},{"taxonomy":"product_tag","embeddable":true,"href":"https:\/\/mercadovivoagroecologia.cl\/wprod\/wp-json\/wp\/v2\/product_tag?post=77228"}],"curies":[{"name":"wp","href":"https:\/\/api.w.org\/{rel}","templated":true}]}}