{"id":76892,"date":"2021-11-02T16:06:02","date_gmt":"2021-11-02T16:06:02","guid":{"rendered":"https:\/\/mercadovivoagroecologia.cl\/wprod\/?post_type=product&#038;p=76892"},"modified":"2026-03-27T13:30:30","modified_gmt":"2026-03-27T13:30:30","slug":"gazania-mix","status":"publish","type":"product","link":"https:\/\/mercadovivoagroecologia.cl\/wprod\/producto\/gazania-mix\/","title":{"rendered":"Gazania colores variados"},"content":{"rendered":"<p>Es una planta perenne, que puede estar de 4 a 5 a\u00f1os en tu huerto.<\/p>\n<p>Florece principalmente en Primavera y finales de verano, aunque en climas muy c\u00e1lidos, puede dar flores todo el a\u00f1o.<\/p>\n<p>Es resistente a la sequ\u00eda, pero si queremos que de muchas flores, debemos regar de manera mas frecuente en verano.<\/p>\n<p>Existen muchos tipo de Gazania con diferentes colore de flores y de hojas.<\/p>\n<p>Para que la planta est\u00e9 sana y d\u00e9 mas flores, debemos podar regularmente las flores marchitas, en donde est\u00e1n las semillas.<\/p>\n","protected":false},"excerpt":{"rendered":"<p><strong>Nombre cientifico: <\/strong>Gazanea<\/p>\n<p><strong>Familia: <\/strong>Asteraceae<\/p>\n<p><strong>Siembra:\u00a0<\/strong>Primavera<\/p>\n<p><strong>Cantidad de semillas: <\/strong>0,5 gr por sobre<\/p>\n","protected":false},"featured_media":103461,"comment_status":"open","ping_status":"closed","template":"","meta":[],"product_brand":[],"product_cat":[108],"product_tag":[],"class_list":{"0":"post-76892","1":"product","2":"type-product","3":"status-publish","4":"has-post-thumbnail","6":"product_cat-flores-y-plantas-ornamentales","8":"first","9":"instock","10":"taxable","11":"shipping-taxable","12":"purchasable","13":"product-type-simple"},"jetpack_sharing_enabled":true,"_links":{"self":[{"href":"https:\/\/mercadovivoagroecologia.cl\/wprod\/wp-json\/wp\/v2\/product\/76892","targetHints":{"allow":["GET"]}}],"collection":[{"href":"https:\/\/mercadovivoagroecologia.cl\/wprod\/wp-json\/wp\/v2\/product"}],"about":[{"href":"https:\/\/mercadovivoagroecologia.cl\/wprod\/wp-json\/wp\/v2\/types\/product"}],"replies":[{"embeddable":true,"href":"https:\/\/mercadovivoagroecologia.cl\/wprod\/wp-json\/wp\/v2\/comments?post=76892"}],"version-history":[{"count":3,"href":"https:\/\/mercadovivoagroecologia.cl\/wprod\/wp-json\/wp\/v2\/product\/76892\/revisions"}],"predecessor-version":[{"id":102146,"href":"https:\/\/mercadovivoagroecologia.cl\/wprod\/wp-json\/wp\/v2\/product\/76892\/revisions\/102146"}],"wp:featuredmedia":[{"embeddable":true,"href":"https:\/\/mercadovivoagroecologia.cl\/wprod\/wp-json\/wp\/v2\/media\/103461"}],"wp:attachment":[{"href":"https:\/\/mercadovivoagroecologia.cl\/wprod\/wp-json\/wp\/v2\/media?parent=76892"}],"wp:term":[{"taxonomy":"product_brand","embeddable":true,"href":"https:\/\/mercadovivoagroecologia.cl\/wprod\/wp-json\/wp\/v2\/product_brand?post=76892"},{"taxonomy":"product_cat","embeddable":true,"href":"https:\/\/mercadovivoagroecologia.cl\/wprod\/wp-json\/wp\/v2\/product_cat?post=76892"},{"taxonomy":"product_tag","embeddable":true,"href":"https:\/\/mercadovivoagroecologia.cl\/wprod\/wp-json\/wp\/v2\/product_tag?post=76892"}],"curies":[{"name":"wp","href":"https:\/\/api.w.org\/{rel}","templated":true}]}}