{"id":4267,"date":"2021-06-26T00:10:33","date_gmt":"2021-06-26T00:10:33","guid":{"rendered":"https:\/\/mercadovivoagroecologia.cl\/wprod\/producto\/maiz-baby-rojo\/"},"modified":"2026-03-27T13:37:49","modified_gmt":"2026-03-27T13:37:49","slug":"maiz-baby-rojo","status":"publish","type":"product","link":"https:\/\/mercadovivoagroecologia.cl\/wprod\/producto\/maiz-baby-rojo\/","title":{"rendered":"Ma\u00edz Pichiwa Rojo"},"content":{"rendered":"<p><i>Ma\u00edz<\/i><em>\u00a0Pichiwa: del Mapudung\u00fan Pichi (peque\u00f1o), wa (ma\u00edz).<\/em><\/p>\n<p>Variedad de ciclo tard\u00edo, planta baja, mazorca mediana.<\/p>\n<p>Es ideal para preparar cabritas\u00a0<em>(ma\u00edz k\u00fcrawa)<\/em> y tambi\u00e9n se puede consumir solo o en preparaciones.<\/p>\n","protected":false},"excerpt":{"rendered":"<p><strong>Nombre Cient\u00edfico:<\/strong>\u00a0Zea mays<\/p>\n<p><strong>Familia:\u00a0<\/strong>Poacea<\/p>\n<p><strong>Siembra:\u00a0<\/strong>Primavera<\/p>\n<p><strong>Cantidad de semillas:<\/strong> 20 semillas por sobre.<\/p>\n","protected":false},"featured_media":82636,"comment_status":"open","ping_status":"closed","template":"","meta":[],"product_brand":[],"product_cat":[142],"product_tag":[],"class_list":{"0":"post-4267","1":"product","2":"type-product","3":"status-publish","4":"has-post-thumbnail","6":"product_cat-maices-semillas","8":"first","9":"outofstock","10":"taxable","11":"shipping-taxable","12":"purchasable","13":"product-type-simple"},"jetpack_sharing_enabled":true,"_links":{"self":[{"href":"https:\/\/mercadovivoagroecologia.cl\/wprod\/wp-json\/wp\/v2\/product\/4267","targetHints":{"allow":["GET"]}}],"collection":[{"href":"https:\/\/mercadovivoagroecologia.cl\/wprod\/wp-json\/wp\/v2\/product"}],"about":[{"href":"https:\/\/mercadovivoagroecologia.cl\/wprod\/wp-json\/wp\/v2\/types\/product"}],"replies":[{"embeddable":true,"href":"https:\/\/mercadovivoagroecologia.cl\/wprod\/wp-json\/wp\/v2\/comments?post=4267"}],"version-history":[{"count":4,"href":"https:\/\/mercadovivoagroecologia.cl\/wprod\/wp-json\/wp\/v2\/product\/4267\/revisions"}],"predecessor-version":[{"id":99361,"href":"https:\/\/mercadovivoagroecologia.cl\/wprod\/wp-json\/wp\/v2\/product\/4267\/revisions\/99361"}],"wp:featuredmedia":[{"embeddable":true,"href":"https:\/\/mercadovivoagroecologia.cl\/wprod\/wp-json\/wp\/v2\/media\/82636"}],"wp:attachment":[{"href":"https:\/\/mercadovivoagroecologia.cl\/wprod\/wp-json\/wp\/v2\/media?parent=4267"}],"wp:term":[{"taxonomy":"product_brand","embeddable":true,"href":"https:\/\/mercadovivoagroecologia.cl\/wprod\/wp-json\/wp\/v2\/product_brand?post=4267"},{"taxonomy":"product_cat","embeddable":true,"href":"https:\/\/mercadovivoagroecologia.cl\/wprod\/wp-json\/wp\/v2\/product_cat?post=4267"},{"taxonomy":"product_tag","embeddable":true,"href":"https:\/\/mercadovivoagroecologia.cl\/wprod\/wp-json\/wp\/v2\/product_tag?post=4267"}],"curies":[{"name":"wp","href":"https:\/\/api.w.org\/{rel}","templated":true}]}}