{"id":4261,"date":"2021-06-26T00:10:33","date_gmt":"2021-06-26T00:10:33","guid":{"rendered":"https:\/\/mercadovivoagroecologia.cl\/wprod\/producto\/girasol-hopi-tinte-negro\/"},"modified":"2026-03-27T13:30:31","modified_gmt":"2026-03-27T13:30:31","slug":"girasol-hopi-tinte-negro","status":"publish","type":"product","link":"https:\/\/mercadovivoagroecologia.cl\/wprod\/producto\/girasol-hopi-tinte-negro\/","title":{"rendered":"Girasol Hopi Tinte Negro (Tceqa&#8217; Qu&#8217; Si)"},"content":{"rendered":"<p>Esta variedad tambi\u00e9n conocida como Sunflower Hopi Black Dye,  tiene su nombre y principal caracter\u00edstica por el tinte negro que deja en las manos al tocar la semilla.<\/p>\n<p>Antiguamente los pueblos \u00abHopi\u00bb originarios de Norteam\u00e9rica, lo cultivaban y usaban su tinte para te\u00f1ir fibras de lana y cester\u00eda en tonos de azul, violeta, granate y negro.<\/p>\n<p>Tambi\u00e9n lo consideraban un alimento de excelencia para el guerrero.<\/p>\n<p>Estas plantas son muy grandes y frondosas, produciendo cabezas principales muy grandes, y m\u00faltiples flores peque\u00f1as en las ramas laterales. <\/p>\n","protected":false},"excerpt":{"rendered":"<p><strong>Nombre cient\u00edfico:<\/strong> Helianthus annuus macrocarpus<\/p>\n<p><strong>Familia: <\/strong> Asteraceae<\/p>\n<p><strong>Temporada de siembra: <\/strong> Primavera\/Verano<\/p>\n<p><strong>Cantidad de semillas: <\/strong> 25 por sobre<\/p>\n","protected":false},"featured_media":110720,"comment_status":"open","ping_status":"closed","template":"","meta":[],"product_brand":[],"product_cat":[170],"product_tag":[],"class_list":{"0":"post-4261","1":"product","2":"type-product","3":"status-publish","4":"has-post-thumbnail","6":"product_cat-girasoles","8":"first","9":"outofstock","10":"taxable","11":"shipping-taxable","12":"purchasable","13":"product-type-simple"},"jetpack_sharing_enabled":true,"_links":{"self":[{"href":"https:\/\/mercadovivoagroecologia.cl\/wprod\/wp-json\/wp\/v2\/product\/4261","targetHints":{"allow":["GET"]}}],"collection":[{"href":"https:\/\/mercadovivoagroecologia.cl\/wprod\/wp-json\/wp\/v2\/product"}],"about":[{"href":"https:\/\/mercadovivoagroecologia.cl\/wprod\/wp-json\/wp\/v2\/types\/product"}],"replies":[{"embeddable":true,"href":"https:\/\/mercadovivoagroecologia.cl\/wprod\/wp-json\/wp\/v2\/comments?post=4261"}],"version-history":[{"count":3,"href":"https:\/\/mercadovivoagroecologia.cl\/wprod\/wp-json\/wp\/v2\/product\/4261\/revisions"}],"predecessor-version":[{"id":110736,"href":"https:\/\/mercadovivoagroecologia.cl\/wprod\/wp-json\/wp\/v2\/product\/4261\/revisions\/110736"}],"wp:featuredmedia":[{"embeddable":true,"href":"https:\/\/mercadovivoagroecologia.cl\/wprod\/wp-json\/wp\/v2\/media\/110720"}],"wp:attachment":[{"href":"https:\/\/mercadovivoagroecologia.cl\/wprod\/wp-json\/wp\/v2\/media?parent=4261"}],"wp:term":[{"taxonomy":"product_brand","embeddable":true,"href":"https:\/\/mercadovivoagroecologia.cl\/wprod\/wp-json\/wp\/v2\/product_brand?post=4261"},{"taxonomy":"product_cat","embeddable":true,"href":"https:\/\/mercadovivoagroecologia.cl\/wprod\/wp-json\/wp\/v2\/product_cat?post=4261"},{"taxonomy":"product_tag","embeddable":true,"href":"https:\/\/mercadovivoagroecologia.cl\/wprod\/wp-json\/wp\/v2\/product_tag?post=4261"}],"curies":[{"name":"wp","href":"https:\/\/api.w.org\/{rel}","templated":true}]}}