{"id":2271,"date":"2021-04-30T00:24:17","date_gmt":"2021-04-30T00:24:17","guid":{"rendered":"https:\/\/mercadovivoagroecologia.cl\/wprod\/producto\/import-placeholder-for-264\/"},"modified":"2026-03-31T14:17:26","modified_gmt":"2026-03-31T14:17:26","slug":"pimiento-cuerno-de-toro-violeta","status":"publish","type":"product","link":"https:\/\/mercadovivoagroecologia.cl\/wprod\/producto\/pimiento-cuerno-de-toro-violeta\/","title":{"rendered":"Pimiento Cuerno de Toro Violeta"},"content":{"rendered":"<p>Aunque parezca aj\u00ed, una variedad de pimiento, ya que su sabor es dulce.<\/p>\n<p>Su color es un violeta oscuro. El fruto es nutritivo, ricos en vitamina C y A.<\/p>\n<p>Las plantas son medio\/altas, por lo que se recomienda poner\u00a0 tutores para que sujete a la planta y le ayude al crecimiento.<\/p>\n<p>Se puede cultivar en invernadero como tambi\u00e9n en exteriores.<\/p>\n<p>Los primeros frutos de pueden obtener entre los 70 y 90 d\u00edas desde que se plant\u00f3 la semilla, y se cosechan cuando tomar el color violeta intenso y toma un tama\u00f1o de unos 23 cm.<\/p>\n<p>&nbsp;<\/p>\n<p>&nbsp;<\/p>\n<p>&nbsp;<\/p>\n","protected":false},"excerpt":{"rendered":"<p><strong>Nombre Cient\u00edfico:<\/strong>\u00a0Capsicum annuum<\/p>\n<p><strong>Familia:\u00a0<\/strong>Solan\u00e1ceas<\/p>\n<p><strong>Temporada de siembra:\u00a0<\/strong>Primavera<\/p>\n<p><strong>Cantidad:<\/strong> 40 semillas por sobre<\/p>\n","protected":false},"featured_media":79657,"comment_status":"open","ping_status":"closed","template":"","meta":[],"product_brand":[],"product_cat":[171,109],"product_tag":[],"class_list":{"0":"post-2271","1":"product","2":"type-product","3":"status-publish","4":"has-post-thumbnail","6":"product_cat-pimientos","7":"product_cat-semillas-exclusivas","9":"first","10":"instock","11":"taxable","12":"shipping-taxable","13":"purchasable","14":"product-type-simple"},"jetpack_sharing_enabled":true,"_links":{"self":[{"href":"https:\/\/mercadovivoagroecologia.cl\/wprod\/wp-json\/wp\/v2\/product\/2271","targetHints":{"allow":["GET"]}}],"collection":[{"href":"https:\/\/mercadovivoagroecologia.cl\/wprod\/wp-json\/wp\/v2\/product"}],"about":[{"href":"https:\/\/mercadovivoagroecologia.cl\/wprod\/wp-json\/wp\/v2\/types\/product"}],"replies":[{"embeddable":true,"href":"https:\/\/mercadovivoagroecologia.cl\/wprod\/wp-json\/wp\/v2\/comments?post=2271"}],"version-history":[{"count":4,"href":"https:\/\/mercadovivoagroecologia.cl\/wprod\/wp-json\/wp\/v2\/product\/2271\/revisions"}],"predecessor-version":[{"id":98810,"href":"https:\/\/mercadovivoagroecologia.cl\/wprod\/wp-json\/wp\/v2\/product\/2271\/revisions\/98810"}],"wp:featuredmedia":[{"embeddable":true,"href":"https:\/\/mercadovivoagroecologia.cl\/wprod\/wp-json\/wp\/v2\/media\/79657"}],"wp:attachment":[{"href":"https:\/\/mercadovivoagroecologia.cl\/wprod\/wp-json\/wp\/v2\/media?parent=2271"}],"wp:term":[{"taxonomy":"product_brand","embeddable":true,"href":"https:\/\/mercadovivoagroecologia.cl\/wprod\/wp-json\/wp\/v2\/product_brand?post=2271"},{"taxonomy":"product_cat","embeddable":true,"href":"https:\/\/mercadovivoagroecologia.cl\/wprod\/wp-json\/wp\/v2\/product_cat?post=2271"},{"taxonomy":"product_tag","embeddable":true,"href":"https:\/\/mercadovivoagroecologia.cl\/wprod\/wp-json\/wp\/v2\/product_tag?post=2271"}],"curies":[{"name":"wp","href":"https:\/\/api.w.org\/{rel}","templated":true}]}}