{"id":2150,"date":"2021-04-30T00:24:10","date_gmt":"2021-04-30T00:24:10","guid":{"rendered":"https:\/\/mercadovivoagroecologia.cl\/wprod\/producto\/import-placeholder-for-203\/"},"modified":"2026-03-27T13:56:25","modified_gmt":"2026-03-27T13:56:25","slug":"tomate-cherry-chocolate","status":"publish","type":"product","link":"https:\/\/mercadovivoagroecologia.cl\/wprod\/producto\/tomate-cherry-chocolate\/","title":{"rendered":"Tomate Cherry Chocolate"},"content":{"rendered":"<p><em><strong>Heirloom Seeds <\/strong><\/em><\/p>\n<p>Variedad indeterminada, de maduraci\u00f3n temprana y rendimiento alto. Los frutos se desarrollan en forma de racimo. La planta es de tama\u00f1o medio, y requiere tutores, sujeci\u00f3n y poda. El fruto es de tama\u00f1o muy peque\u00f1o, de color rojo con tonalidades oscuras. Su sabor es dulce con toques afrutados.<\/p>\n<p>&nbsp;<\/p>\n","protected":false},"excerpt":{"rendered":"<p><strong>Nombre cient\u00edfico:\u00a0<\/strong>Solanum lycopersicum<\/p>\n<p><strong>Familia:\u00a0<\/strong>Solanaceae<\/p>\n<p><strong>Temporada de siembra:<\/strong>\u00a0Primavera<\/p>\n<p><strong>Cantidad:<\/strong> 50 semillas por sobre<\/p>\n","protected":false},"featured_media":107390,"comment_status":"open","ping_status":"closed","template":"","meta":[],"product_brand":[],"product_cat":[103],"product_tag":[],"class_list":{"0":"post-2150","1":"product","2":"type-product","3":"status-publish","4":"has-post-thumbnail","6":"product_cat-tomates","8":"first","9":"instock","10":"taxable","11":"shipping-taxable","12":"purchasable","13":"product-type-simple"},"jetpack_sharing_enabled":true,"_links":{"self":[{"href":"https:\/\/mercadovivoagroecologia.cl\/wprod\/wp-json\/wp\/v2\/product\/2150","targetHints":{"allow":["GET"]}}],"collection":[{"href":"https:\/\/mercadovivoagroecologia.cl\/wprod\/wp-json\/wp\/v2\/product"}],"about":[{"href":"https:\/\/mercadovivoagroecologia.cl\/wprod\/wp-json\/wp\/v2\/types\/product"}],"replies":[{"embeddable":true,"href":"https:\/\/mercadovivoagroecologia.cl\/wprod\/wp-json\/wp\/v2\/comments?post=2150"}],"version-history":[{"count":4,"href":"https:\/\/mercadovivoagroecologia.cl\/wprod\/wp-json\/wp\/v2\/product\/2150\/revisions"}],"predecessor-version":[{"id":99030,"href":"https:\/\/mercadovivoagroecologia.cl\/wprod\/wp-json\/wp\/v2\/product\/2150\/revisions\/99030"}],"wp:featuredmedia":[{"embeddable":true,"href":"https:\/\/mercadovivoagroecologia.cl\/wprod\/wp-json\/wp\/v2\/media\/107390"}],"wp:attachment":[{"href":"https:\/\/mercadovivoagroecologia.cl\/wprod\/wp-json\/wp\/v2\/media?parent=2150"}],"wp:term":[{"taxonomy":"product_brand","embeddable":true,"href":"https:\/\/mercadovivoagroecologia.cl\/wprod\/wp-json\/wp\/v2\/product_brand?post=2150"},{"taxonomy":"product_cat","embeddable":true,"href":"https:\/\/mercadovivoagroecologia.cl\/wprod\/wp-json\/wp\/v2\/product_cat?post=2150"},{"taxonomy":"product_tag","embeddable":true,"href":"https:\/\/mercadovivoagroecologia.cl\/wprod\/wp-json\/wp\/v2\/product_tag?post=2150"}],"curies":[{"name":"wp","href":"https:\/\/api.w.org\/{rel}","templated":true}]}}