{"id":2134,"date":"2021-04-30T00:24:09","date_gmt":"2021-04-30T00:24:09","guid":{"rendered":"https:\/\/mercadovivoagroecologia.cl\/wprod\/producto\/import-placeholder-for-187\/"},"modified":"2026-03-27T13:32:27","modified_gmt":"2026-03-27T13:32:27","slug":"jacaranda-arbol","status":"publish","type":"product","link":"https:\/\/mercadovivoagroecologia.cl\/wprod\/producto\/jacaranda-arbol\/","title":{"rendered":"Jacaranda (\u00e1rbol)"},"content":{"rendered":"<p>Es un \u00e1rbol originario de Am\u00e9rica del Sur, que se d\u00e1 bien en climas tropicales. Es de crecimiento r\u00e1pido y puede llegar a alcanzar hasta 20 metros de altura.<\/p>\n<p>Produce hermosas flores violetas en primavera y verano, es com\u00fan verlo en jardines y calles como \u00e1rbol ornamental.<\/p>\n<p>Tiene grandes y firmes ra\u00edces, lo cual, lo hace un \u00e1rbol, resistente a sequ\u00eda y vientos fuertes.<\/p>\n","protected":false},"excerpt":{"rendered":"<p><strong>Nombre Cient\u00edfico:<\/strong> Jacaranda mimosifolia<\/p>\n<p><strong>Familia:<\/strong><span class=\"LrzXr kno-fv wHYlTd z8gr9e\">Bignoniaceae<\/span><\/p>\n<p><strong>Siembra: <\/strong>Primavera y en climas c\u00e1lidos todo el a\u00f1o.<\/p>\n<p><strong>Cantidad de semillas: <\/strong>1 gr por sobre<\/p>\n","protected":false},"featured_media":102149,"comment_status":"open","ping_status":"closed","template":"","meta":[],"product_brand":[],"product_cat":[108],"product_tag":[],"class_list":{"0":"post-2134","1":"product","2":"type-product","3":"status-publish","4":"has-post-thumbnail","6":"product_cat-flores-y-plantas-ornamentales","8":"first","9":"outofstock","10":"taxable","11":"shipping-taxable","12":"purchasable","13":"product-type-simple"},"jetpack_sharing_enabled":true,"_links":{"self":[{"href":"https:\/\/mercadovivoagroecologia.cl\/wprod\/wp-json\/wp\/v2\/product\/2134","targetHints":{"allow":["GET"]}}],"collection":[{"href":"https:\/\/mercadovivoagroecologia.cl\/wprod\/wp-json\/wp\/v2\/product"}],"about":[{"href":"https:\/\/mercadovivoagroecologia.cl\/wprod\/wp-json\/wp\/v2\/types\/product"}],"replies":[{"embeddable":true,"href":"https:\/\/mercadovivoagroecologia.cl\/wprod\/wp-json\/wp\/v2\/comments?post=2134"}],"version-history":[{"count":4,"href":"https:\/\/mercadovivoagroecologia.cl\/wprod\/wp-json\/wp\/v2\/product\/2134\/revisions"}],"predecessor-version":[{"id":102662,"href":"https:\/\/mercadovivoagroecologia.cl\/wprod\/wp-json\/wp\/v2\/product\/2134\/revisions\/102662"}],"wp:featuredmedia":[{"embeddable":true,"href":"https:\/\/mercadovivoagroecologia.cl\/wprod\/wp-json\/wp\/v2\/media\/102149"}],"wp:attachment":[{"href":"https:\/\/mercadovivoagroecologia.cl\/wprod\/wp-json\/wp\/v2\/media?parent=2134"}],"wp:term":[{"taxonomy":"product_brand","embeddable":true,"href":"https:\/\/mercadovivoagroecologia.cl\/wprod\/wp-json\/wp\/v2\/product_brand?post=2134"},{"taxonomy":"product_cat","embeddable":true,"href":"https:\/\/mercadovivoagroecologia.cl\/wprod\/wp-json\/wp\/v2\/product_cat?post=2134"},{"taxonomy":"product_tag","embeddable":true,"href":"https:\/\/mercadovivoagroecologia.cl\/wprod\/wp-json\/wp\/v2\/product_tag?post=2134"}],"curies":[{"name":"wp","href":"https:\/\/api.w.org\/{rel}","templated":true}]}}