{"id":2129,"date":"2021-04-30T00:24:09","date_gmt":"2021-04-30T00:24:09","guid":{"rendered":"https:\/\/mercadovivoagroecologia.cl\/wprod\/producto\/import-placeholder-for-182\/"},"modified":"2026-03-27T13:49:43","modified_gmt":"2026-03-27T13:49:43","slug":"calendula-2","status":"publish","type":"product","link":"https:\/\/mercadovivoagroecologia.cl\/wprod\/producto\/calendula-2\/","title":{"rendered":"Semillas de Cal\u00e9ndula Naranja"},"content":{"rendered":"<p>Produce una hermosa flor color naranja intenso.<\/p>\n<p>La cal\u00e9ndula es un infaltable en tu huerto ya que cumple la funci\u00f3n de ser un corredor biol\u00f3gico y tambi\u00e9n tiene fines ornamentales.<\/p>\n<p>La cal\u00e9ndula es una planta resistente que puede estar todo el a\u00f1o en tu huerto. Para mantener una planta vigorosa, requiere podas cuando se note que tiene flores y ramas secas.<\/p>\n","protected":false},"excerpt":{"rendered":"<p><strong>Nombre cient\u00edfico:\u00a0<\/strong>Calendula officinalis<\/p>\n<p><strong>Familia:\u00a0<\/strong>Asteracea<\/p>\n<p><strong>Siembra:<\/strong>\u00a0Siembra directa (Todo el a\u00f1o) \/ Alm\u00e1cigos (primavera).<\/p>\n<p><strong>Cantidad:<\/strong> 1 gr por sobre<\/p>\n","protected":false},"featured_media":102224,"comment_status":"open","ping_status":"closed","template":"","meta":[],"product_brand":[],"product_cat":[108],"product_tag":[],"class_list":{"0":"post-2129","1":"product","2":"type-product","3":"status-publish","4":"has-post-thumbnail","6":"product_cat-flores-y-plantas-ornamentales","8":"first","9":"instock","10":"taxable","11":"shipping-taxable","12":"purchasable","13":"product-type-simple"},"jetpack_sharing_enabled":true,"_links":{"self":[{"href":"https:\/\/mercadovivoagroecologia.cl\/wprod\/wp-json\/wp\/v2\/product\/2129","targetHints":{"allow":["GET"]}}],"collection":[{"href":"https:\/\/mercadovivoagroecologia.cl\/wprod\/wp-json\/wp\/v2\/product"}],"about":[{"href":"https:\/\/mercadovivoagroecologia.cl\/wprod\/wp-json\/wp\/v2\/types\/product"}],"replies":[{"embeddable":true,"href":"https:\/\/mercadovivoagroecologia.cl\/wprod\/wp-json\/wp\/v2\/comments?post=2129"}],"version-history":[{"count":3,"href":"https:\/\/mercadovivoagroecologia.cl\/wprod\/wp-json\/wp\/v2\/product\/2129\/revisions"}],"predecessor-version":[{"id":97041,"href":"https:\/\/mercadovivoagroecologia.cl\/wprod\/wp-json\/wp\/v2\/product\/2129\/revisions\/97041"}],"wp:featuredmedia":[{"embeddable":true,"href":"https:\/\/mercadovivoagroecologia.cl\/wprod\/wp-json\/wp\/v2\/media\/102224"}],"wp:attachment":[{"href":"https:\/\/mercadovivoagroecologia.cl\/wprod\/wp-json\/wp\/v2\/media?parent=2129"}],"wp:term":[{"taxonomy":"product_brand","embeddable":true,"href":"https:\/\/mercadovivoagroecologia.cl\/wprod\/wp-json\/wp\/v2\/product_brand?post=2129"},{"taxonomy":"product_cat","embeddable":true,"href":"https:\/\/mercadovivoagroecologia.cl\/wprod\/wp-json\/wp\/v2\/product_cat?post=2129"},{"taxonomy":"product_tag","embeddable":true,"href":"https:\/\/mercadovivoagroecologia.cl\/wprod\/wp-json\/wp\/v2\/product_tag?post=2129"}],"curies":[{"name":"wp","href":"https:\/\/api.w.org\/{rel}","templated":true}]}}