{"id":2097,"date":"2021-04-30T00:24:07","date_gmt":"2021-04-30T00:24:07","guid":{"rendered":"https:\/\/mercadovivoagroecologia.cl\/wprod\/producto\/import-placeholder-for-179\/"},"modified":"2026-03-27T13:54:18","modified_gmt":"2026-03-27T13:54:18","slug":"verdolaga","status":"publish","type":"product","link":"https:\/\/mercadovivoagroecologia.cl\/wprod\/producto\/verdolaga\/","title":{"rendered":"Semillas de Verdolaga"},"content":{"rendered":"<p>Es una planta silvestre, muy com\u00fan en algunos lugares y suele auto sembrarse y volver a salir todos los a\u00f1os.<\/p>\n<p>Tiene usos culinarios y medicinales.<\/p>\n<p>Se usan todas las partes de la planta.<\/p>\n<p>Se puede consumir cruda o cocida, a\u00f1adi\u00e9ndola a ensaladas, sopas, guisos, salteados o como guarnici\u00f3n.<\/p>\n<p>Es muy buena fuente de vitamina C y Omega-3.<\/p>\n<p>Su cultivo es muy sencillo, se puede sembrar de manera directa o alm\u00e1cigo. Se recomienda sembrar al voleo, tapando las semillas con una capa muy leve de tierra.<\/p>\n<p>Crece bien a pleno sol, necesita poca agua y en general requiere muy pocos cuidados.<\/p>\n","protected":false},"excerpt":{"rendered":"<p><strong>Nombre Cient\u00edfico:<\/strong> Portulaca oleracea<\/p>\n<p><strong>Familia:<\/strong> Portulacaceae<\/p>\n<p><strong>Siembra:<\/strong> Oto\u00f1o y Primavera<\/p>\n<p><strong>Cantidad:<\/strong> 0,5 gr por sobre<\/p>\n","protected":false},"featured_media":102287,"comment_status":"open","ping_status":"closed","template":"","meta":[],"product_brand":[],"product_cat":[144],"product_tag":[],"class_list":{"0":"post-2097","1":"product","2":"type-product","3":"status-publish","4":"has-post-thumbnail","6":"product_cat-aromaticas-y-especias","8":"first","9":"instock","10":"taxable","11":"shipping-taxable","12":"purchasable","13":"product-type-simple"},"jetpack_sharing_enabled":true,"_links":{"self":[{"href":"https:\/\/mercadovivoagroecologia.cl\/wprod\/wp-json\/wp\/v2\/product\/2097","targetHints":{"allow":["GET"]}}],"collection":[{"href":"https:\/\/mercadovivoagroecologia.cl\/wprod\/wp-json\/wp\/v2\/product"}],"about":[{"href":"https:\/\/mercadovivoagroecologia.cl\/wprod\/wp-json\/wp\/v2\/types\/product"}],"replies":[{"embeddable":true,"href":"https:\/\/mercadovivoagroecologia.cl\/wprod\/wp-json\/wp\/v2\/comments?post=2097"}],"version-history":[{"count":4,"href":"https:\/\/mercadovivoagroecologia.cl\/wprod\/wp-json\/wp\/v2\/product\/2097\/revisions"}],"predecessor-version":[{"id":110818,"href":"https:\/\/mercadovivoagroecologia.cl\/wprod\/wp-json\/wp\/v2\/product\/2097\/revisions\/110818"}],"wp:featuredmedia":[{"embeddable":true,"href":"https:\/\/mercadovivoagroecologia.cl\/wprod\/wp-json\/wp\/v2\/media\/102287"}],"wp:attachment":[{"href":"https:\/\/mercadovivoagroecologia.cl\/wprod\/wp-json\/wp\/v2\/media?parent=2097"}],"wp:term":[{"taxonomy":"product_brand","embeddable":true,"href":"https:\/\/mercadovivoagroecologia.cl\/wprod\/wp-json\/wp\/v2\/product_brand?post=2097"},{"taxonomy":"product_cat","embeddable":true,"href":"https:\/\/mercadovivoagroecologia.cl\/wprod\/wp-json\/wp\/v2\/product_cat?post=2097"},{"taxonomy":"product_tag","embeddable":true,"href":"https:\/\/mercadovivoagroecologia.cl\/wprod\/wp-json\/wp\/v2\/product_tag?post=2097"}],"curies":[{"name":"wp","href":"https:\/\/api.w.org\/{rel}","templated":true}]}}