{"id":1973,"date":"2021-04-30T00:23:59","date_gmt":"2021-04-30T00:23:59","guid":{"rendered":"https:\/\/mercadovivoagroecologia.cl\/wprod\/producto\/import-placeholder-for-115\/"},"modified":"2026-03-29T00:22:30","modified_gmt":"2026-03-29T00:22:30","slug":"lupino-o-altramuz","status":"publish","type":"product","link":"https:\/\/mercadovivoagroecologia.cl\/wprod\/producto\/lupino-o-altramuz\/","title":{"rendered":"Lupino o Altramuz"},"content":{"rendered":"<p>Es una leguminosa que se usa principalmente para alimentar ganado.<\/p>\n<p>Es un grano amargo, el cual puede ser consumido por el ser humano, y se le puede quitar el amargor tras un remojo con sal de por lo menos una hora.<\/p>\n<p>Este grano no es t\u00f3xico en comparaci\u00f3n a la planta almorta\u00bb (<i>Lathyrus sativus).<\/i><\/p>\n<p>La planta es resistente y tolera bien el fr\u00edo, puede crecer el suelos poco f\u00e9rtiles, y es muy sensible a suelos con PH alto. Adem\u00e1s necesita suelos bien drenados, ya que suelen podrirse las ra\u00edces.<\/p>\n","protected":false},"excerpt":{"rendered":"<p><strong>Nombre Cient\u00edfico:<\/strong> Lupinus albus<\/p>\n<p><strong>Familia:<\/strong> Fabaceae<\/p>\n<p><strong>Siembra:<\/strong> Oto\u00f1o \/ Invierno<\/p>\n<p><strong>Cantidad:<\/strong>\u00a025 semillas por sobre.<\/p>\n","protected":false},"featured_media":103217,"comment_status":"open","ping_status":"closed","template":"","meta":[],"product_brand":[],"product_cat":[104],"product_tag":[],"class_list":{"0":"post-1973","1":"product","2":"type-product","3":"status-publish","4":"has-post-thumbnail","6":"product_cat-legumbres","8":"first","9":"outofstock","10":"taxable","11":"shipping-taxable","12":"purchasable","13":"product-type-simple"},"jetpack_sharing_enabled":true,"_links":{"self":[{"href":"https:\/\/mercadovivoagroecologia.cl\/wprod\/wp-json\/wp\/v2\/product\/1973","targetHints":{"allow":["GET"]}}],"collection":[{"href":"https:\/\/mercadovivoagroecologia.cl\/wprod\/wp-json\/wp\/v2\/product"}],"about":[{"href":"https:\/\/mercadovivoagroecologia.cl\/wprod\/wp-json\/wp\/v2\/types\/product"}],"replies":[{"embeddable":true,"href":"https:\/\/mercadovivoagroecologia.cl\/wprod\/wp-json\/wp\/v2\/comments?post=1973"}],"version-history":[{"count":4,"href":"https:\/\/mercadovivoagroecologia.cl\/wprod\/wp-json\/wp\/v2\/product\/1973\/revisions"}],"predecessor-version":[{"id":103223,"href":"https:\/\/mercadovivoagroecologia.cl\/wprod\/wp-json\/wp\/v2\/product\/1973\/revisions\/103223"}],"wp:featuredmedia":[{"embeddable":true,"href":"https:\/\/mercadovivoagroecologia.cl\/wprod\/wp-json\/wp\/v2\/media\/103217"}],"wp:attachment":[{"href":"https:\/\/mercadovivoagroecologia.cl\/wprod\/wp-json\/wp\/v2\/media?parent=1973"}],"wp:term":[{"taxonomy":"product_brand","embeddable":true,"href":"https:\/\/mercadovivoagroecologia.cl\/wprod\/wp-json\/wp\/v2\/product_brand?post=1973"},{"taxonomy":"product_cat","embeddable":true,"href":"https:\/\/mercadovivoagroecologia.cl\/wprod\/wp-json\/wp\/v2\/product_cat?post=1973"},{"taxonomy":"product_tag","embeddable":true,"href":"https:\/\/mercadovivoagroecologia.cl\/wprod\/wp-json\/wp\/v2\/product_tag?post=1973"}],"curies":[{"name":"wp","href":"https:\/\/api.w.org\/{rel}","templated":true}]}}