{"id":1968,"date":"2021-04-30T00:23:58","date_gmt":"2021-04-30T00:23:58","guid":{"rendered":"https:\/\/mercadovivoagroecologia.cl\/wprod\/producto\/import-placeholder-for-110\/"},"modified":"2026-03-27T13:25:24","modified_gmt":"2026-03-27T13:25:24","slug":"arveja-comun","status":"publish","type":"product","link":"https:\/\/mercadovivoagroecologia.cl\/wprod\/producto\/arveja-comun\/","title":{"rendered":"Arvej\u00f3n dulce"},"content":{"rendered":"<p>Es una cultivo precoz, con un ciclo de crecimiento de 70 a 80 d\u00edas. La planta es compacta, de buena productividad, su vaina desarrolla hasta 10 granos, los cuales se pueden comer en verde o seco.<\/p>\n<p><em>El cultivo de arvejas se recomienda hacer a trav\u00e9s de siembra directa, aunque tambi\u00e9n se da bien de alm\u00e1cigo. Se planta en exterior y puede soportar bajas temperaturas.<\/em><\/p>\n<p><em>La distancia de siembra entre plantas es de 15 a 20 cm.\u00a0<\/em><\/p>\n<p><strong><em>La semilla se entrega con tierra de diatomeas en su superficie para protegerla de plagas.<\/em><\/strong><\/p>\n","protected":false},"excerpt":{"rendered":"<p><strong>Nombre Cient\u00edfico:<\/strong>\u00a0Pisum sativum<\/p>\n<p><strong>Familia:<\/strong>\u00a0Fabaceae<\/p>\n<p><strong>Siembra:<\/strong>\u00a0Oto\u00f1o\/Invierno.<\/p>\n<p><strong>Cantidad de semillas:<\/strong> 50 por sobre aprox.<\/p>\n","protected":false},"featured_media":103210,"comment_status":"open","ping_status":"closed","template":"","meta":[],"product_brand":[],"product_cat":[104],"product_tag":[],"class_list":{"0":"post-1968","1":"product","2":"type-product","3":"status-publish","4":"has-post-thumbnail","6":"product_cat-legumbres","8":"first","9":"outofstock","10":"taxable","11":"shipping-taxable","12":"purchasable","13":"product-type-simple"},"jetpack_sharing_enabled":true,"_links":{"self":[{"href":"https:\/\/mercadovivoagroecologia.cl\/wprod\/wp-json\/wp\/v2\/product\/1968","targetHints":{"allow":["GET"]}}],"collection":[{"href":"https:\/\/mercadovivoagroecologia.cl\/wprod\/wp-json\/wp\/v2\/product"}],"about":[{"href":"https:\/\/mercadovivoagroecologia.cl\/wprod\/wp-json\/wp\/v2\/types\/product"}],"replies":[{"embeddable":true,"href":"https:\/\/mercadovivoagroecologia.cl\/wprod\/wp-json\/wp\/v2\/comments?post=1968"}],"version-history":[{"count":5,"href":"https:\/\/mercadovivoagroecologia.cl\/wprod\/wp-json\/wp\/v2\/product\/1968\/revisions"}],"predecessor-version":[{"id":102931,"href":"https:\/\/mercadovivoagroecologia.cl\/wprod\/wp-json\/wp\/v2\/product\/1968\/revisions\/102931"}],"wp:featuredmedia":[{"embeddable":true,"href":"https:\/\/mercadovivoagroecologia.cl\/wprod\/wp-json\/wp\/v2\/media\/103210"}],"wp:attachment":[{"href":"https:\/\/mercadovivoagroecologia.cl\/wprod\/wp-json\/wp\/v2\/media?parent=1968"}],"wp:term":[{"taxonomy":"product_brand","embeddable":true,"href":"https:\/\/mercadovivoagroecologia.cl\/wprod\/wp-json\/wp\/v2\/product_brand?post=1968"},{"taxonomy":"product_cat","embeddable":true,"href":"https:\/\/mercadovivoagroecologia.cl\/wprod\/wp-json\/wp\/v2\/product_cat?post=1968"},{"taxonomy":"product_tag","embeddable":true,"href":"https:\/\/mercadovivoagroecologia.cl\/wprod\/wp-json\/wp\/v2\/product_tag?post=1968"}],"curies":[{"name":"wp","href":"https:\/\/api.w.org\/{rel}","templated":true}]}}