{"id":1967,"date":"2021-04-30T00:23:58","date_gmt":"2021-04-30T00:23:58","guid":{"rendered":"https:\/\/mercadovivoagroecologia.cl\/wprod\/producto\/import-placeholder-for-109\/"},"modified":"2026-03-27T13:25:24","modified_gmt":"2026-03-27T13:25:24","slug":"arveja-sinhila","status":"publish","type":"product","link":"https:\/\/mercadovivoagroecologia.cl\/wprod\/producto\/arveja-sinhila\/","title":{"rendered":"Arveja Sinhila"},"content":{"rendered":"<p>Tambi\u00e9n es conocida como<em> \u00abcome todo\u00bb, <\/em>ya que su caracter\u00edstica principal es que el capi o vaina se come completo cuando est\u00e1 tierno, debido a que no tiene hilo.<\/p>\n<p>Este se puede consumir cocido en ensalada y en guisos o sopas.<\/p>\n<p><em>El cultivo de arvejas se recomienda hacer a trav\u00e9s de siembra directa, aunque tambi\u00e9n se da bien de alm\u00e1cigo. Se planta en exterior y puede soportar bajas temperaturas.<\/em><\/p>\n<p><em>La distancia de siembra entre plantas es de 15 a 20 cm.\u00a0<\/em><\/p>\n<p><strong><em>La semilla se entrega con tierra de diatomeas en su superficie para protegerla de plagas.<\/em><\/strong><\/p>\n","protected":false},"excerpt":{"rendered":"<p><strong>Nombre Cient\u00edfico:<\/strong>\u00a0Pisum sativum<\/p>\n<p><strong>Familia:<\/strong>\u00a0Fabaceae<\/p>\n<p><strong>Siembra:<\/strong>\u00a0Oto\u00f1o\/Invierno.<\/p>\n<p><strong>Cantidad de semillas:<\/strong> 20 por sobre.<\/p>\n","protected":false},"featured_media":102937,"comment_status":"open","ping_status":"closed","template":"","meta":[],"product_brand":[],"product_cat":[104],"product_tag":[],"class_list":{"0":"post-1967","1":"product","2":"type-product","3":"status-publish","4":"has-post-thumbnail","6":"product_cat-legumbres","8":"first","9":"outofstock","10":"taxable","11":"shipping-taxable","12":"purchasable","13":"product-type-simple"},"jetpack_sharing_enabled":true,"_links":{"self":[{"href":"https:\/\/mercadovivoagroecologia.cl\/wprod\/wp-json\/wp\/v2\/product\/1967","targetHints":{"allow":["GET"]}}],"collection":[{"href":"https:\/\/mercadovivoagroecologia.cl\/wprod\/wp-json\/wp\/v2\/product"}],"about":[{"href":"https:\/\/mercadovivoagroecologia.cl\/wprod\/wp-json\/wp\/v2\/types\/product"}],"replies":[{"embeddable":true,"href":"https:\/\/mercadovivoagroecologia.cl\/wprod\/wp-json\/wp\/v2\/comments?post=1967"}],"version-history":[{"count":4,"href":"https:\/\/mercadovivoagroecologia.cl\/wprod\/wp-json\/wp\/v2\/product\/1967\/revisions"}],"predecessor-version":[{"id":102938,"href":"https:\/\/mercadovivoagroecologia.cl\/wprod\/wp-json\/wp\/v2\/product\/1967\/revisions\/102938"}],"wp:featuredmedia":[{"embeddable":true,"href":"https:\/\/mercadovivoagroecologia.cl\/wprod\/wp-json\/wp\/v2\/media\/102937"}],"wp:attachment":[{"href":"https:\/\/mercadovivoagroecologia.cl\/wprod\/wp-json\/wp\/v2\/media?parent=1967"}],"wp:term":[{"taxonomy":"product_brand","embeddable":true,"href":"https:\/\/mercadovivoagroecologia.cl\/wprod\/wp-json\/wp\/v2\/product_brand?post=1967"},{"taxonomy":"product_cat","embeddable":true,"href":"https:\/\/mercadovivoagroecologia.cl\/wprod\/wp-json\/wp\/v2\/product_cat?post=1967"},{"taxonomy":"product_tag","embeddable":true,"href":"https:\/\/mercadovivoagroecologia.cl\/wprod\/wp-json\/wp\/v2\/product_tag?post=1967"}],"curies":[{"name":"wp","href":"https:\/\/api.w.org\/{rel}","templated":true}]}}