{"id":1914,"date":"2021-04-30T00:23:55","date_gmt":"2021-04-30T00:23:55","guid":{"rendered":"https:\/\/mercadovivoagroecologia.cl\/wprod\/producto\/import-placeholder-for-86\/"},"modified":"2026-03-27T13:41:35","modified_gmt":"2026-03-27T13:41:35","slug":"pimiento-de-padron","status":"publish","type":"product","link":"https:\/\/mercadovivoagroecologia.cl\/wprod\/producto\/pimiento-de-padron\/","title":{"rendered":"Pimiento de Padr\u00f3n"},"content":{"rendered":"<p>Esta variedad de Pimiento es originaria de los cultivos de un convento en Herb\u00f3n en Galicia, en la parroquia de Padr\u00f3n, donde frailes franciscanos habr\u00edan comenzado a cultivarlo en el siglo XVI.<\/p>\n<p>La particularidad de este pimiento es que algunos tienen picor, por eso en aquellos a\u00f1os estaba el refr\u00e1n \u00abComo el pimiento de Padr\u00f3n: unos pican y otros no\u00bb.<\/p>\n<p>Los hemos cultivamos en invernadero, donde se ha dado muy bien este pimiento y tuvimos muy pocos picantes, esto puede variar seg\u00fan las condiciones en la que est\u00e1 expuesta la planta, ya que cuando est\u00e1 en exterior suelen salir mas pimientos picantes, ya que \u00e9sto var\u00eda seg\u00fan la insolaci\u00f3n y cantidad de riego.<\/p>\n","protected":false},"excerpt":{"rendered":"<p><strong>Nombre Cient\u00edfico:<\/strong>\u00a0Capsicum annuum<\/p>\n<p><strong>Familia:\u00a0<\/strong>Solan\u00e1ceas<\/p>\n<p><strong>Temporada de siembra:\u00a0<\/strong>Primavera<\/p>\n<p><strong>Cantidad:<\/strong>\u00a050 semillas por sobre.<\/p>\n","protected":false},"featured_media":97830,"comment_status":"open","ping_status":"closed","template":"","meta":[],"product_brand":[],"product_cat":[171],"product_tag":[],"class_list":{"0":"post-1914","1":"product","2":"type-product","3":"status-publish","4":"has-post-thumbnail","6":"product_cat-pimientos","8":"first","9":"outofstock","10":"taxable","11":"shipping-taxable","12":"purchasable","13":"product-type-simple"},"jetpack_sharing_enabled":true,"_links":{"self":[{"href":"https:\/\/mercadovivoagroecologia.cl\/wprod\/wp-json\/wp\/v2\/product\/1914","targetHints":{"allow":["GET"]}}],"collection":[{"href":"https:\/\/mercadovivoagroecologia.cl\/wprod\/wp-json\/wp\/v2\/product"}],"about":[{"href":"https:\/\/mercadovivoagroecologia.cl\/wprod\/wp-json\/wp\/v2\/types\/product"}],"replies":[{"embeddable":true,"href":"https:\/\/mercadovivoagroecologia.cl\/wprod\/wp-json\/wp\/v2\/comments?post=1914"}],"version-history":[{"count":3,"href":"https:\/\/mercadovivoagroecologia.cl\/wprod\/wp-json\/wp\/v2\/product\/1914\/revisions"}],"predecessor-version":[{"id":97837,"href":"https:\/\/mercadovivoagroecologia.cl\/wprod\/wp-json\/wp\/v2\/product\/1914\/revisions\/97837"}],"wp:featuredmedia":[{"embeddable":true,"href":"https:\/\/mercadovivoagroecologia.cl\/wprod\/wp-json\/wp\/v2\/media\/97830"}],"wp:attachment":[{"href":"https:\/\/mercadovivoagroecologia.cl\/wprod\/wp-json\/wp\/v2\/media?parent=1914"}],"wp:term":[{"taxonomy":"product_brand","embeddable":true,"href":"https:\/\/mercadovivoagroecologia.cl\/wprod\/wp-json\/wp\/v2\/product_brand?post=1914"},{"taxonomy":"product_cat","embeddable":true,"href":"https:\/\/mercadovivoagroecologia.cl\/wprod\/wp-json\/wp\/v2\/product_cat?post=1914"},{"taxonomy":"product_tag","embeddable":true,"href":"https:\/\/mercadovivoagroecologia.cl\/wprod\/wp-json\/wp\/v2\/product_tag?post=1914"}],"curies":[{"name":"wp","href":"https:\/\/api.w.org\/{rel}","templated":true}]}}