{"id":1912,"date":"2021-04-30T00:23:55","date_gmt":"2021-04-30T00:23:55","guid":{"rendered":"https:\/\/mercadovivoagroecologia.cl\/wprod\/producto\/import-placeholder-for-84\/"},"modified":"2026-03-27T13:41:36","modified_gmt":"2026-03-27T13:41:36","slug":"pimenton-morado","status":"publish","type":"product","link":"https:\/\/mercadovivoagroecologia.cl\/wprod\/producto\/pimenton-morado\/","title":{"rendered":"Pimiento Morado"},"content":{"rendered":"<p>Este pimiento es una de los preferidos por su bello color p\u00farpura, el cual se mantiene luego de ser cosechado.<\/p>\n<p>Los pimentones morados son nativos de M\u00e9xico, Am\u00e9rica Central y el norte de Am\u00e9rica del Sur.<\/p>\n<p>Esta variedad es de tama\u00f1o mediano a grande, de sabor dulce, con carne firme de color blanca en su interior, la cual es crocante y jugosa. Nosotros preferimos comer este pimiento en ensalada, crudo con vinagre, queda delicioso!.<\/p>\n<p>Los pimientos se destacan por ser altos en vitaminas y tener nutrientes con efectos antioxidantes.<\/p>\n<p>Este cultivo es lento, los primeros frutos se obtienen a las 90 d\u00edas desde la siembra.<\/p>\n","protected":false},"excerpt":{"rendered":"<p><strong>Nombre Cient\u00edfico:<\/strong>\u00a0Capsicum annuum<\/p>\n<p><strong>Familia:\u00a0<\/strong>Solan\u00e1ceas<\/p>\n<p><strong>Temporada de siembra:\u00a0<\/strong>Primavera<\/p>\n<p><strong>Cantidad:<\/strong> 35 semillas por sobre.<\/p>\n","protected":false},"featured_media":92731,"comment_status":"open","ping_status":"closed","template":"","meta":[],"product_brand":[],"product_cat":[171,109],"product_tag":[],"class_list":{"0":"post-1912","1":"product","2":"type-product","3":"status-publish","4":"has-post-thumbnail","6":"product_cat-pimientos","7":"product_cat-semillas-exclusivas","9":"first","10":"outofstock","11":"featured","12":"taxable","13":"shipping-taxable","14":"purchasable","15":"product-type-simple"},"jetpack_sharing_enabled":true,"_links":{"self":[{"href":"https:\/\/mercadovivoagroecologia.cl\/wprod\/wp-json\/wp\/v2\/product\/1912","targetHints":{"allow":["GET"]}}],"collection":[{"href":"https:\/\/mercadovivoagroecologia.cl\/wprod\/wp-json\/wp\/v2\/product"}],"about":[{"href":"https:\/\/mercadovivoagroecologia.cl\/wprod\/wp-json\/wp\/v2\/types\/product"}],"replies":[{"embeddable":true,"href":"https:\/\/mercadovivoagroecologia.cl\/wprod\/wp-json\/wp\/v2\/comments?post=1912"}],"version-history":[{"count":5,"href":"https:\/\/mercadovivoagroecologia.cl\/wprod\/wp-json\/wp\/v2\/product\/1912\/revisions"}],"predecessor-version":[{"id":98517,"href":"https:\/\/mercadovivoagroecologia.cl\/wprod\/wp-json\/wp\/v2\/product\/1912\/revisions\/98517"}],"wp:featuredmedia":[{"embeddable":true,"href":"https:\/\/mercadovivoagroecologia.cl\/wprod\/wp-json\/wp\/v2\/media\/92731"}],"wp:attachment":[{"href":"https:\/\/mercadovivoagroecologia.cl\/wprod\/wp-json\/wp\/v2\/media?parent=1912"}],"wp:term":[{"taxonomy":"product_brand","embeddable":true,"href":"https:\/\/mercadovivoagroecologia.cl\/wprod\/wp-json\/wp\/v2\/product_brand?post=1912"},{"taxonomy":"product_cat","embeddable":true,"href":"https:\/\/mercadovivoagroecologia.cl\/wprod\/wp-json\/wp\/v2\/product_cat?post=1912"},{"taxonomy":"product_tag","embeddable":true,"href":"https:\/\/mercadovivoagroecologia.cl\/wprod\/wp-json\/wp\/v2\/product_tag?post=1912"}],"curies":[{"name":"wp","href":"https:\/\/api.w.org\/{rel}","templated":true}]}}