{"id":1858,"date":"2021-04-30T00:23:51","date_gmt":"2021-04-30T00:23:51","guid":{"rendered":"https:\/\/mercadovivoagroecologia.cl\/wprod\/producto\/import-placeholder-for-60\/"},"modified":"2026-04-02T16:28:30","modified_gmt":"2026-04-02T16:28:30","slug":"lechuga-gallega-de-invierno","status":"publish","type":"product","link":"https:\/\/mercadovivoagroecologia.cl\/wprod\/producto\/lechuga-gallega-de-invierno\/","title":{"rendered":"Lechuga Gallega de Invierno"},"content":{"rendered":"<p>Esta variedad es especial para ser cultivada en invierno, ya que tiene alta tolerancia al frio. Es de color verde oscuro, de hojas firmes y abiertas. Tiene buen vigor.<\/p>\n<p>La lechuga es un cultivo sencillo, puede ser sembrado en alm\u00e1cigo o de manera directa a suelo, es de r\u00e1pida germinaci\u00f3n.<\/p>\n<p>Se adapta a cualquier tipo de suelo y crece sin problemas en invernadero y exteriores, resiste bien las bajas temperaturas.<\/p>\n<p>La lechuga se cosecha de 30 a 70 d\u00edas luego del trasplante.<\/p>\n","protected":false},"excerpt":{"rendered":"<p><strong>Nombre cient\u00edfico:\u00a0<\/strong>Lactuca sativa<\/p>\n<p><strong>Familia:\u00a0<\/strong>Asteraceae<\/p>\n<p><strong>Siembra:\u00a0<\/strong>Oto\u00f1o\/Invierno\/Primavera<\/p>\n<p><strong>Cantidad de semillas:<\/strong>\u00a00.5 gr por sobre<\/p>\n","protected":false},"featured_media":103488,"comment_status":"open","ping_status":"closed","template":"","meta":[],"product_brand":[],"product_cat":[169],"product_tag":[],"class_list":{"0":"post-1858","1":"product","2":"type-product","3":"status-publish","4":"has-post-thumbnail","6":"product_cat-lechugas","8":"first","9":"instock","10":"taxable","11":"shipping-taxable","12":"purchasable","13":"product-type-simple"},"jetpack_sharing_enabled":true,"_links":{"self":[{"href":"https:\/\/mercadovivoagroecologia.cl\/wprod\/wp-json\/wp\/v2\/product\/1858","targetHints":{"allow":["GET"]}}],"collection":[{"href":"https:\/\/mercadovivoagroecologia.cl\/wprod\/wp-json\/wp\/v2\/product"}],"about":[{"href":"https:\/\/mercadovivoagroecologia.cl\/wprod\/wp-json\/wp\/v2\/types\/product"}],"replies":[{"embeddable":true,"href":"https:\/\/mercadovivoagroecologia.cl\/wprod\/wp-json\/wp\/v2\/comments?post=1858"}],"version-history":[{"count":3,"href":"https:\/\/mercadovivoagroecologia.cl\/wprod\/wp-json\/wp\/v2\/product\/1858\/revisions"}],"predecessor-version":[{"id":97696,"href":"https:\/\/mercadovivoagroecologia.cl\/wprod\/wp-json\/wp\/v2\/product\/1858\/revisions\/97696"}],"wp:featuredmedia":[{"embeddable":true,"href":"https:\/\/mercadovivoagroecologia.cl\/wprod\/wp-json\/wp\/v2\/media\/103488"}],"wp:attachment":[{"href":"https:\/\/mercadovivoagroecologia.cl\/wprod\/wp-json\/wp\/v2\/media?parent=1858"}],"wp:term":[{"taxonomy":"product_brand","embeddable":true,"href":"https:\/\/mercadovivoagroecologia.cl\/wprod\/wp-json\/wp\/v2\/product_brand?post=1858"},{"taxonomy":"product_cat","embeddable":true,"href":"https:\/\/mercadovivoagroecologia.cl\/wprod\/wp-json\/wp\/v2\/product_cat?post=1858"},{"taxonomy":"product_tag","embeddable":true,"href":"https:\/\/mercadovivoagroecologia.cl\/wprod\/wp-json\/wp\/v2\/product_tag?post=1858"}],"curies":[{"name":"wp","href":"https:\/\/api.w.org\/{rel}","templated":true}]}}