{"id":1848,"date":"2021-04-30T00:23:51","date_gmt":"2021-04-30T00:23:51","guid":{"rendered":"https:\/\/mercadovivoagroecologia.cl\/wprod\/producto\/import-placeholder-for-50\/"},"modified":"2026-03-27T13:30:32","modified_gmt":"2026-03-27T13:30:32","slug":"golden-berry","status":"publish","type":"product","link":"https:\/\/mercadovivoagroecologia.cl\/wprod\/producto\/golden-berry\/","title":{"rendered":"Golden Berry (Physalis)"},"content":{"rendered":"<p>Tiene un fruto naranjo en forma de globo, el cu\u00e1l est\u00e1 cubierto por un c\u00e1liz o c\u00e1psula, el cual lo protege de las condiciones ambientales y plagas.<\/p>\n<p>La planta es de crecimiento arbustivo, y gracias a su fruto, tiende a auto sembrarse, por lo que, una vez que lo tengas en tu huerto, siempre tendr\u00e1s plantas nuevas.<\/p>\n<p>Esta planta no tolera temperaturas extremas, mucho calor afecta su floraci\u00f3n y las temperaturas bajas queman la planta, la cual volver\u00e1 a rebrotar en primavera.<\/p>\n<p>Al fruto se le atribuyen varias propiedades medicinales, entre las cuales se dice que es un poderoso antioxidante y anticancer\u00edgeno.<\/p>\n","protected":false},"excerpt":{"rendered":"<p><strong>Nombre Cient\u00edfico:<\/strong> Physalis peruviana<i><\/i><\/p>\n<p><strong>Familia: <\/strong>Solan\u00e1ceas<\/p>\n<p><strong>Siembra: <\/strong>Primavera<\/p>\n<p><strong>Cantidad de semillas:<\/strong> 0.5 gr por sobre<\/p>\n<p><strong>Otros nombres:\u00a0<\/strong>Uchuva, Aguaymanto, uvilla, cerezas jud\u00edas.<\/p>\n","protected":false},"featured_media":102562,"comment_status":"open","ping_status":"closed","template":"","meta":[],"product_brand":[],"product_cat":[183],"product_tag":[],"class_list":{"0":"post-1848","1":"product","2":"type-product","3":"status-publish","4":"has-post-thumbnail","6":"product_cat-otras-hortalizas","8":"first","9":"instock","10":"taxable","11":"shipping-taxable","12":"purchasable","13":"product-type-simple"},"jetpack_sharing_enabled":true,"_links":{"self":[{"href":"https:\/\/mercadovivoagroecologia.cl\/wprod\/wp-json\/wp\/v2\/product\/1848","targetHints":{"allow":["GET"]}}],"collection":[{"href":"https:\/\/mercadovivoagroecologia.cl\/wprod\/wp-json\/wp\/v2\/product"}],"about":[{"href":"https:\/\/mercadovivoagroecologia.cl\/wprod\/wp-json\/wp\/v2\/types\/product"}],"replies":[{"embeddable":true,"href":"https:\/\/mercadovivoagroecologia.cl\/wprod\/wp-json\/wp\/v2\/comments?post=1848"}],"version-history":[{"count":4,"href":"https:\/\/mercadovivoagroecologia.cl\/wprod\/wp-json\/wp\/v2\/product\/1848\/revisions"}],"predecessor-version":[{"id":117935,"href":"https:\/\/mercadovivoagroecologia.cl\/wprod\/wp-json\/wp\/v2\/product\/1848\/revisions\/117935"}],"wp:featuredmedia":[{"embeddable":true,"href":"https:\/\/mercadovivoagroecologia.cl\/wprod\/wp-json\/wp\/v2\/media\/102562"}],"wp:attachment":[{"href":"https:\/\/mercadovivoagroecologia.cl\/wprod\/wp-json\/wp\/v2\/media?parent=1848"}],"wp:term":[{"taxonomy":"product_brand","embeddable":true,"href":"https:\/\/mercadovivoagroecologia.cl\/wprod\/wp-json\/wp\/v2\/product_brand?post=1848"},{"taxonomy":"product_cat","embeddable":true,"href":"https:\/\/mercadovivoagroecologia.cl\/wprod\/wp-json\/wp\/v2\/product_cat?post=1848"},{"taxonomy":"product_tag","embeddable":true,"href":"https:\/\/mercadovivoagroecologia.cl\/wprod\/wp-json\/wp\/v2\/product_tag?post=1848"}],"curies":[{"name":"wp","href":"https:\/\/api.w.org\/{rel}","templated":true}]}}