{"id":1843,"date":"2021-04-30T00:23:51","date_gmt":"2021-04-30T00:23:51","guid":{"rendered":"https:\/\/mercadovivoagroecologia.cl\/wprod\/producto\/import-placeholder-for-45\/"},"modified":"2026-04-10T18:13:56","modified_gmt":"2026-04-10T18:13:56","slug":"espinaca-del-sur-almuelle-verde","status":"publish","type":"product","link":"https:\/\/mercadovivoagroecologia.cl\/wprod\/producto\/espinaca-del-sur-almuelle-verde\/","title":{"rendered":"Espinaca del sur \u00abAlmuelle verde\u00bb"},"content":{"rendered":"<p>Otros nombres:\u00a0 Almuelle amarillo, Espinaca de Monta\u00f1a, espinaca arbustiva.<\/p>\n<p>Es considerada una especie tradicional, consumida por milenios, para consumo humano.\u00a0 Cuando es sembrada en invernadero, puede llegar a medir mas de 2 metros, es muy buena productora de semillas y tambi\u00e9n algunos la llaman \u00abla planta buchen\u00bb, lo que quiere decir que se siembra sola, ya que es muy rustica y una vez que da semillas, se auto siembra. Tiene un muy buen sabor y es de textura muy suave, requiere cocci\u00f3n leve o solo ba\u00f1o mar\u00eda para estar lista para consumir.<\/p>\n","protected":false},"excerpt":{"rendered":"<p><strong>Nombre cient\u00edfico:\u00a0<\/strong>Atriplex hortensis.<\/p>\n<p><strong>Familia:\u00a0<\/strong>Amaranthaceae<\/p>\n<p><strong>Temporada de siembra:\u00a0<\/strong>Primavera\/verano<\/p>\n<p><strong>Cantidad de semillas:\u00a0<\/strong>0,5 gr por sobre<\/p>\n","protected":false},"featured_media":91476,"comment_status":"open","ping_status":"closed","template":"","meta":[],"product_brand":[],"product_cat":[173],"product_tag":[],"class_list":{"0":"post-1843","1":"product","2":"type-product","3":"status-publish","4":"has-post-thumbnail","6":"product_cat-espinacas","8":"first","9":"instock","10":"taxable","11":"shipping-taxable","12":"purchasable","13":"product-type-simple"},"jetpack_sharing_enabled":true,"_links":{"self":[{"href":"https:\/\/mercadovivoagroecologia.cl\/wprod\/wp-json\/wp\/v2\/product\/1843","targetHints":{"allow":["GET"]}}],"collection":[{"href":"https:\/\/mercadovivoagroecologia.cl\/wprod\/wp-json\/wp\/v2\/product"}],"about":[{"href":"https:\/\/mercadovivoagroecologia.cl\/wprod\/wp-json\/wp\/v2\/types\/product"}],"replies":[{"embeddable":true,"href":"https:\/\/mercadovivoagroecologia.cl\/wprod\/wp-json\/wp\/v2\/comments?post=1843"}],"version-history":[{"count":5,"href":"https:\/\/mercadovivoagroecologia.cl\/wprod\/wp-json\/wp\/v2\/product\/1843\/revisions"}],"predecessor-version":[{"id":94528,"href":"https:\/\/mercadovivoagroecologia.cl\/wprod\/wp-json\/wp\/v2\/product\/1843\/revisions\/94528"}],"wp:featuredmedia":[{"embeddable":true,"href":"https:\/\/mercadovivoagroecologia.cl\/wprod\/wp-json\/wp\/v2\/media\/91476"}],"wp:attachment":[{"href":"https:\/\/mercadovivoagroecologia.cl\/wprod\/wp-json\/wp\/v2\/media?parent=1843"}],"wp:term":[{"taxonomy":"product_brand","embeddable":true,"href":"https:\/\/mercadovivoagroecologia.cl\/wprod\/wp-json\/wp\/v2\/product_brand?post=1843"},{"taxonomy":"product_cat","embeddable":true,"href":"https:\/\/mercadovivoagroecologia.cl\/wprod\/wp-json\/wp\/v2\/product_cat?post=1843"},{"taxonomy":"product_tag","embeddable":true,"href":"https:\/\/mercadovivoagroecologia.cl\/wprod\/wp-json\/wp\/v2\/product_tag?post=1843"}],"curies":[{"name":"wp","href":"https:\/\/api.w.org\/{rel}","templated":true}]}}