{"id":1779,"date":"2021-04-30T00:23:47","date_gmt":"2021-04-30T00:23:47","guid":{"rendered":"https:\/\/mercadovivoagroecologia.cl\/wprod\/producto\/import-placeholder-for-11\/"},"modified":"2026-03-31T14:18:15","modified_gmt":"2026-03-31T14:18:15","slug":"achicoria","status":"publish","type":"product","link":"https:\/\/mercadovivoagroecologia.cl\/wprod\/producto\/achicoria\/","title":{"rendered":"Achicoria"},"content":{"rendered":"<p>Tiene una forma de cultivo muy similar al de la lechuga, es una planta muy resistente y puede crecer bien en suelos poco trabajados y abonados.<\/p>\n<p>Se puede sembrar todo el a\u00f1o\u00a0 en invernadero o al aire libre, es de r\u00e1pida germinaci\u00f3n y crecimiento.<\/p>\n<p><em>Forma de manipulaci\u00f3n y consumo:<\/em> para evitar que se ponga amarga, no se debe cortar con elementos met\u00e1licos, nosotros preferimos cortarla con la mano. Idealmente se puede ali\u00f1ar con aceto bals\u00e1mico.<\/p>\n","protected":false},"excerpt":{"rendered":"<p><strong>Nombre cient\u00edfico: <\/strong>Cichorium intybus<\/p>\n<p><strong>Familia: <\/strong>Aster\u00e1ceas<\/p>\n<p><strong>Temporada de siembra:<\/strong> Todo el a\u00f1o\u00a0(recomendado en Oto\u00f1o y primavera)<\/p>\n<p><strong>Cantidad de semillas:<\/strong> 0.5 gr por sobre.<\/p>\n<p>&nbsp;<\/p>\n","protected":false},"featured_media":99823,"comment_status":"open","ping_status":"closed","template":"","meta":[],"product_brand":[],"product_cat":[181],"product_tag":[],"class_list":{"0":"post-1779","1":"product","2":"type-product","3":"status-publish","4":"has-post-thumbnail","6":"product_cat-hortalizas-de-hoja","8":"first","9":"instock","10":"taxable","11":"shipping-taxable","12":"purchasable","13":"product-type-simple"},"jetpack_sharing_enabled":true,"_links":{"self":[{"href":"https:\/\/mercadovivoagroecologia.cl\/wprod\/wp-json\/wp\/v2\/product\/1779","targetHints":{"allow":["GET"]}}],"collection":[{"href":"https:\/\/mercadovivoagroecologia.cl\/wprod\/wp-json\/wp\/v2\/product"}],"about":[{"href":"https:\/\/mercadovivoagroecologia.cl\/wprod\/wp-json\/wp\/v2\/types\/product"}],"replies":[{"embeddable":true,"href":"https:\/\/mercadovivoagroecologia.cl\/wprod\/wp-json\/wp\/v2\/comments?post=1779"}],"version-history":[{"count":4,"href":"https:\/\/mercadovivoagroecologia.cl\/wprod\/wp-json\/wp\/v2\/product\/1779\/revisions"}],"predecessor-version":[{"id":96774,"href":"https:\/\/mercadovivoagroecologia.cl\/wprod\/wp-json\/wp\/v2\/product\/1779\/revisions\/96774"}],"wp:featuredmedia":[{"embeddable":true,"href":"https:\/\/mercadovivoagroecologia.cl\/wprod\/wp-json\/wp\/v2\/media\/99823"}],"wp:attachment":[{"href":"https:\/\/mercadovivoagroecologia.cl\/wprod\/wp-json\/wp\/v2\/media?parent=1779"}],"wp:term":[{"taxonomy":"product_brand","embeddable":true,"href":"https:\/\/mercadovivoagroecologia.cl\/wprod\/wp-json\/wp\/v2\/product_brand?post=1779"},{"taxonomy":"product_cat","embeddable":true,"href":"https:\/\/mercadovivoagroecologia.cl\/wprod\/wp-json\/wp\/v2\/product_cat?post=1779"},{"taxonomy":"product_tag","embeddable":true,"href":"https:\/\/mercadovivoagroecologia.cl\/wprod\/wp-json\/wp\/v2\/product_tag?post=1779"}],"curies":[{"name":"wp","href":"https:\/\/api.w.org\/{rel}","templated":true}]}}