{"id":114923,"date":"2025-10-14T14:56:07","date_gmt":"2025-10-14T14:56:07","guid":{"rendered":"https:\/\/mercadovivoagroecologia.cl\/wprod\/?post_type=product&#038;p=114923"},"modified":"2026-03-27T13:46:06","modified_gmt":"2026-03-27T13:46:06","slug":"poroto-castilla-black-eyed-peas-fp","status":"publish","type":"product","link":"https:\/\/mercadovivoagroecologia.cl\/wprod\/producto\/poroto-castilla-black-eyed-peas-fp\/","title":{"rendered":"Poroto Castilla \/ Black eyed peas FP"},"content":{"rendered":"<p>Es una variedad de poroto es originaria de \u00c1frica Occidental, y su cultivo y consumo se ha masificado por todo el mundo.<\/p>\n<p>La planta es amante del clima c\u00e1lido y es altamente tolerante a la sequ\u00eda, por esto mismo, si se planta cuando aun hay riesgo de heladas, las semillas se pudrir\u00e1n y no germinaran. <\/p>\n<p>Una cualidad muy llamativa de esta variedad, es que desarrolla un ramillete de vainas en la punta de la planta, las cuales son delgadas y alargadas, \u00e9stas producen de 3 a 12 semillas de color crema con una caracteristica mancha negra en el centro, similar a un ojo.<\/p>\n","protected":false},"excerpt":{"rendered":"<p><strong>Nombre Cient\u00edfico:<\/strong> Vigna unguiculata (L.) Walp<br \/>\n<strong>Familia:<\/strong> Fabaceae<br \/>\n<strong>Siembra:<\/strong> Primavera<br \/>\n<strong>Cantidad:<\/strong> 15 semillas por sobre<br \/>\n<strong>Otros nombres:<\/strong> Alubia carilla, Alubia ojo de liebre, Alubia ojo negro, frejol castilla, lenteja bocona, frijol cabecita negra, Carilla, Caup\u00ed, California Blackeye.<br \/>\n<strong>Forma de consumo: <\/strong> Verde y seco<\/p>\n","protected":false},"featured_media":111911,"comment_status":"open","ping_status":"closed","template":"","meta":[],"product_brand":[],"product_cat":[155],"product_tag":[],"class_list":{"0":"post-114923","1":"product","2":"type-product","3":"status-publish","4":"has-post-thumbnail","6":"product_cat-sobres-en-formato-economico","8":"first","9":"instock","10":"taxable","11":"shipping-taxable","12":"purchasable","13":"product-type-simple"},"jetpack_sharing_enabled":true,"_links":{"self":[{"href":"https:\/\/mercadovivoagroecologia.cl\/wprod\/wp-json\/wp\/v2\/product\/114923","targetHints":{"allow":["GET"]}}],"collection":[{"href":"https:\/\/mercadovivoagroecologia.cl\/wprod\/wp-json\/wp\/v2\/product"}],"about":[{"href":"https:\/\/mercadovivoagroecologia.cl\/wprod\/wp-json\/wp\/v2\/types\/product"}],"replies":[{"embeddable":true,"href":"https:\/\/mercadovivoagroecologia.cl\/wprod\/wp-json\/wp\/v2\/comments?post=114923"}],"version-history":[{"count":1,"href":"https:\/\/mercadovivoagroecologia.cl\/wprod\/wp-json\/wp\/v2\/product\/114923\/revisions"}],"predecessor-version":[{"id":114926,"href":"https:\/\/mercadovivoagroecologia.cl\/wprod\/wp-json\/wp\/v2\/product\/114923\/revisions\/114926"}],"wp:featuredmedia":[{"embeddable":true,"href":"https:\/\/mercadovivoagroecologia.cl\/wprod\/wp-json\/wp\/v2\/media\/111911"}],"wp:attachment":[{"href":"https:\/\/mercadovivoagroecologia.cl\/wprod\/wp-json\/wp\/v2\/media?parent=114923"}],"wp:term":[{"taxonomy":"product_brand","embeddable":true,"href":"https:\/\/mercadovivoagroecologia.cl\/wprod\/wp-json\/wp\/v2\/product_brand?post=114923"},{"taxonomy":"product_cat","embeddable":true,"href":"https:\/\/mercadovivoagroecologia.cl\/wprod\/wp-json\/wp\/v2\/product_cat?post=114923"},{"taxonomy":"product_tag","embeddable":true,"href":"https:\/\/mercadovivoagroecologia.cl\/wprod\/wp-json\/wp\/v2\/product_tag?post=114923"}],"curies":[{"name":"wp","href":"https:\/\/api.w.org\/{rel}","templated":true}]}}