{"id":111883,"date":"2025-10-02T02:54:16","date_gmt":"2025-10-02T02:54:16","guid":{"rendered":"https:\/\/mercadovivoagroecologia.cl\/wprod\/?post_type=product&#038;p=111883"},"modified":"2026-03-27T13:49:42","modified_gmt":"2026-03-27T13:49:42","slug":"semillas-de-albahaca-thai-horapa-bai-fp","status":"publish","type":"product","link":"https:\/\/mercadovivoagroecologia.cl\/wprod\/producto\/semillas-de-albahaca-thai-horapa-bai-fp\/","title":{"rendered":"Semillas de Albahaca Thai \u00bb Horapa bai\u00bb FP"},"content":{"rendered":"<p>La albahaca es una planta anual cultivada hace milenios y usada en la cocina para diferentes preparaciones, una de las mas conocidas es el \u00abpesto\u00bb.<\/p>\n<p>Tiene un exquisito aroma y sabor, es perfecta para condimentar comidas.<\/p>\n<p>En esta ocacion les presentamos la variedad de albahaca \u00abThai\u00bb, Albahaca dulce o Bai Horapa. <\/p>\n<p>Destaca por su sabor mas fuerte que las dem\u00e1s albahacas, ya que tiene toques de regaliz, canela y an\u00eds, lo que la hace una infaltable en la comida tailandesa para realzar sabores.<\/p>\n<p>Adem\u00e1s, tambien tiene propiedades medicinales, siendo \u00fatil como antiinflamatorio y antioxidante, alivia problemas digestivos y alivia el estr\u00e9s. <\/p>\n","protected":false},"excerpt":{"rendered":"<p><strong>Nombre Cient\u00edfico:<\/strong>\u00a0Ocimum basilicum var. thyrsiflora<\/p>\n<p><strong>Familia:\u00a0<\/strong>Lami\u00e1ceas<\/p>\n<p><strong>Siembra:\u00a0<\/strong>Primavera\/Verano<\/p>\n<p><strong>Cantidad de semillas:\u00a0<\/strong>0.5 gr por sobre<\/p>\n<p><strong>Otros nombres:<\/strong> Albahaca dulce<\/p>\n","protected":false},"featured_media":111851,"comment_status":"open","ping_status":"closed","template":"","meta":[],"product_brand":[],"product_cat":[155],"product_tag":[],"class_list":{"0":"post-111883","1":"product","2":"type-product","3":"status-publish","4":"has-post-thumbnail","6":"product_cat-sobres-en-formato-economico","8":"first","9":"instock","10":"taxable","11":"shipping-taxable","12":"purchasable","13":"product-type-simple"},"jetpack_sharing_enabled":true,"_links":{"self":[{"href":"https:\/\/mercadovivoagroecologia.cl\/wprod\/wp-json\/wp\/v2\/product\/111883","targetHints":{"allow":["GET"]}}],"collection":[{"href":"https:\/\/mercadovivoagroecologia.cl\/wprod\/wp-json\/wp\/v2\/product"}],"about":[{"href":"https:\/\/mercadovivoagroecologia.cl\/wprod\/wp-json\/wp\/v2\/types\/product"}],"replies":[{"embeddable":true,"href":"https:\/\/mercadovivoagroecologia.cl\/wprod\/wp-json\/wp\/v2\/comments?post=111883"}],"version-history":[{"count":1,"href":"https:\/\/mercadovivoagroecologia.cl\/wprod\/wp-json\/wp\/v2\/product\/111883\/revisions"}],"predecessor-version":[{"id":111886,"href":"https:\/\/mercadovivoagroecologia.cl\/wprod\/wp-json\/wp\/v2\/product\/111883\/revisions\/111886"}],"wp:featuredmedia":[{"embeddable":true,"href":"https:\/\/mercadovivoagroecologia.cl\/wprod\/wp-json\/wp\/v2\/media\/111851"}],"wp:attachment":[{"href":"https:\/\/mercadovivoagroecologia.cl\/wprod\/wp-json\/wp\/v2\/media?parent=111883"}],"wp:term":[{"taxonomy":"product_brand","embeddable":true,"href":"https:\/\/mercadovivoagroecologia.cl\/wprod\/wp-json\/wp\/v2\/product_brand?post=111883"},{"taxonomy":"product_cat","embeddable":true,"href":"https:\/\/mercadovivoagroecologia.cl\/wprod\/wp-json\/wp\/v2\/product_cat?post=111883"},{"taxonomy":"product_tag","embeddable":true,"href":"https:\/\/mercadovivoagroecologia.cl\/wprod\/wp-json\/wp\/v2\/product_tag?post=111883"}],"curies":[{"name":"wp","href":"https:\/\/api.w.org\/{rel}","templated":true}]}}