{"id":110440,"date":"2025-09-04T20:47:48","date_gmt":"2025-09-04T20:47:48","guid":{"rendered":"https:\/\/mercadovivoagroecologia.cl\/wprod\/?post_type=product&#038;p=110440"},"modified":"2026-03-27T13:51:52","modified_gmt":"2026-03-27T13:51:52","slug":"semillas-de-salvia-officinalis","status":"publish","type":"product","link":"https:\/\/mercadovivoagroecologia.cl\/wprod\/producto\/semillas-de-salvia-officinalis\/","title":{"rendered":"Semillas de Salvia Officinalis"},"content":{"rendered":"<p>La salvia es com\u00fanmente conocida por sus fines culinarios y medicinales. <\/p>\n<p>Es originaria de la regi\u00f3n Mediterr\u00e1nea, y hoy en d\u00eda es cultivada en gran parte del mundo. <\/p>\n<p>Se puede propagar desde esquejes y semillas. <\/p>\n<p>En el caso de las semillas, es muy importante sembrar cuando ya no haya riesgo de heladas, ya que la Salvia, al igual como las dem\u00e1s semillas de medicinales, necesitan suficiente calor y luz para germinar, por lo que lo ideal, es no enterrar mucho mas semillas, solo cubrir con una leve capa de tierra y dejar germinar en un lugar con bastante luz solar.<br \/>\nEl riego debe ser suave. <\/p>\n<p><strong>Importante:  Las semillas de Salvia pueden demorar hasta 3 semanas en germinar, unos 2 a 3 a\u00f1os en obtener una planta madura.<\/strong><em><\/p>\n<p>Se recomienda no aplicar demasiado abono a la planta, para no perder la intensidad del sabor. <\/p>\n","protected":false},"excerpt":{"rendered":"<p><strong>Nombre Cient\u00edfico: <\/strong> Salvia officinalis<br \/>\n<strong>Familia:<\/strong> Lamiaceae<br \/>\n<strong>Siembra:<\/strong> Primavera<br \/>\n<strong>Cantidad de semillas:<\/strong> 15 por sobre<br \/>\n<strong>Otros nombres: <\/strong>Salvia Blanca<\/p>\n","protected":false},"featured_media":110447,"comment_status":"closed","ping_status":"closed","template":"","meta":[],"product_brand":[],"product_cat":[144],"product_tag":[],"class_list":{"0":"post-110440","1":"product","2":"type-product","3":"status-publish","4":"has-post-thumbnail","6":"product_cat-aromaticas-y-especias","8":"first","9":"outofstock","10":"taxable","11":"shipping-taxable","12":"purchasable","13":"product-type-simple"},"jetpack_sharing_enabled":true,"_links":{"self":[{"href":"https:\/\/mercadovivoagroecologia.cl\/wprod\/wp-json\/wp\/v2\/product\/110440","targetHints":{"allow":["GET"]}}],"collection":[{"href":"https:\/\/mercadovivoagroecologia.cl\/wprod\/wp-json\/wp\/v2\/product"}],"about":[{"href":"https:\/\/mercadovivoagroecologia.cl\/wprod\/wp-json\/wp\/v2\/types\/product"}],"replies":[{"embeddable":true,"href":"https:\/\/mercadovivoagroecologia.cl\/wprod\/wp-json\/wp\/v2\/comments?post=110440"}],"version-history":[{"count":1,"href":"https:\/\/mercadovivoagroecologia.cl\/wprod\/wp-json\/wp\/v2\/product\/110440\/revisions"}],"predecessor-version":[{"id":110464,"href":"https:\/\/mercadovivoagroecologia.cl\/wprod\/wp-json\/wp\/v2\/product\/110440\/revisions\/110464"}],"wp:featuredmedia":[{"embeddable":true,"href":"https:\/\/mercadovivoagroecologia.cl\/wprod\/wp-json\/wp\/v2\/media\/110447"}],"wp:attachment":[{"href":"https:\/\/mercadovivoagroecologia.cl\/wprod\/wp-json\/wp\/v2\/media?parent=110440"}],"wp:term":[{"taxonomy":"product_brand","embeddable":true,"href":"https:\/\/mercadovivoagroecologia.cl\/wprod\/wp-json\/wp\/v2\/product_brand?post=110440"},{"taxonomy":"product_cat","embeddable":true,"href":"https:\/\/mercadovivoagroecologia.cl\/wprod\/wp-json\/wp\/v2\/product_cat?post=110440"},{"taxonomy":"product_tag","embeddable":true,"href":"https:\/\/mercadovivoagroecologia.cl\/wprod\/wp-json\/wp\/v2\/product_tag?post=110440"}],"curies":[{"name":"wp","href":"https:\/\/api.w.org\/{rel}","templated":true}]}}