{"id":110278,"date":"2025-08-28T17:44:27","date_gmt":"2025-08-28T17:44:27","guid":{"rendered":"https:\/\/mercadovivoagroecologia.cl\/wprod\/?post_type=product&#038;p=110278"},"modified":"2026-03-27T13:49:43","modified_gmt":"2026-03-27T13:49:43","slug":"semillas-de-algodon-verde","status":"publish","type":"product","link":"https:\/\/mercadovivoagroecologia.cl\/wprod\/producto\/semillas-de-algodon-verde\/","title":{"rendered":"Semillas de Algod\u00f3n verde"},"content":{"rendered":"<p><em>Los primeros restos de algod\u00f3n fueron descubiertos en el a\u00f1o 5.500 a.C.<\/em><\/p>\n<p>En la actualidad, es una de las fibras naturales mas importantes que se produce en el mundo. <\/p>\n<p>La planta es arbustiva, crece 1 metro aproximadamente, produce c\u00e1psulas, las cuales contienen de 3 a 4 l\u00f3bulos, en los cuales se produce el algod\u00f3n.<\/p>\n<p>Cada l\u00f3bulo produce de 5 a 10 semillas, cada una de ellas est\u00e1 recubierta por entre 10.000 a 20.000 fibras de algod\u00f3n.<\/p>\n<p>Cuando el l\u00f3bulo alcanza la madurez, se abre y sale la fibra textil lista para ser cosechada. <\/p>\n<p>Es un cultivo sensible a las heladas, por lo que se requieren temperaturas de 18\u00b0 a 30\u00b0 para una buena germinaci\u00f3n y crecimiento.<\/p>\n<p>Tiene un ciclo de cultivo de entre 140 y 230 d\u00edas, dependiendo de la variedad de algod\u00f3n.<\/p>\n","protected":false},"excerpt":{"rendered":"<p><strong>Nombre Cient\u00edfico:<\/strong> Gossypium<br \/>\n<strong>Familia:<\/strong> Malvaceae<br \/>\n<strong>Siembra:<\/strong> Primavera<br \/>\n<strong>Cantidad:<\/strong> 5 semillas por sobre<\/p>\n","protected":false},"featured_media":110281,"comment_status":"closed","ping_status":"closed","template":"","meta":[],"product_brand":[],"product_cat":[109],"product_tag":[],"class_list":{"0":"post-110278","1":"product","2":"type-product","3":"status-publish","4":"has-post-thumbnail","6":"product_cat-semillas-exclusivas","8":"first","9":"instock","10":"taxable","11":"shipping-taxable","12":"purchasable","13":"product-type-simple"},"jetpack_sharing_enabled":true,"_links":{"self":[{"href":"https:\/\/mercadovivoagroecologia.cl\/wprod\/wp-json\/wp\/v2\/product\/110278","targetHints":{"allow":["GET"]}}],"collection":[{"href":"https:\/\/mercadovivoagroecologia.cl\/wprod\/wp-json\/wp\/v2\/product"}],"about":[{"href":"https:\/\/mercadovivoagroecologia.cl\/wprod\/wp-json\/wp\/v2\/types\/product"}],"replies":[{"embeddable":true,"href":"https:\/\/mercadovivoagroecologia.cl\/wprod\/wp-json\/wp\/v2\/comments?post=110278"}],"version-history":[{"count":1,"href":"https:\/\/mercadovivoagroecologia.cl\/wprod\/wp-json\/wp\/v2\/product\/110278\/revisions"}],"predecessor-version":[{"id":110303,"href":"https:\/\/mercadovivoagroecologia.cl\/wprod\/wp-json\/wp\/v2\/product\/110278\/revisions\/110303"}],"wp:featuredmedia":[{"embeddable":true,"href":"https:\/\/mercadovivoagroecologia.cl\/wprod\/wp-json\/wp\/v2\/media\/110281"}],"wp:attachment":[{"href":"https:\/\/mercadovivoagroecologia.cl\/wprod\/wp-json\/wp\/v2\/media?parent=110278"}],"wp:term":[{"taxonomy":"product_brand","embeddable":true,"href":"https:\/\/mercadovivoagroecologia.cl\/wprod\/wp-json\/wp\/v2\/product_brand?post=110278"},{"taxonomy":"product_cat","embeddable":true,"href":"https:\/\/mercadovivoagroecologia.cl\/wprod\/wp-json\/wp\/v2\/product_cat?post=110278"},{"taxonomy":"product_tag","embeddable":true,"href":"https:\/\/mercadovivoagroecologia.cl\/wprod\/wp-json\/wp\/v2\/product_tag?post=110278"}],"curies":[{"name":"wp","href":"https:\/\/api.w.org\/{rel}","templated":true}]}}