{"id":109828,"date":"2025-07-25T19:49:18","date_gmt":"2025-07-25T19:49:18","guid":{"rendered":"https:\/\/mercadovivoagroecologia.cl\/wprod\/?post_type=product&#038;p=109828"},"modified":"2026-03-27T13:49:39","modified_gmt":"2026-03-27T13:49:39","slug":"remolacha-azucarera-fp","status":"publish","type":"product","link":"https:\/\/mercadovivoagroecologia.cl\/wprod\/producto\/remolacha-azucarera-fp\/","title":{"rendered":"Remolacha Azucarera FP"},"content":{"rendered":"<p>Esta es la variedad de la cual se produce el az\u00facar industrial, debido a la alta concentraci\u00f3n de sacarosa en su ra\u00edz.<\/p>\n<p>El tallo y las hojas tambi\u00e9n son muy dulces.<\/p>\n<p>&nbsp;<\/p>\n","protected":false},"excerpt":{"rendered":"<p><strong>Nombre cient\u00edfico: <\/strong>Beta vulgaris subsp. vulgaris var. altissima<\/p>\n<p><strong>Familia:\u00a0<\/strong>Amaranthaceae<\/p>\n<p><strong>Temporada de siembra:<\/strong> Oto\u00f1o\/fin de Invierno y Primavera\/fin de verano<\/p>\n<p><strong>Cantidad de semillas:<\/strong> 0,5 gr por sobre<\/p>\n","protected":false},"featured_media":111845,"comment_status":"open","ping_status":"closed","template":"","meta":[],"product_brand":[],"product_cat":[155],"product_tag":[],"class_list":{"0":"post-109828","1":"product","2":"type-product","3":"status-publish","4":"has-post-thumbnail","6":"product_cat-sobres-en-formato-economico","8":"first","9":"instock","10":"taxable","11":"shipping-taxable","12":"purchasable","13":"product-type-simple"},"jetpack_sharing_enabled":true,"_links":{"self":[{"href":"https:\/\/mercadovivoagroecologia.cl\/wprod\/wp-json\/wp\/v2\/product\/109828","targetHints":{"allow":["GET"]}}],"collection":[{"href":"https:\/\/mercadovivoagroecologia.cl\/wprod\/wp-json\/wp\/v2\/product"}],"about":[{"href":"https:\/\/mercadovivoagroecologia.cl\/wprod\/wp-json\/wp\/v2\/types\/product"}],"replies":[{"embeddable":true,"href":"https:\/\/mercadovivoagroecologia.cl\/wprod\/wp-json\/wp\/v2\/comments?post=109828"}],"version-history":[{"count":1,"href":"https:\/\/mercadovivoagroecologia.cl\/wprod\/wp-json\/wp\/v2\/product\/109828\/revisions"}],"predecessor-version":[{"id":109831,"href":"https:\/\/mercadovivoagroecologia.cl\/wprod\/wp-json\/wp\/v2\/product\/109828\/revisions\/109831"}],"wp:featuredmedia":[{"embeddable":true,"href":"https:\/\/mercadovivoagroecologia.cl\/wprod\/wp-json\/wp\/v2\/media\/111845"}],"wp:attachment":[{"href":"https:\/\/mercadovivoagroecologia.cl\/wprod\/wp-json\/wp\/v2\/media?parent=109828"}],"wp:term":[{"taxonomy":"product_brand","embeddable":true,"href":"https:\/\/mercadovivoagroecologia.cl\/wprod\/wp-json\/wp\/v2\/product_brand?post=109828"},{"taxonomy":"product_cat","embeddable":true,"href":"https:\/\/mercadovivoagroecologia.cl\/wprod\/wp-json\/wp\/v2\/product_cat?post=109828"},{"taxonomy":"product_tag","embeddable":true,"href":"https:\/\/mercadovivoagroecologia.cl\/wprod\/wp-json\/wp\/v2\/product_tag?post=109828"}],"curies":[{"name":"wp","href":"https:\/\/api.w.org\/{rel}","templated":true}]}}