{"id":109505,"date":"2025-06-27T19:35:34","date_gmt":"2025-06-27T19:35:34","guid":{"rendered":"https:\/\/mercadovivoagroecologia.cl\/wprod\/?post_type=product&#038;p=109505"},"modified":"2026-03-27T13:37:49","modified_gmt":"2026-03-27T13:37:49","slug":"maiz-verde-de-oaxaca","status":"publish","type":"product","link":"https:\/\/mercadovivoagroecologia.cl\/wprod\/producto\/maiz-verde-de-oaxaca\/","title":{"rendered":"Ma\u00edz verde de Oaxaca"},"content":{"rendered":"<p>Variedad originaria de M\u00e9xico. <\/p>\n<p>Es considerado una reliquia ancestral con alto valor culinario. <\/p>\n<p>Ha sido cultivada desde antes de la conquista espa\u00f1ola por los pueblos zapotecos, quienes usaban sus granos para la elaboraci\u00f3n de su distintiva masa verde. <\/p>\n<p>El Ma\u00edz verde de Oaxaca, es categorizado como ma\u00edces de campo o indios, los cuales tienen la caracter\u00edstica de poseer menos cantidad de az\u00facar y alto contenido de almid\u00f3n o f\u00e9cula, lo que los hace perfectos para molerlos y hacer harinas. <\/p>\n<p>Tambi\u00e9n se puede comer cocido y as\u00ed poder apreciar su sabor a nuez y textura mantecosa. <\/p>\n","protected":false},"excerpt":{"rendered":"<p><strong>Nombre Cient\u00edfico:<\/strong>\u00a0Zea mays<\/p>\n<p><strong>Familia:\u00a0<\/strong>Poacea<\/p>\n<p><strong>Siembra:\u00a0<\/strong>Primavera<\/p>\n<p><strong>Cantidad de semillas:<\/strong> 15 semillas por sobre.<\/p>\n","protected":false},"featured_media":109511,"comment_status":"open","ping_status":"closed","template":"","meta":[],"product_brand":[],"product_cat":[142],"product_tag":[],"class_list":{"0":"post-109505","1":"product","2":"type-product","3":"status-publish","4":"has-post-thumbnail","6":"product_cat-maices-semillas","8":"first","9":"outofstock","10":"taxable","11":"shipping-taxable","12":"purchasable","13":"product-type-simple"},"jetpack_sharing_enabled":true,"_links":{"self":[{"href":"https:\/\/mercadovivoagroecologia.cl\/wprod\/wp-json\/wp\/v2\/product\/109505","targetHints":{"allow":["GET"]}}],"collection":[{"href":"https:\/\/mercadovivoagroecologia.cl\/wprod\/wp-json\/wp\/v2\/product"}],"about":[{"href":"https:\/\/mercadovivoagroecologia.cl\/wprod\/wp-json\/wp\/v2\/types\/product"}],"replies":[{"embeddable":true,"href":"https:\/\/mercadovivoagroecologia.cl\/wprod\/wp-json\/wp\/v2\/comments?post=109505"}],"version-history":[{"count":2,"href":"https:\/\/mercadovivoagroecologia.cl\/wprod\/wp-json\/wp\/v2\/product\/109505\/revisions"}],"predecessor-version":[{"id":109530,"href":"https:\/\/mercadovivoagroecologia.cl\/wprod\/wp-json\/wp\/v2\/product\/109505\/revisions\/109530"}],"wp:featuredmedia":[{"embeddable":true,"href":"https:\/\/mercadovivoagroecologia.cl\/wprod\/wp-json\/wp\/v2\/media\/109511"}],"wp:attachment":[{"href":"https:\/\/mercadovivoagroecologia.cl\/wprod\/wp-json\/wp\/v2\/media?parent=109505"}],"wp:term":[{"taxonomy":"product_brand","embeddable":true,"href":"https:\/\/mercadovivoagroecologia.cl\/wprod\/wp-json\/wp\/v2\/product_brand?post=109505"},{"taxonomy":"product_cat","embeddable":true,"href":"https:\/\/mercadovivoagroecologia.cl\/wprod\/wp-json\/wp\/v2\/product_cat?post=109505"},{"taxonomy":"product_tag","embeddable":true,"href":"https:\/\/mercadovivoagroecologia.cl\/wprod\/wp-json\/wp\/v2\/product_tag?post=109505"}],"curies":[{"name":"wp","href":"https:\/\/api.w.org\/{rel}","templated":true}]}}