{"id":109455,"date":"2025-06-19T18:14:14","date_gmt":"2025-06-19T18:14:14","guid":{"rendered":"https:\/\/mercadovivoagroecologia.cl\/wprod\/?post_type=product&#038;p=109455"},"modified":"2026-04-04T21:25:10","modified_gmt":"2026-04-04T21:25:10","slug":"zapallo-gete-okosomin-calabaza-de-los-800-anos","status":"publish","type":"product","link":"https:\/\/mercadovivoagroecologia.cl\/wprod\/producto\/zapallo-gete-okosomin-calabaza-de-los-800-anos\/","title":{"rendered":"Zapallo Gete Okosomin \u00abcalabaza de los 800 a\u00f1os\u00bb"},"content":{"rendered":"<p>Variedad nativa americana, cuidada y traspasada de generaci\u00f3n en generaci\u00f3n por la Naci\u00f3n Miami. <\/p>\n<p>Su nombre significa \u00bb calabaza vieja y fresca \u00bb en anishinaabe.<\/p>\n<p>Produce frutos grandes y alargados, que pueden llegar a pesar de 8 a 10 kilos y medir hasta 90 cm de largo.<\/p>\n<p>Este zapallo tiene un sabor espectacular, es una mezcla de sabor dulce similar al mel\u00f3n, con una textura muy suave y cremosa. <\/p>\n","protected":false},"excerpt":{"rendered":"<p><strong>Nombre Cientifico: <\/strong> Cucurbita maxima<br \/>\n<strong>Familia:<\/strong> Cucurbitaceae<br \/>\n<strong>Siembra:<\/strong>  <\/strong>Primavera<br \/>\n<strong>Cantidad:<\/strong><\/strong> 10 por sobre.<\/p>\n","protected":false},"featured_media":109389,"comment_status":"open","ping_status":"closed","template":"","meta":[],"product_brand":[],"product_cat":[176],"product_tag":[],"class_list":{"0":"post-109455","1":"product","2":"type-product","3":"status-publish","4":"has-post-thumbnail","6":"product_cat-zapallos-de-guarda","8":"first","9":"instock","10":"taxable","11":"shipping-taxable","12":"purchasable","13":"product-type-simple"},"jetpack_sharing_enabled":true,"_links":{"self":[{"href":"https:\/\/mercadovivoagroecologia.cl\/wprod\/wp-json\/wp\/v2\/product\/109455","targetHints":{"allow":["GET"]}}],"collection":[{"href":"https:\/\/mercadovivoagroecologia.cl\/wprod\/wp-json\/wp\/v2\/product"}],"about":[{"href":"https:\/\/mercadovivoagroecologia.cl\/wprod\/wp-json\/wp\/v2\/types\/product"}],"replies":[{"embeddable":true,"href":"https:\/\/mercadovivoagroecologia.cl\/wprod\/wp-json\/wp\/v2\/comments?post=109455"}],"version-history":[{"count":1,"href":"https:\/\/mercadovivoagroecologia.cl\/wprod\/wp-json\/wp\/v2\/product\/109455\/revisions"}],"predecessor-version":[{"id":109467,"href":"https:\/\/mercadovivoagroecologia.cl\/wprod\/wp-json\/wp\/v2\/product\/109455\/revisions\/109467"}],"wp:featuredmedia":[{"embeddable":true,"href":"https:\/\/mercadovivoagroecologia.cl\/wprod\/wp-json\/wp\/v2\/media\/109389"}],"wp:attachment":[{"href":"https:\/\/mercadovivoagroecologia.cl\/wprod\/wp-json\/wp\/v2\/media?parent=109455"}],"wp:term":[{"taxonomy":"product_brand","embeddable":true,"href":"https:\/\/mercadovivoagroecologia.cl\/wprod\/wp-json\/wp\/v2\/product_brand?post=109455"},{"taxonomy":"product_cat","embeddable":true,"href":"https:\/\/mercadovivoagroecologia.cl\/wprod\/wp-json\/wp\/v2\/product_cat?post=109455"},{"taxonomy":"product_tag","embeddable":true,"href":"https:\/\/mercadovivoagroecologia.cl\/wprod\/wp-json\/wp\/v2\/product_tag?post=109455"}],"curies":[{"name":"wp","href":"https:\/\/api.w.org\/{rel}","templated":true}]}}