{"id":109443,"date":"2025-06-18T22:34:17","date_gmt":"2025-06-18T22:34:17","guid":{"rendered":"https:\/\/mercadovivoagroecologia.cl\/wprod\/?post_type=product&#038;p=109443"},"modified":"2026-03-27T13:38:59","modified_gmt":"2026-03-27T13:38:59","slug":"melon-jakes","status":"publish","type":"product","link":"https:\/\/mercadovivoagroecologia.cl\/wprod\/producto\/melon-jakes\/","title":{"rendered":"Mel\u00f3n Jakes"},"content":{"rendered":"<p>Variedad de Mel\u00f3n de tama\u00f1o mediano, de c\u00e1scara rayada.<\/p>\n<p>Su sabor es muy dulce.<\/p>\n<p>Productividad temprana. <\/p>\n","protected":false},"excerpt":{"rendered":"<p><strong>Nombre cient\u00edfico:\u00a0<\/strong>Cucumis melo\u00a0L.<\/p>\n<p><strong>Familia: <\/strong>Cucurbit\u00e1ceas<\/p>\n<p><strong>Fecha de siembra:<\/strong> Primavera<\/p>\n<p><strong>Cantidad: <\/strong>15\u00a0semillas por sobre.<\/p>\n","protected":false},"featured_media":109386,"comment_status":"closed","ping_status":"closed","template":"","meta":[],"product_brand":[],"product_cat":[164],"product_tag":[],"class_list":{"0":"post-109443","1":"product","2":"type-product","3":"status-publish","4":"has-post-thumbnail","6":"product_cat-melones","8":"first","9":"instock","10":"taxable","11":"shipping-taxable","12":"purchasable","13":"product-type-simple"},"jetpack_sharing_enabled":true,"_links":{"self":[{"href":"https:\/\/mercadovivoagroecologia.cl\/wprod\/wp-json\/wp\/v2\/product\/109443","targetHints":{"allow":["GET"]}}],"collection":[{"href":"https:\/\/mercadovivoagroecologia.cl\/wprod\/wp-json\/wp\/v2\/product"}],"about":[{"href":"https:\/\/mercadovivoagroecologia.cl\/wprod\/wp-json\/wp\/v2\/types\/product"}],"replies":[{"embeddable":true,"href":"https:\/\/mercadovivoagroecologia.cl\/wprod\/wp-json\/wp\/v2\/comments?post=109443"}],"version-history":[{"count":1,"href":"https:\/\/mercadovivoagroecologia.cl\/wprod\/wp-json\/wp\/v2\/product\/109443\/revisions"}],"predecessor-version":[{"id":109450,"href":"https:\/\/mercadovivoagroecologia.cl\/wprod\/wp-json\/wp\/v2\/product\/109443\/revisions\/109450"}],"wp:featuredmedia":[{"embeddable":true,"href":"https:\/\/mercadovivoagroecologia.cl\/wprod\/wp-json\/wp\/v2\/media\/109386"}],"wp:attachment":[{"href":"https:\/\/mercadovivoagroecologia.cl\/wprod\/wp-json\/wp\/v2\/media?parent=109443"}],"wp:term":[{"taxonomy":"product_brand","embeddable":true,"href":"https:\/\/mercadovivoagroecologia.cl\/wprod\/wp-json\/wp\/v2\/product_brand?post=109443"},{"taxonomy":"product_cat","embeddable":true,"href":"https:\/\/mercadovivoagroecologia.cl\/wprod\/wp-json\/wp\/v2\/product_cat?post=109443"},{"taxonomy":"product_tag","embeddable":true,"href":"https:\/\/mercadovivoagroecologia.cl\/wprod\/wp-json\/wp\/v2\/product_tag?post=109443"}],"curies":[{"name":"wp","href":"https:\/\/api.w.org\/{rel}","templated":true}]}}