{"id":104685,"date":"2025-05-13T20:46:42","date_gmt":"2025-05-13T20:46:42","guid":{"rendered":"https:\/\/mercadovivoagroecologia.cl\/wprod\/?post_type=product&#038;p=104685"},"modified":"2026-03-31T18:18:02","modified_gmt":"2026-03-31T18:18:02","slug":"semillas-de-trigo-fp","status":"publish","type":"product","link":"https:\/\/mercadovivoagroecologia.cl\/wprod\/producto\/semillas-de-trigo-fp\/","title":{"rendered":"Semillas de Trigo FP"},"content":{"rendered":"<p>Este trigo est\u00e1 adaptado para ser sembrado en Oto\u00f1o e Invierno, por lo que creci\u00f3 bien con el agua de lluvia que tenemos en la zona. Estuvo listo para ser cosechado a inicios del verano.<\/p>\n<p>El trigo necesita suelos sueltos, no arenosos, con buena profundidad y drenaje.<\/p>\n<p>Este cultivo no present\u00f3 plagas y solo fue abonado con compost.<\/p>\n<p>&nbsp;<\/p>\n<p>&nbsp;<\/p>\n","protected":false},"excerpt":{"rendered":"<p><strong>Nombre Cient\u00edfico: <\/strong>Triticum<\/p>\n<p><strong>Familia: <\/strong>Poaceae<\/p>\n<p><strong>Siembra:<\/strong> Oto\u00f1o\/Invierno\/Primavera<\/p>\n<p><strong>Cantidad:<\/strong> 0,5 gr por sobre.<\/p>\n","protected":false},"featured_media":104675,"comment_status":"closed","ping_status":"closed","template":"","meta":[],"product_brand":[],"product_cat":[155],"product_tag":[],"class_list":{"0":"post-104685","1":"product","2":"type-product","3":"status-publish","4":"has-post-thumbnail","6":"product_cat-sobres-en-formato-economico","8":"first","9":"instock","10":"taxable","11":"shipping-taxable","12":"purchasable","13":"product-type-simple"},"jetpack_sharing_enabled":true,"_links":{"self":[{"href":"https:\/\/mercadovivoagroecologia.cl\/wprod\/wp-json\/wp\/v2\/product\/104685","targetHints":{"allow":["GET"]}}],"collection":[{"href":"https:\/\/mercadovivoagroecologia.cl\/wprod\/wp-json\/wp\/v2\/product"}],"about":[{"href":"https:\/\/mercadovivoagroecologia.cl\/wprod\/wp-json\/wp\/v2\/types\/product"}],"replies":[{"embeddable":true,"href":"https:\/\/mercadovivoagroecologia.cl\/wprod\/wp-json\/wp\/v2\/comments?post=104685"}],"version-history":[{"count":1,"href":"https:\/\/mercadovivoagroecologia.cl\/wprod\/wp-json\/wp\/v2\/product\/104685\/revisions"}],"predecessor-version":[{"id":104688,"href":"https:\/\/mercadovivoagroecologia.cl\/wprod\/wp-json\/wp\/v2\/product\/104685\/revisions\/104688"}],"wp:featuredmedia":[{"embeddable":true,"href":"https:\/\/mercadovivoagroecologia.cl\/wprod\/wp-json\/wp\/v2\/media\/104675"}],"wp:attachment":[{"href":"https:\/\/mercadovivoagroecologia.cl\/wprod\/wp-json\/wp\/v2\/media?parent=104685"}],"wp:term":[{"taxonomy":"product_brand","embeddable":true,"href":"https:\/\/mercadovivoagroecologia.cl\/wprod\/wp-json\/wp\/v2\/product_brand?post=104685"},{"taxonomy":"product_cat","embeddable":true,"href":"https:\/\/mercadovivoagroecologia.cl\/wprod\/wp-json\/wp\/v2\/product_cat?post=104685"},{"taxonomy":"product_tag","embeddable":true,"href":"https:\/\/mercadovivoagroecologia.cl\/wprod\/wp-json\/wp\/v2\/product_tag?post=104685"}],"curies":[{"name":"wp","href":"https:\/\/api.w.org\/{rel}","templated":true}]}}