{"id":104647,"date":"2025-05-13T19:45:18","date_gmt":"2025-05-13T19:45:18","guid":{"rendered":"https:\/\/mercadovivoagroecologia.cl\/wprod\/?post_type=product&#038;p=104647"},"modified":"2026-03-27T13:51:50","modified_gmt":"2026-03-27T13:51:50","slug":"semillas-de-menta-mix","status":"publish","type":"product","link":"https:\/\/mercadovivoagroecologia.cl\/wprod\/producto\/semillas-de-menta-mix\/","title":{"rendered":"Semillas de Menta Mix"},"content":{"rendered":"<p>Este mix trae las siguientes variedades de menta: Suaveolens (peluda), peromoto y Hierba buena.<\/p>\n<p>La menta es unas de las hierbas arom\u00e1ticas mas conocidas, sus hojas se toman en infusi\u00f3n para afecciones estomacales. Tambi\u00e9n se usa para diferentes preparaciones culinarias.<\/p>\n<p>Es una planta perenne, f\u00e1cil de cultivar. Necesita bastante espacio, y se debe tener cuidado en donde se planta de manera definitiva, ya que suele ser invasiva. Se recomienda plantar en los bordes del huerto, invernaderos o rejas, donde atraer\u00e1 a insectos beneficiosos y repeler\u00e1 a los que pueden hacer da\u00f1o en tu huerto.<\/p>\n<p>Se reproduce por semillas y estolones (esquejes), y crece bien todo el a\u00f1o.<\/p>\n<p>Se recomienda hacer podas para el rejuvenecimiento de la planta, luego que esta da su floraci\u00f3n y semillas en primavera y verano.<\/p>\n<p><em>Se recomienda sembrar las semillas lo m\u00e1s cercano a la superficie del suelo o bandeja almaciguera y tapar con una ligera capa de tierra o sustrato, ya que las semillas de hierbas medicinales, requieren suficiente luz solar para germinar. El riego debe ser por lluvia suave o aspersi\u00f3n.\u00a0<\/em><\/p>\n","protected":false},"excerpt":{"rendered":"<p><strong>Nombre Cient\u00edfico:\u00a0<\/strong>Mentha<\/p>\n<p><strong>Familia:\u00a0<\/strong>Lamiaceae<\/p>\n<p><strong>Siembra:\u00a0<\/strong>Todo el a\u00f1o (recomendado de Septiembre a Noviembre)<\/p>\n<p><strong>Cantidad de semillas:\u00a0<\/strong>0,5 gr por sobre<\/p>\n","protected":false},"featured_media":104598,"comment_status":"open","ping_status":"closed","template":"","meta":[],"product_brand":[],"product_cat":[102,144],"product_tag":[],"class_list":{"0":"post-104647","1":"product","2":"type-product","3":"status-publish","4":"has-post-thumbnail","6":"product_cat-mix-de-semillas","7":"product_cat-aromaticas-y-especias","9":"first","10":"instock","11":"taxable","12":"shipping-taxable","13":"purchasable","14":"product-type-simple"},"jetpack_sharing_enabled":true,"_links":{"self":[{"href":"https:\/\/mercadovivoagroecologia.cl\/wprod\/wp-json\/wp\/v2\/product\/104647","targetHints":{"allow":["GET"]}}],"collection":[{"href":"https:\/\/mercadovivoagroecologia.cl\/wprod\/wp-json\/wp\/v2\/product"}],"about":[{"href":"https:\/\/mercadovivoagroecologia.cl\/wprod\/wp-json\/wp\/v2\/types\/product"}],"replies":[{"embeddable":true,"href":"https:\/\/mercadovivoagroecologia.cl\/wprod\/wp-json\/wp\/v2\/comments?post=104647"}],"version-history":[{"count":1,"href":"https:\/\/mercadovivoagroecologia.cl\/wprod\/wp-json\/wp\/v2\/product\/104647\/revisions"}],"predecessor-version":[{"id":104652,"href":"https:\/\/mercadovivoagroecologia.cl\/wprod\/wp-json\/wp\/v2\/product\/104647\/revisions\/104652"}],"wp:featuredmedia":[{"embeddable":true,"href":"https:\/\/mercadovivoagroecologia.cl\/wprod\/wp-json\/wp\/v2\/media\/104598"}],"wp:attachment":[{"href":"https:\/\/mercadovivoagroecologia.cl\/wprod\/wp-json\/wp\/v2\/media?parent=104647"}],"wp:term":[{"taxonomy":"product_brand","embeddable":true,"href":"https:\/\/mercadovivoagroecologia.cl\/wprod\/wp-json\/wp\/v2\/product_brand?post=104647"},{"taxonomy":"product_cat","embeddable":true,"href":"https:\/\/mercadovivoagroecologia.cl\/wprod\/wp-json\/wp\/v2\/product_cat?post=104647"},{"taxonomy":"product_tag","embeddable":true,"href":"https:\/\/mercadovivoagroecologia.cl\/wprod\/wp-json\/wp\/v2\/product_tag?post=104647"}],"curies":[{"name":"wp","href":"https:\/\/api.w.org\/{rel}","templated":true}]}}