{"id":104621,"date":"2025-05-13T19:12:38","date_gmt":"2025-05-13T19:12:38","guid":{"rendered":"https:\/\/mercadovivoagroecologia.cl\/wprod\/?post_type=product&#038;p=104621"},"modified":"2026-03-29T23:19:59","modified_gmt":"2026-03-29T23:19:59","slug":"calendula-pink-surprise","status":"publish","type":"product","link":"https:\/\/mercadovivoagroecologia.cl\/wprod\/producto\/calendula-pink-surprise\/","title":{"rendered":"Cal\u00e9ndula Pink Surprise"},"content":{"rendered":"<p>Esta cal\u00e9ndula es muy especial y exclusiva, lleg\u00f3 a nuestro huerto hace un tiempo y hemos estado conoci\u00e9ndola y aprendiendo de ella.<\/p>\n<p>Tenemos alrededor de 10 plantas de esta variedad, de las cuales todas producen flores diferentes en tama\u00f1o y color, algunas producen flores naranjas oscuras con p\u00e9talos dobles, otras con flor simple, unas mas claras y otras mas especiales con vetas levemente atigradas, otras con tonos rosas, pero lo que nos queda claro, es que el florecer de esta variedad realmente es una sorpresa!! a medida que vas podando y cambia la estaci\u00f3n, crecen nuevas flores y vas descubriendo nuevos colores.<\/p>\n<p>La cal\u00e9ndula es un infaltable en tu huerto ya que cumple la funci\u00f3n de ser un corredor biol\u00f3gico y tambi\u00e9n tiene fines ornamentales.<\/p>\n<p>&nbsp;<\/p>\n","protected":false},"excerpt":{"rendered":"<p><strong>Nombre cient\u00edfico: <\/strong>Calendula officinalis<\/p>\n<p><strong>Familia: <\/strong>Asteracea<\/p>\n<p><strong>Siembra:<\/strong> Siembra directa (Todo el a\u00f1o) \/ Alm\u00e1cigos (primavera).<\/p>\n<p><strong>Cantidad de semillas:<\/strong> 1 gr por sobre<\/p>\n","protected":false},"featured_media":104607,"comment_status":"closed","ping_status":"closed","template":"","meta":[],"product_brand":[],"product_cat":[108],"product_tag":[],"class_list":{"0":"post-104621","1":"product","2":"type-product","3":"status-publish","4":"has-post-thumbnail","6":"product_cat-flores-y-plantas-ornamentales","8":"first","9":"instock","10":"taxable","11":"shipping-taxable","12":"purchasable","13":"product-type-simple"},"jetpack_sharing_enabled":true,"_links":{"self":[{"href":"https:\/\/mercadovivoagroecologia.cl\/wprod\/wp-json\/wp\/v2\/product\/104621","targetHints":{"allow":["GET"]}}],"collection":[{"href":"https:\/\/mercadovivoagroecologia.cl\/wprod\/wp-json\/wp\/v2\/product"}],"about":[{"href":"https:\/\/mercadovivoagroecologia.cl\/wprod\/wp-json\/wp\/v2\/types\/product"}],"replies":[{"embeddable":true,"href":"https:\/\/mercadovivoagroecologia.cl\/wprod\/wp-json\/wp\/v2\/comments?post=104621"}],"version-history":[{"count":1,"href":"https:\/\/mercadovivoagroecologia.cl\/wprod\/wp-json\/wp\/v2\/product\/104621\/revisions"}],"predecessor-version":[{"id":104632,"href":"https:\/\/mercadovivoagroecologia.cl\/wprod\/wp-json\/wp\/v2\/product\/104621\/revisions\/104632"}],"wp:featuredmedia":[{"embeddable":true,"href":"https:\/\/mercadovivoagroecologia.cl\/wprod\/wp-json\/wp\/v2\/media\/104607"}],"wp:attachment":[{"href":"https:\/\/mercadovivoagroecologia.cl\/wprod\/wp-json\/wp\/v2\/media?parent=104621"}],"wp:term":[{"taxonomy":"product_brand","embeddable":true,"href":"https:\/\/mercadovivoagroecologia.cl\/wprod\/wp-json\/wp\/v2\/product_brand?post=104621"},{"taxonomy":"product_cat","embeddable":true,"href":"https:\/\/mercadovivoagroecologia.cl\/wprod\/wp-json\/wp\/v2\/product_cat?post=104621"},{"taxonomy":"product_tag","embeddable":true,"href":"https:\/\/mercadovivoagroecologia.cl\/wprod\/wp-json\/wp\/v2\/product_tag?post=104621"}],"curies":[{"name":"wp","href":"https:\/\/api.w.org\/{rel}","templated":true}]}}