{"id":103774,"date":"2025-04-19T23:47:08","date_gmt":"2025-04-19T23:47:08","guid":{"rendered":"https:\/\/mercadovivoagroecologia.cl\/wprod\/?post_type=product&#038;p=103774"},"modified":"2026-03-27T13:47:30","modified_gmt":"2026-03-27T13:47:30","slug":"rabano-blanco-daikon-fp","status":"publish","type":"product","link":"https:\/\/mercadovivoagroecologia.cl\/wprod\/producto\/rabano-blanco-daikon-fp\/","title":{"rendered":"R\u00e1bano Blanco \u00abDaikon\u00bb FP"},"content":{"rendered":"<p>Tambi\u00e9n es conocido como Nabo o R\u00e1bano blanco Japon\u00e9s.<\/p>\n<p>Su sabor es similar al del repollo, pero con toques ligeramente picante.<\/p>\n<p>Por lo general se consume crudo, en ensaladas.<\/p>\n<p>Es un cultivo sencillo y de auto siembra.<\/p>\n<p>Se recomienda plantar en suelos livianos.<\/p>\n","protected":false},"excerpt":{"rendered":"<p><strong>Nombre Cient\u00edfico: <\/strong>Brassica rapa<\/p>\n<p><strong>Familia: <\/strong>Brasic\u00e1ceas<\/p>\n<p><strong>Siembra: <\/strong>Todo el a\u00f1o.<\/p>\n<p><strong>Cantidad de semillas: <\/strong>0.1 gr por sobre.<\/p>\n","protected":false},"featured_media":97780,"comment_status":"open","ping_status":"closed","template":"","meta":[],"product_brand":[],"product_cat":[155],"product_tag":[],"class_list":{"0":"post-103774","1":"product","2":"type-product","3":"status-publish","4":"has-post-thumbnail","6":"product_cat-sobres-en-formato-economico","8":"first","9":"outofstock","10":"taxable","11":"shipping-taxable","12":"purchasable","13":"product-type-simple"},"jetpack_sharing_enabled":true,"_links":{"self":[{"href":"https:\/\/mercadovivoagroecologia.cl\/wprod\/wp-json\/wp\/v2\/product\/103774","targetHints":{"allow":["GET"]}}],"collection":[{"href":"https:\/\/mercadovivoagroecologia.cl\/wprod\/wp-json\/wp\/v2\/product"}],"about":[{"href":"https:\/\/mercadovivoagroecologia.cl\/wprod\/wp-json\/wp\/v2\/types\/product"}],"replies":[{"embeddable":true,"href":"https:\/\/mercadovivoagroecologia.cl\/wprod\/wp-json\/wp\/v2\/comments?post=103774"}],"version-history":[{"count":1,"href":"https:\/\/mercadovivoagroecologia.cl\/wprod\/wp-json\/wp\/v2\/product\/103774\/revisions"}],"predecessor-version":[{"id":103777,"href":"https:\/\/mercadovivoagroecologia.cl\/wprod\/wp-json\/wp\/v2\/product\/103774\/revisions\/103777"}],"wp:featuredmedia":[{"embeddable":true,"href":"https:\/\/mercadovivoagroecologia.cl\/wprod\/wp-json\/wp\/v2\/media\/97780"}],"wp:attachment":[{"href":"https:\/\/mercadovivoagroecologia.cl\/wprod\/wp-json\/wp\/v2\/media?parent=103774"}],"wp:term":[{"taxonomy":"product_brand","embeddable":true,"href":"https:\/\/mercadovivoagroecologia.cl\/wprod\/wp-json\/wp\/v2\/product_brand?post=103774"},{"taxonomy":"product_cat","embeddable":true,"href":"https:\/\/mercadovivoagroecologia.cl\/wprod\/wp-json\/wp\/v2\/product_cat?post=103774"},{"taxonomy":"product_tag","embeddable":true,"href":"https:\/\/mercadovivoagroecologia.cl\/wprod\/wp-json\/wp\/v2\/product_tag?post=103774"}],"curies":[{"name":"wp","href":"https:\/\/api.w.org\/{rel}","templated":true}]}}