{"id":103622,"date":"2025-04-19T05:33:22","date_gmt":"2025-04-19T05:33:22","guid":{"rendered":"https:\/\/mercadovivoagroecologia.cl\/wprod\/?post_type=product&#038;p=103622"},"modified":"2026-03-27T15:09:01","modified_gmt":"2026-03-27T15:09:01","slug":"semillas-de-hierba-del-pano-de-jardin-fp","status":"publish","type":"product","link":"https:\/\/mercadovivoagroecologia.cl\/wprod\/producto\/semillas-de-hierba-del-pano-de-jardin-fp\/","title":{"rendered":"Semillas de Hierba del Pa\u00f1o de jard\u00edn FP"},"content":{"rendered":"<p>Esta variedad de Hierba del Pa\u00f1o es ideal para jardines, es baja y tiene h\u00e1bito de crecimiento rastrero.<\/p>\n<p>Planta que requiere muy pocos cuidados, ya que es muy resistente.<\/p>\n<p>Crece bien en exteriores y a pleno sol, no es sensible a las heladas.<\/p>\n<p>La hoja es bastante suave y esponjosa, similar a un pa\u00f1o, de ah\u00ed su nombre.<\/p>\n<p><em>Se recomienda sembrar las semillas lo m\u00e1s cercano a la superficie del suelo o bandeja almaciguera y tapar con una ligera capa de tierra o sustrato, ya que las semillas de hierbas medicinales, requieren suficiente luz solar para germinar. El riego debe ser por lluvia suave o aspersi\u00f3n.\u00a0<\/em><\/p>\n","protected":false},"excerpt":{"rendered":"<p><strong>Nombre Cient\u00edfico:<\/strong> Verbascum thapsus<\/p>\n<p><strong>Familia: <\/strong>Scrophulariaceae<\/p>\n<p><strong>Siembra:\u00a0<\/strong>Primavera<\/p>\n<p><strong>Cantidad de semillas:\u00a0<\/strong>0.1 gr por sobre<\/p>\n<p><strong>Otros nombres:<\/strong> Verbasco\u00a0o gordolobo<\/p>\n","protected":false},"featured_media":103607,"comment_status":"open","ping_status":"closed","template":"","meta":[],"product_brand":[],"product_cat":[155],"product_tag":[],"class_list":{"0":"post-103622","1":"product","2":"type-product","3":"status-publish","4":"has-post-thumbnail","6":"product_cat-sobres-en-formato-economico","8":"first","9":"instock","10":"taxable","11":"shipping-taxable","12":"purchasable","13":"product-type-simple"},"jetpack_sharing_enabled":true,"_links":{"self":[{"href":"https:\/\/mercadovivoagroecologia.cl\/wprod\/wp-json\/wp\/v2\/product\/103622","targetHints":{"allow":["GET"]}}],"collection":[{"href":"https:\/\/mercadovivoagroecologia.cl\/wprod\/wp-json\/wp\/v2\/product"}],"about":[{"href":"https:\/\/mercadovivoagroecologia.cl\/wprod\/wp-json\/wp\/v2\/types\/product"}],"replies":[{"embeddable":true,"href":"https:\/\/mercadovivoagroecologia.cl\/wprod\/wp-json\/wp\/v2\/comments?post=103622"}],"version-history":[{"count":1,"href":"https:\/\/mercadovivoagroecologia.cl\/wprod\/wp-json\/wp\/v2\/product\/103622\/revisions"}],"predecessor-version":[{"id":103625,"href":"https:\/\/mercadovivoagroecologia.cl\/wprod\/wp-json\/wp\/v2\/product\/103622\/revisions\/103625"}],"wp:featuredmedia":[{"embeddable":true,"href":"https:\/\/mercadovivoagroecologia.cl\/wprod\/wp-json\/wp\/v2\/media\/103607"}],"wp:attachment":[{"href":"https:\/\/mercadovivoagroecologia.cl\/wprod\/wp-json\/wp\/v2\/media?parent=103622"}],"wp:term":[{"taxonomy":"product_brand","embeddable":true,"href":"https:\/\/mercadovivoagroecologia.cl\/wprod\/wp-json\/wp\/v2\/product_brand?post=103622"},{"taxonomy":"product_cat","embeddable":true,"href":"https:\/\/mercadovivoagroecologia.cl\/wprod\/wp-json\/wp\/v2\/product_cat?post=103622"},{"taxonomy":"product_tag","embeddable":true,"href":"https:\/\/mercadovivoagroecologia.cl\/wprod\/wp-json\/wp\/v2\/product_tag?post=103622"}],"curies":[{"name":"wp","href":"https:\/\/api.w.org\/{rel}","templated":true}]}}