{"id":103594,"date":"2025-04-19T04:55:14","date_gmt":"2025-04-19T04:55:14","guid":{"rendered":"https:\/\/mercadovivoagroecologia.cl\/wprod\/?post_type=product&#038;p=103594"},"modified":"2026-03-27T13:36:10","modified_gmt":"2026-03-27T13:36:10","slug":"lechuga-tango-roja-fp","status":"publish","type":"product","link":"https:\/\/mercadovivoagroecologia.cl\/wprod\/producto\/lechuga-tango-roja-fp\/","title":{"rendered":"Lechuga Tango roja FP"},"content":{"rendered":"<p>Variedad de lechuga de hojas rizadas, de textura crujiente. Puede llegar a crecer de gran tama\u00f1o.<\/p>\n<p>Cultivo que se puede sembrar todo el a\u00f1o.<\/p>\n<p>Se adapta bien a diferentes tipos de suelos y climas.<\/p>\n<p>Es de r\u00e1pida germinaci\u00f3n y se puede cosechar el fruto luego de 30 a 70 d\u00edas luego del trasplante.<\/p>\n","protected":false},"excerpt":{"rendered":"<p><strong>Nombre cient\u00edfico: <\/strong>Lactuca sativa<\/p>\n<p><strong>Familia: <\/strong>Asteraceae<\/p>\n<p><strong>Temporada se siembra: <\/strong>Todo el a\u00f1o.<\/p>\n<p><strong>Cantidad de semillas: <\/strong>0,1 gr por sobre.<\/p>\n","protected":false},"featured_media":103585,"comment_status":"closed","ping_status":"closed","template":"","meta":[],"product_brand":[],"product_cat":[155],"product_tag":[],"class_list":{"0":"post-103594","1":"product","2":"type-product","3":"status-publish","4":"has-post-thumbnail","6":"product_cat-sobres-en-formato-economico","8":"first","9":"instock","10":"taxable","11":"shipping-taxable","12":"purchasable","13":"product-type-simple"},"jetpack_sharing_enabled":true,"_links":{"self":[{"href":"https:\/\/mercadovivoagroecologia.cl\/wprod\/wp-json\/wp\/v2\/product\/103594","targetHints":{"allow":["GET"]}}],"collection":[{"href":"https:\/\/mercadovivoagroecologia.cl\/wprod\/wp-json\/wp\/v2\/product"}],"about":[{"href":"https:\/\/mercadovivoagroecologia.cl\/wprod\/wp-json\/wp\/v2\/types\/product"}],"replies":[{"embeddable":true,"href":"https:\/\/mercadovivoagroecologia.cl\/wprod\/wp-json\/wp\/v2\/comments?post=103594"}],"version-history":[{"count":1,"href":"https:\/\/mercadovivoagroecologia.cl\/wprod\/wp-json\/wp\/v2\/product\/103594\/revisions"}],"predecessor-version":[{"id":103597,"href":"https:\/\/mercadovivoagroecologia.cl\/wprod\/wp-json\/wp\/v2\/product\/103594\/revisions\/103597"}],"wp:featuredmedia":[{"embeddable":true,"href":"https:\/\/mercadovivoagroecologia.cl\/wprod\/wp-json\/wp\/v2\/media\/103585"}],"wp:attachment":[{"href":"https:\/\/mercadovivoagroecologia.cl\/wprod\/wp-json\/wp\/v2\/media?parent=103594"}],"wp:term":[{"taxonomy":"product_brand","embeddable":true,"href":"https:\/\/mercadovivoagroecologia.cl\/wprod\/wp-json\/wp\/v2\/product_brand?post=103594"},{"taxonomy":"product_cat","embeddable":true,"href":"https:\/\/mercadovivoagroecologia.cl\/wprod\/wp-json\/wp\/v2\/product_cat?post=103594"},{"taxonomy":"product_tag","embeddable":true,"href":"https:\/\/mercadovivoagroecologia.cl\/wprod\/wp-json\/wp\/v2\/product_tag?post=103594"}],"curies":[{"name":"wp","href":"https:\/\/api.w.org\/{rel}","templated":true}]}}