{"id":103473,"date":"2025-04-16T17:02:38","date_gmt":"2025-04-16T17:02:38","guid":{"rendered":"https:\/\/mercadovivoagroecologia.cl\/wprod\/?post_type=product&#038;p=103473"},"modified":"2026-03-31T18:18:02","modified_gmt":"2026-03-31T18:18:02","slug":"petunias-colores-variados-fp","status":"publish","type":"product","link":"https:\/\/mercadovivoagroecologia.cl\/wprod\/producto\/petunias-colores-variados-fp\/","title":{"rendered":"Petunias colores variados FP"},"content":{"rendered":"<p>Planta de exterior, originaria de Sudam\u00e9rica.<\/p>\n<p>Si te gustan mucho las flores, esta variedad es uno de los infaltables en tu huerto, ya que se caracteriza por producir flores de manera muy abundante, para esto, es ideal que sea plantada a sol directo, aunque nosotros probamos su cultivo en invernadero donde tiene semi\/sombra y tuvo buenos resultados.<\/p>\n<p>El \u00fanico cuidado que debes darle es que nunca le falte riego, para que as\u00ed no cese la producci\u00f3n de flores, la cual se puede extender desde primavera hasta oto\u00f1o.<\/p>\n<p>La planta es peque\u00f1a, puede alcanzar los 20 cm aprox, tiene hojas son alargadas, vellosas y con una sustancia pegajosa, que a veces hace mas dif\u00edcil la extracci\u00f3n de semillas.<\/p>\n<p>En climas c\u00e1lidos, la Petunia puede vivir de 2 a 3 a\u00f1os en tu huerto.<\/p>\n<p>&nbsp;<\/p>\n","protected":false},"excerpt":{"rendered":"<p><strong>Nombre cient\u00edfico: <\/strong>Petunia spp.<\/p>\n<p><strong>Familia: <\/strong>Solanaceae<\/p>\n<p><strong>Siembra:<\/strong> Primavera<\/p>\n<p><strong>Cantidad de semillas:<\/strong> 0,1 gr sobre<\/p>\n<p><strong>Caracter\u00edsticas:<\/strong>\u00a0 Bajo mantenimiento.<\/p>\n","protected":false},"featured_media":103467,"comment_status":"closed","ping_status":"closed","template":"","meta":[],"product_brand":[],"product_cat":[155],"product_tag":[],"class_list":{"0":"post-103473","1":"product","2":"type-product","3":"status-publish","4":"has-post-thumbnail","6":"product_cat-sobres-en-formato-economico","8":"first","9":"instock","10":"taxable","11":"shipping-taxable","12":"purchasable","13":"product-type-simple"},"jetpack_sharing_enabled":true,"_links":{"self":[{"href":"https:\/\/mercadovivoagroecologia.cl\/wprod\/wp-json\/wp\/v2\/product\/103473","targetHints":{"allow":["GET"]}}],"collection":[{"href":"https:\/\/mercadovivoagroecologia.cl\/wprod\/wp-json\/wp\/v2\/product"}],"about":[{"href":"https:\/\/mercadovivoagroecologia.cl\/wprod\/wp-json\/wp\/v2\/types\/product"}],"replies":[{"embeddable":true,"href":"https:\/\/mercadovivoagroecologia.cl\/wprod\/wp-json\/wp\/v2\/comments?post=103473"}],"version-history":[{"count":1,"href":"https:\/\/mercadovivoagroecologia.cl\/wprod\/wp-json\/wp\/v2\/product\/103473\/revisions"}],"predecessor-version":[{"id":103474,"href":"https:\/\/mercadovivoagroecologia.cl\/wprod\/wp-json\/wp\/v2\/product\/103473\/revisions\/103474"}],"wp:featuredmedia":[{"embeddable":true,"href":"https:\/\/mercadovivoagroecologia.cl\/wprod\/wp-json\/wp\/v2\/media\/103467"}],"wp:attachment":[{"href":"https:\/\/mercadovivoagroecologia.cl\/wprod\/wp-json\/wp\/v2\/media?parent=103473"}],"wp:term":[{"taxonomy":"product_brand","embeddable":true,"href":"https:\/\/mercadovivoagroecologia.cl\/wprod\/wp-json\/wp\/v2\/product_brand?post=103473"},{"taxonomy":"product_cat","embeddable":true,"href":"https:\/\/mercadovivoagroecologia.cl\/wprod\/wp-json\/wp\/v2\/product_cat?post=103473"},{"taxonomy":"product_tag","embeddable":true,"href":"https:\/\/mercadovivoagroecologia.cl\/wprod\/wp-json\/wp\/v2\/product_tag?post=103473"}],"curies":[{"name":"wp","href":"https:\/\/api.w.org\/{rel}","templated":true}]}}