{"id":103417,"date":"2025-04-16T15:09:34","date_gmt":"2025-04-16T15:09:34","guid":{"rendered":"https:\/\/mercadovivoagroecologia.cl\/wprod\/?post_type=product&#038;p=103417"},"modified":"2026-03-27T13:25:24","modified_gmt":"2026-03-27T13:25:24","slug":"arveja-spring-blush-fp","status":"publish","type":"product","link":"https:\/\/mercadovivoagroecologia.cl\/wprod\/producto\/arveja-spring-blush-fp\/","title":{"rendered":"Arveja Spring Blush FP"},"content":{"rendered":"<p>Variedad de planta alta vigorosa, de productividad media.<\/p>\n<p>El capi tiene la particularidad de ser verde con tintes color frambuesas, que la hacen una arveja muy decorativa para tu huerto.<\/p>\n<p><em>El cultivo de arvejas se recomienda hacer a trav\u00e9s de siembra directa, aunque tambi\u00e9n se da bien de alm\u00e1cigo. Se planta en exterior y puede soportar bajas temperaturas.<\/em><\/p>\n<p><em>La distancia de siembra entre plantas es de 15 a 20 cm.\u00a0<\/em><\/p>\n<p><strong><em>La semilla se entrega con tierra de diatomeas en su superficie para protegerla de plagas.<\/em><\/strong><\/p>\n","protected":false},"excerpt":{"rendered":"<p><strong>Nombre cient\u00edfico: <\/strong>Pisum sativum<\/p>\n<p><strong>Familia:\u00a0<\/strong>Fabaceae<\/p>\n<p><strong>Temporada de siembra:<\/strong>\u00a0Oto\u00f1o\/Invierno<\/p>\n<p><strong>Cantidad<\/strong>: 5 semillas por sobre.<\/p>\n","protected":false},"featured_media":103373,"comment_status":"closed","ping_status":"closed","template":"","meta":[],"product_brand":[],"product_cat":[155],"product_tag":[],"class_list":{"0":"post-103417","1":"product","2":"type-product","3":"status-publish","4":"has-post-thumbnail","6":"product_cat-sobres-en-formato-economico","8":"first","9":"outofstock","10":"featured","11":"purchasable","12":"product-type-simple"},"jetpack_sharing_enabled":true,"_links":{"self":[{"href":"https:\/\/mercadovivoagroecologia.cl\/wprod\/wp-json\/wp\/v2\/product\/103417","targetHints":{"allow":["GET"]}}],"collection":[{"href":"https:\/\/mercadovivoagroecologia.cl\/wprod\/wp-json\/wp\/v2\/product"}],"about":[{"href":"https:\/\/mercadovivoagroecologia.cl\/wprod\/wp-json\/wp\/v2\/types\/product"}],"replies":[{"embeddable":true,"href":"https:\/\/mercadovivoagroecologia.cl\/wprod\/wp-json\/wp\/v2\/comments?post=103417"}],"version-history":[{"count":1,"href":"https:\/\/mercadovivoagroecologia.cl\/wprod\/wp-json\/wp\/v2\/product\/103417\/revisions"}],"predecessor-version":[{"id":103418,"href":"https:\/\/mercadovivoagroecologia.cl\/wprod\/wp-json\/wp\/v2\/product\/103417\/revisions\/103418"}],"wp:featuredmedia":[{"embeddable":true,"href":"https:\/\/mercadovivoagroecologia.cl\/wprod\/wp-json\/wp\/v2\/media\/103373"}],"wp:attachment":[{"href":"https:\/\/mercadovivoagroecologia.cl\/wprod\/wp-json\/wp\/v2\/media?parent=103417"}],"wp:term":[{"taxonomy":"product_brand","embeddable":true,"href":"https:\/\/mercadovivoagroecologia.cl\/wprod\/wp-json\/wp\/v2\/product_brand?post=103417"},{"taxonomy":"product_cat","embeddable":true,"href":"https:\/\/mercadovivoagroecologia.cl\/wprod\/wp-json\/wp\/v2\/product_cat?post=103417"},{"taxonomy":"product_tag","embeddable":true,"href":"https:\/\/mercadovivoagroecologia.cl\/wprod\/wp-json\/wp\/v2\/product_tag?post=103417"}],"curies":[{"name":"wp","href":"https:\/\/api.w.org\/{rel}","templated":true}]}}