{"id":103412,"date":"2025-04-16T14:59:15","date_gmt":"2025-04-16T14:59:15","guid":{"rendered":"https:\/\/mercadovivoagroecologia.cl\/wprod\/?post_type=product&#038;p=103412"},"modified":"2026-03-27T13:25:24","modified_gmt":"2026-03-27T13:25:24","slug":"arveja-tigre-fp","status":"publish","type":"product","link":"https:\/\/mercadovivoagroecologia.cl\/wprod\/producto\/arveja-tigre-fp\/","title":{"rendered":"Arveja Tigre FP"},"content":{"rendered":"<p>Esta variedad de grano atigrado, es de la familia de las arvejas \u00abSinhilas\u00bb, que tambi\u00e9n se conocen como<em>\u00a0\u00abcome todo\u00bb,\u00a0<\/em>ya que su caracter\u00edstica principal es que el capi o vaina se come completo cuando est\u00e1 tierno, debido a que no tiene hilo.<\/p>\n<p>Este se puede consumir cocido en ensalada y en guisos o sopas.<\/p>\n<p><em>El cultivo de arvejas se recomienda hacer a trav\u00e9s de siembra directa, aunque tambi\u00e9n se da bien de alm\u00e1cigo. Se planta en exterior y puede soportar bajas temperaturas.<\/em><\/p>\n<p><em>La distancia de siembra entre plantas es de 15 a 20 cm.\u00a0<\/em><\/p>\n<p><strong><em>La semilla se entrega con tierra de diatomeas en su superficie para protegerla de plagas.<\/em><\/strong><\/p>\n","protected":false},"excerpt":{"rendered":"<p><strong>Nombre cient\u00edfico:\u00a0<\/strong>Pisum sativum<\/p>\n<p><strong>Familia:\u00a0<\/strong>Fabaceae<\/p>\n<p><strong>Temporada de siembra:<\/strong>\u00a0Oto\u00f1o\/Invierno<\/p>\n<p><strong>Cantidad<\/strong>: 8 semillas por sobre.<\/p>\n","protected":false},"featured_media":91389,"comment_status":"closed","ping_status":"closed","template":"","meta":[],"product_brand":[],"product_cat":[155],"product_tag":[],"class_list":{"0":"post-103412","1":"product","2":"type-product","3":"status-publish","4":"has-post-thumbnail","6":"product_cat-sobres-en-formato-economico","8":"first","9":"instock","10":"featured","11":"taxable","12":"shipping-taxable","13":"purchasable","14":"product-type-simple"},"jetpack_sharing_enabled":true,"_links":{"self":[{"href":"https:\/\/mercadovivoagroecologia.cl\/wprod\/wp-json\/wp\/v2\/product\/103412","targetHints":{"allow":["GET"]}}],"collection":[{"href":"https:\/\/mercadovivoagroecologia.cl\/wprod\/wp-json\/wp\/v2\/product"}],"about":[{"href":"https:\/\/mercadovivoagroecologia.cl\/wprod\/wp-json\/wp\/v2\/types\/product"}],"replies":[{"embeddable":true,"href":"https:\/\/mercadovivoagroecologia.cl\/wprod\/wp-json\/wp\/v2\/comments?post=103412"}],"version-history":[{"count":1,"href":"https:\/\/mercadovivoagroecologia.cl\/wprod\/wp-json\/wp\/v2\/product\/103412\/revisions"}],"predecessor-version":[{"id":103413,"href":"https:\/\/mercadovivoagroecologia.cl\/wprod\/wp-json\/wp\/v2\/product\/103412\/revisions\/103413"}],"wp:featuredmedia":[{"embeddable":true,"href":"https:\/\/mercadovivoagroecologia.cl\/wprod\/wp-json\/wp\/v2\/media\/91389"}],"wp:attachment":[{"href":"https:\/\/mercadovivoagroecologia.cl\/wprod\/wp-json\/wp\/v2\/media?parent=103412"}],"wp:term":[{"taxonomy":"product_brand","embeddable":true,"href":"https:\/\/mercadovivoagroecologia.cl\/wprod\/wp-json\/wp\/v2\/product_brand?post=103412"},{"taxonomy":"product_cat","embeddable":true,"href":"https:\/\/mercadovivoagroecologia.cl\/wprod\/wp-json\/wp\/v2\/product_cat?post=103412"},{"taxonomy":"product_tag","embeddable":true,"href":"https:\/\/mercadovivoagroecologia.cl\/wprod\/wp-json\/wp\/v2\/product_tag?post=103412"}],"curies":[{"name":"wp","href":"https:\/\/api.w.org\/{rel}","templated":true}]}}